{"id":96,"date":"2024-02-27T10:55:50","date_gmt":"2024-02-27T10:55:50","guid":{"rendered":"https:\/\/elyapimitablo.com\/tr\/urun\/zsk-gunbatiminda-gemi-reproduksiyon-yagliboya-tablo-oil-painting-on-canvas-30x30-cm\/"},"modified":"2025-07-08T06:26:03","modified_gmt":"2025-07-08T06:26:03","slug":"zsk-gunbatiminda-gemi-reproduksiyon-yagliboya-tablo-oil-painting-on-canvas-30x30-cm","status":"publish","type":"product","link":"https:\/\/elyapimitablo.com\/tr\/urun\/zsk-gunbatiminda-gemi-reproduksiyon-yagliboya-tablo-oil-painting-on-canvas-30x30-cm\/","title":{"rendered":"ZSK | &#8220;G\u00fcnbat\u0131m\u0131nda Gemi&#8221; Reprod\u00fcksiyon Ya\u011fl\u0131boya Tablo"},"content":{"rendered":"<p>ZSK | &#8220;G\u00fcnbat\u0131m\u0131nda Gemi&#8221; Reprod\u00fcksiyon Ya\u011fl\u0131boya Tablo<\/p>\n<p>Diyarbak\u0131rl\u0131 Tahsin Siret Bey\u2019 in, \u201cG\u00fcnbat\u0131m\u0131nda Gemi\u201d isimli tablosunun replikas\u0131d\u0131r. \u00d6l\u00e7\u00fcler 30&#215;30 cm.<br \/>\nRessam Zeliha Say\u0131l\u0131 K\u00fc\u00e7\u00fck imzal\u0131.<\/p>\n<p>Tahsin Siret Bey (1887-1968), T\u00fcrk ressam ve sanat e\u011fitimcisi olarak bilinen \u00f6nemli bir sanat\u00e7\u0131d\u0131r. Aslen Diyarbak\u0131rl\u0131 olan Tahsin Siret, T\u00fcrk resim sanat\u0131n\u0131n geli\u015fiminde etkili olmu\u015f ve T\u00fcrk modern resminin \u00f6nc\u00fclerinden biri olarak kabul edilmi\u015ftir.<\/p>\n<p>Tahsin Siret Bey, 1910 y\u0131l\u0131nda \u0130stanbul G\u00fczel Sanatlar Akademisi&#8217;ne (\u015fu anki ad\u0131yla Mimar Sinan G\u00fczel Sanatlar \u00dcniversitesi) girerek e\u011fitimine ba\u015flam\u0131\u015f ve 1913 y\u0131l\u0131nda Paris&#8217;e g\u00f6nderilerek \u00c9cole des Beaux-Arts&#8217;ta \u00f6\u011frenim g\u00f6rm\u00fc\u015ft\u00fcr. Paris&#8217;te kald\u0131\u011f\u0131 d\u00f6nemde Avrupa sanat\u0131n\u0131 tan\u0131ma ve modernist ak\u0131mlardan etkilenme f\u0131rsat\u0131 bulmu\u015ftur.<\/p>\n<p>1918 y\u0131l\u0131nda T\u00fcrkiye&#8217;ye d\u00f6nd\u00fckten sonra \u0130stanbul G\u00fczel Sanatlar Akademisi&#8217;nde e\u011fitimci olarak g\u00f6reve ba\u015flam\u0131\u015f ve uzun y\u0131llar boyunca bir\u00e7ok sanat\u00e7\u0131n\u0131n yeti\u015fmesine katk\u0131da bulunmu\u015ftur. Kendi d\u00f6neminde modern ve bat\u0131l\u0131 tarzda \u00e7al\u0131\u015fan bir\u00e7ok ressam yeti\u015ftirmi\u015ftir.<\/p>\n<p>Tahsin Siret Bey&#8217;in eserleri, d\u00f6neminin etkisini ta\u015f\u0131rken ayn\u0131 zamanda kendi tarz\u0131n\u0131 da yans\u0131tmaktad\u0131r. Genellikle nat\u00fcrmort (nesne resmi) ve manzara konular\u0131n\u0131 i\u015flemi\u015ftir. Ressam\u0131n eserleri, T\u00fcrk resim sanat\u0131n\u0131n geli\u015fimine katk\u0131da bulunan \u00f6nemli koleksiyonlarda ve m\u00fczelerde sergilenmektedir.<\/p>\n<p>Onun sanat kariyeri boyunca sergiledi\u011fi eserler ve e\u011fitim alan\u0131nda yapt\u0131\u011f\u0131 \u00e7al\u0131\u015fmalar T\u00fcrk resim sanat\u0131n\u0131n geli\u015fimine \u00f6nemli bir katk\u0131 yapm\u0131\u015f ve T\u00fcrk resim sanat\u0131n\u0131n d\u00f6n\u00fcm noktalar\u0131ndan birini olu\u015fturmu\u015ftur.<\/p>\n<p>&nbsp;<\/p>\n<p>* Ressam Zeliha Say\u0131l\u0131 K\u00fc\u00e7\u00fck imzal\u0131 %100 el yap\u0131m\u0131<\/p>\n<p>* Nakliye fiyata dahildir.<\/p>\n<p>* \u00c7er\u00e7eve fiyat\u0131 se\u00e7ime g\u00f6re de\u011fi\u015fmekte, fiyata dahil de\u011fildir.<\/p>\n<p>* Uzun \u00f6m\u00fcrl\u00fcd\u00fcr renkler solmaz 5+ y\u0131l.<\/p>\n<p>* PVC \u00fczerine seri \u00fcretim makine bask\u0131s\u0131 tablo sat\u0131\u015f\u0131m\u0131z yoktur. T\u00fcm resimlerimiz %100 el yap\u0131m\u0131 tuval bezi \u00fczerine 1. kalite ya\u011fl\u0131boyad\u0131r.<\/p>\n<p>* Tablonun tamam\u0131 el yap\u0131m\u0131; tuval bezi \u00fczerine spatula ve f\u0131r\u00e7a ile boyama tekni\u011fi ile yap\u0131lm\u0131\u015ft\u0131r, piyasada k\u0131s\u0131tl\u0131 bir par\u00e7as\u0131 ressam taraf\u0131ndan boyanan k\u0131sm\u0131 makine taraf\u0131ndan bas\u0131lan tablolar ile k\u0131yaslamay\u0131n\u0131z.<\/p>\n<p>* Sertifikal\u0131, yat\u0131r\u0131m i\u00e7in uygundur.<\/p>\n<p>* 3 ve \u00fczeri \u00e7oklu al\u0131mlar i\u00e7in \u00f6zel fiyat alabilirsiniz.<\/p>\n<p>Ev ve ofis dekorasyonunda kullanabilece\u011finiz reprod\u00fcksiyon \u00f6zel tasar\u0131m tablolar i\u00e7in di\u011fer tablolar\u0131m\u0131z\u0131 inceleyin. \u00c7ok b\u00fcy\u00fck ebat tablo sipari\u015fleriniz adresinizde teslim ve adresinizde montaj hizmeti ile teslim edilir, \u00f6zel boyutlu resimler i\u00e7in bilgi al\u0131n\u0131z.<\/p>\n<p>\u00d6zel portre ve \u00f6zel ya\u011fl\u0131boya tablo talepleriniz i\u00e7in ileti\u015fim b\u00f6l\u00fcm\u00fcnden bilgi alabilirsiniz.<\/p>\n<p>\u00dcnl\u00fc ressamlar\u0131n reprod\u00fcksiyon resimleri i\u00e7in fiyat al\u0131n\u0131z<\/p>\n<p>https:\/\/404.net.tr\/bestpainters\/ adresinden eski ressamlar\u0131n tablolar\u0131n\u0131 inceleyebilirsiniz.<\/p>\n<p>Ki\u015fiye \u00f6zel bir hediye deneyimi i\u00e7in https:\/\/www.elyapimihediye.com.tr sitemizi incelemeyi unutmay\u0131n.<\/p>\n<p>&nbsp;<\/p>\n<p>&nbsp;<\/p>\n","protected":false},"excerpt":{"rendered":"<p>ZSK | &#8220;G\u00fcnbat\u0131m\u0131nda Gemi&#8221; Reprod\u00fcksiyon Ya\u011fl\u0131boya Tablo Diyarbak\u0131rl\u0131 Tahsin Siret Bey\u2019 in, \u201cG\u00fcnbat\u0131m\u0131nda Gemi\u201d isimli tablosunun replikas\u0131d\u0131r. \u00d6l\u00e7\u00fcler 30&#215;30 cm. Ressam Zeliha Say\u0131l\u0131 K\u00fc\u00e7\u00fck imzal\u0131. Tahsin Siret Bey (1887-1968), T\u00fcrk ressam ve sanat e\u011fitimcisi olarak bilinen \u00f6nemli bir sanat\u00e7\u0131d\u0131r. Aslen Diyarbak\u0131rl\u0131 olan Tahsin Siret, T\u00fcrk resim sanat\u0131n\u0131n geli\u015fiminde etkili olmu\u015f ve T\u00fcrk modern resminin \u00f6nc\u00fclerinden [&hellip;]<\/p>\n","protected":false},"featured_media":2482,"template":"","meta":[],"product_brand":[],"product_cat":[66,78,64],"product_tag":[112],"class_list":{"0":"post-96","1":"product","2":"type-product","3":"status-publish","4":"has-post-thumbnail","6":"product_cat-hediyelik-tablo","7":"product_cat-reproduksiyon-yagliboya-tablo","8":"product_cat-tum-yagliboya-tablolar","9":"product_tag-diyarbakirli-tahsin-siret-bey","11":"first","12":"instock","13":"shipping-taxable","14":"purchasable","15":"product-type-simple"},"_links":{"self":[{"href":"https:\/\/elyapimitablo.com\/tr\/wp-json\/wp\/v2\/product\/96","targetHints":{"allow":["GET"]}}],"collection":[{"href":"https:\/\/elyapimitablo.com\/tr\/wp-json\/wp\/v2\/product"}],"about":[{"href":"https:\/\/elyapimitablo.com\/tr\/wp-json\/wp\/v2\/types\/product"}],"wp:featuredmedia":[{"embeddable":true,"href":"https:\/\/elyapimitablo.com\/tr\/wp-json\/wp\/v2\/media\/2482"}],"wp:attachment":[{"href":"https:\/\/elyapimitablo.com\/tr\/wp-json\/wp\/v2\/media?parent=96"}],"wp:term":[{"taxonomy":"product_brand","embeddable":true,"href":"https:\/\/elyapimitablo.com\/tr\/wp-json\/wp\/v2\/product_brand?post=96"},{"taxonomy":"product_cat","embeddable":true,"href":"https:\/\/elyapimitablo.com\/tr\/wp-json\/wp\/v2\/product_cat?post=96"},{"taxonomy":"product_tag","embeddable":true,"href":"https:\/\/elyapimitablo.com\/tr\/wp-json\/wp\/v2\/product_tag?post=96"}],"curies":[{"name":"wp","href":"https:\/\/api.w.org\/{rel}","templated":true}]}}