{"id":94,"date":"2024-02-27T10:55:49","date_gmt":"2024-02-27T10:55:49","guid":{"rendered":"https:\/\/elyapimitablo.com\/tr\/urun\/zsk-osman-hamdi-bey-kaplumbaga-terbiyecisi-reproduksiyon-yagliboya-tablo-oil-painting-on-canvas\/"},"modified":"2026-01-20T07:44:22","modified_gmt":"2026-01-20T07:44:22","slug":"zsk-osman-hamdi-bey-kaplumbaga-terbiyecisi-reproduksiyon-yagliboya-tablo-oil-painting-on-canvas","status":"publish","type":"product","link":"https:\/\/elyapimitablo.com\/tr\/urun\/zsk-osman-hamdi-bey-kaplumbaga-terbiyecisi-reproduksiyon-yagliboya-tablo-oil-painting-on-canvas\/","title":{"rendered":"ZSK | Osman Hamdi Bey Kaplumba\u011fa Terbiyecisi Reprod\u00fcksiyon Ya\u011fl\u0131boya Tablo"},"content":{"rendered":"<h1>ZSK | Osman Hamdi Bey Kaplumba\u011fa Terbiyecisi Reprod\u00fcksiyon Ya\u011fl\u0131boya Tablo<\/h1>\n<p>Orjinali Pera M\u00fczesi &#8211; \u0130stanbul &#8216;da sergilenen Osmanl\u0131 d\u00f6nemi \u00f6nemli eserlerindendir. 1906 ve 1907 y\u0131llar\u0131nda iki farkl\u0131 versiyonun olarak \u00e7al\u0131\u015f\u0131lm\u0131\u015ft\u0131r. <i><b>Kaplumba\u011falar ve Adam<\/b><\/i> olarak bilinir.<\/p>\n<p>Kaplumba\u011fa Terbiyecisinin, Osman Hamdi Bey \u2018in oto portresi oldu\u011fu rivayet edilmektedir. Osman Hamdi Bey\u2019in koleksiyonundaki 5 eserinden biri kaplumba\u011fa terbiyecisidir.<\/p>\n<p>Kaplumba\u011fa Terbiyecisi resminde kendi oto portresi ile birlikte kaplumba\u011falarda devletin hantal i\u015fleyi\u015fini, b\u00fcrokrasiyi temsil etmektedir. Osman Hamdi Bey \u2018in elinde ney ve s\u0131rt\u0131nda ba\u015fka bir \u00e7alg\u0131 ile kaplumba\u011falar\u0131 terbiye etmekten vaz ge\u00e7ti\u011fi veya kaplumba\u011falar\u0131n \u00e7ok yava\u015f \u00f6\u011frendikleri rivayet edilmektedir.<\/p>\n<p>1906 y\u0131l\u0131nda Osman Hamdi Bey taraf\u0131ndan 1. Kaplumba\u011fa terbiyecisi resmi yap\u0131ld\u0131. 1907 \u2018de yine Osman Hamdi Bey taraf\u0131ndan<a href=\"https:\/\/elyapimitablo.com\/tr\/urun\/zsk-osman-hamdi-bey-kaplumbaga-terbiyecisi-v2-reproduksiyon-yagliboya-tablo-oil-painting-on-canvas\/\"> Kaplumba\u011fa terbiyecisi resminin 2. versiyonu<\/a> yap\u0131ld\u0131. 2. versiyonda resmin i\u00e7ine \u201cMuhammed\u201d yaz\u0131s\u0131 eklenmi\u015ftir. Yerde bir testi vard\u0131r ve daha k\u00fc\u00e7\u00fck kaplumba\u011falara yer verilmi\u015ftir.<\/p>\n<p>1959 y\u0131l\u0131na kadar pek bilinmeyen bu resim ilk kez Gazeteci Mehmet Bey taraf\u0131ndan 1960 y\u0131l\u0131nda kaplumba\u011fa terbiyecisi tablosunun resmini \u00e7ekmi\u015ftir. Bu s\u00fcre zarf\u0131nda resmin o g\u00fcnk\u00fc sahibi Saim Bey hapiste bulunmakta ancak hastal\u0131k sebebi ile 1961 y\u0131l\u0131nda hapisten \u00e7\u0131km\u0131\u015ft\u0131r. K\u0131sa s\u00fcre sonra Saim Bey vefat eder ve Kaplumba\u011fa terbiyecisi resmi Resim Heykel m\u00fczesine g\u00f6nderilir.<\/p>\n<p>Erol Simavi taraf\u0131ndan sat\u0131n al\u0131narak iktisat Bankas\u0131 resim koleksiyonuna dahil edilen bu resim ilk kez m\u00fczayedeye \u00e7\u0131kart\u0131ld\u0131.<br \/>\n1984 y\u0131l\u0131nda 2. Versiyonda Erol Simavi taraf\u0131ndan Londra da bir m\u00fczayededen sat\u0131n al\u0131nm\u0131\u015ft\u0131r. Bug\u00fcn orijinali Belma Simavi koleksiyonunda Sak\u0131p Sabanc\u0131 M\u00fczesinde g\u00f6r\u00fclebilir.<\/p>\n<figure id=\"attachment_2843\" aria-describedby=\"caption-attachment-2843\" style=\"width: 980px\" class=\"wp-caption alignnone\"><img loading=\"lazy\" decoding=\"async\" class=\"size-large wp-image-2843\" src=\"https:\/\/elyapimitablo.com\/tr\/wp-content\/uploads\/kaplumbaga-terbiyecisi-v1-compared-2026-1024x922.jpg\" alt=\"kaplumbaga-terbiyecisi-versiyon1-reproduksiyon-karsilastirma-2026\" width=\"980\" height=\"882\" srcset=\"https:\/\/elyapimitablo.com\/tr\/wp-content\/uploads\/kaplumbaga-terbiyecisi-v1-compared-2026-1024x922.jpg 1024w, https:\/\/elyapimitablo.com\/tr\/wp-content\/uploads\/kaplumbaga-terbiyecisi-v1-compared-2026-300x270.jpg 300w, https:\/\/elyapimitablo.com\/tr\/wp-content\/uploads\/kaplumbaga-terbiyecisi-v1-compared-2026-150x135.jpg 150w, https:\/\/elyapimitablo.com\/tr\/wp-content\/uploads\/kaplumbaga-terbiyecisi-v1-compared-2026-768x692.jpg 768w, https:\/\/elyapimitablo.com\/tr\/wp-content\/uploads\/kaplumbaga-terbiyecisi-v1-compared-2026-416x375.jpg 416w, https:\/\/elyapimitablo.com\/tr\/wp-content\/uploads\/kaplumbaga-terbiyecisi-v1-compared-2026.jpg 1225w\" sizes=\"auto, (max-width: 980px) 100vw, 980px\" \/><figcaption id=\"caption-attachment-2843\" class=\"wp-caption-text\">kaplumbaga-terbiyecisi-versiyon1-reproduksiyon-karsilastirma-2026<\/figcaption><\/figure>\n<p>&nbsp;<\/p>\n<p>* Ressam Zeliha Say\u0131l\u0131 K\u00fc\u00e7\u00fck imzal\u0131 %100 el yap\u0131m\u0131<\/p>\n<p>* Nakliye fiyata dahildir.<\/p>\n<p>* \u00c7er\u00e7eve fiyat\u0131 se\u00e7ime g\u00f6re de\u011fi\u015fmekte, fiyata dahil de\u011fildir.<\/p>\n<p>* Uzun \u00f6m\u00fcrl\u00fcd\u00fcr renkler solmaz 5+ y\u0131l.<\/p>\n<p>* 380 gr pamuklu tuval bezi \u00fczerine \u00e7al\u0131\u015f\u0131lmaktad\u0131r. Ayr\u0131ca bak\u0131n\u0131z;<\/p>\n<blockquote class=\"wp-embedded-content\" data-secret=\"rSkCCUFHIh\"><p><a href=\"https:\/\/elyapimitablo.com\/tr\/urun\/zsk-osman-hamdi-bey-kaplumbaga-terbiyecisi-v2-reproduksiyon-yagliboya-tablo-oil-painting-on-canvas\/\">ZSK | Osman Hamdi Bey Kaplumba\u011fa Terbiyecisi versiyon 2 Reprod\u00fcksiyon Ya\u011fl\u0131boya Tablo<\/a><\/p><\/blockquote>\n<p><iframe loading=\"lazy\" class=\"wp-embedded-content\" sandbox=\"allow-scripts\" security=\"restricted\" style=\"position: absolute; visibility: hidden;\" title=\"&#8220;ZSK | Osman Hamdi Bey Kaplumba\u011fa Terbiyecisi versiyon 2 Reprod\u00fcksiyon Ya\u011fl\u0131boya Tablo&#8221; &#8212; Elyapimitablo.com\" src=\"https:\/\/elyapimitablo.com\/tr\/urun\/zsk-osman-hamdi-bey-kaplumbaga-terbiyecisi-v2-reproduksiyon-yagliboya-tablo-oil-painting-on-canvas\/embed\/#?secret=6NeRnbtRbU#?secret=rSkCCUFHIh\" data-secret=\"rSkCCUFHIh\" width=\"600\" height=\"338\" frameborder=\"0\" marginwidth=\"0\" marginheight=\"0\" scrolling=\"no\"><\/iframe><\/p>\n<p>* PVC \u00fczerine seri \u00fcretim makine bask\u0131s\u0131 tablo sat\u0131\u015f\u0131m\u0131z yoktur. T\u00fcm resimlerimiz %100 el yap\u0131m\u0131 tuval bezi \u00fczerine 1. kalite ya\u011fl\u0131boyad\u0131r.<\/p>\n<p>* Tablonun tamam\u0131 el yap\u0131m\u0131; tuval bezi \u00fczerine spatula ve f\u0131r\u00e7a ile boyama tekni\u011fi ile yap\u0131lm\u0131\u015ft\u0131r, piyasada k\u0131s\u0131tl\u0131 bir par\u00e7as\u0131 ressam taraf\u0131ndan boyanan k\u0131sm\u0131 makine taraf\u0131ndan bas\u0131lan tablolar ile k\u0131yaslamay\u0131n\u0131z.<\/p>\n<p>* Sertifikal\u0131, yat\u0131r\u0131m i\u00e7in uygundur.<\/p>\n<p>* 3 ve \u00fczeri \u00e7oklu al\u0131mlar i\u00e7in \u00f6zel fiyat alabilirsiniz.<\/p>\n<p>Ev ve ofis dekorasyonunda kullanabilece\u011finiz reprod\u00fcksiyon \u00f6zel tasar\u0131m tablolar i\u00e7in di\u011fer tablolar\u0131m\u0131z\u0131 inceleyin. \u00c7ok b\u00fcy\u00fck ebat tablo sipari\u015fleriniz adresinizde teslim ve adresinizde montaj hizmeti ile teslim edilir, \u00f6zel boyutlu resimler i\u00e7in bilgi al\u0131n\u0131z.<\/p>\n<p>\u00d6zel portre ve \u00f6zel ya\u011fl\u0131boya tablo talepleriniz i\u00e7in ileti\u015fim b\u00f6l\u00fcm\u00fcnden bilgi alabilirsiniz.<\/p>\n<p>\u00dcnl\u00fc ressamlar\u0131n reprod\u00fcksiyon resimleri i\u00e7in fiyat al\u0131n\u0131z<\/p>\n<p>https:\/\/404.net.tr\/bestpainters\/ adresinden eski ressamlar\u0131n tablolar\u0131n\u0131 inceleyebilirsiniz.<\/p>\n<p>Ki\u015fiye \u00f6zel bir hediye deneyimi i\u00e7in https:\/\/elyapimihediye.com.tr sitemizi incelemeyi unutmay\u0131n.<\/p>\n<p>&nbsp;<\/p>\n","protected":false},"excerpt":{"rendered":"<p>ZSK | Osman Hamdi Bey Kaplumba\u011fa Terbiyecisi Reprod\u00fcksiyon Ya\u011fl\u0131boya Tablo Orjinali Pera M\u00fczesi &#8211; \u0130stanbul &#8216;da sergilenen Osmanl\u0131 d\u00f6nemi \u00f6nemli eserlerindendir. 1906 ve 1907 y\u0131llar\u0131nda iki farkl\u0131 versiyonun olarak \u00e7al\u0131\u015f\u0131lm\u0131\u015ft\u0131r. Kaplumba\u011falar ve Adam olarak bilinir. Kaplumba\u011fa Terbiyecisinin, Osman Hamdi Bey \u2018in oto portresi oldu\u011fu rivayet edilmektedir. Osman Hamdi Bey\u2019in koleksiyonundaki 5 eserinden biri kaplumba\u011fa terbiyecisidir. [&hellip;]<\/p>\n","protected":false},"featured_media":2846,"template":"","meta":[],"product_brand":[],"product_cat":[78,64],"product_tag":[108,107],"class_list":{"0":"post-94","1":"product","2":"type-product","3":"status-publish","4":"has-post-thumbnail","6":"product_cat-reproduksiyon-yagliboya-tablo","7":"product_cat-tum-yagliboya-tablolar","8":"product_tag-kaplumbaga-terbiyecisi","9":"product_tag-osman-hamdi-bey","11":"first","12":"instock","13":"shipping-taxable","14":"purchasable","15":"product-type-simple"},"_links":{"self":[{"href":"https:\/\/elyapimitablo.com\/tr\/wp-json\/wp\/v2\/product\/94","targetHints":{"allow":["GET"]}}],"collection":[{"href":"https:\/\/elyapimitablo.com\/tr\/wp-json\/wp\/v2\/product"}],"about":[{"href":"https:\/\/elyapimitablo.com\/tr\/wp-json\/wp\/v2\/types\/product"}],"wp:featuredmedia":[{"embeddable":true,"href":"https:\/\/elyapimitablo.com\/tr\/wp-json\/wp\/v2\/media\/2846"}],"wp:attachment":[{"href":"https:\/\/elyapimitablo.com\/tr\/wp-json\/wp\/v2\/media?parent=94"}],"wp:term":[{"taxonomy":"product_brand","embeddable":true,"href":"https:\/\/elyapimitablo.com\/tr\/wp-json\/wp\/v2\/product_brand?post=94"},{"taxonomy":"product_cat","embeddable":true,"href":"https:\/\/elyapimitablo.com\/tr\/wp-json\/wp\/v2\/product_cat?post=94"},{"taxonomy":"product_tag","embeddable":true,"href":"https:\/\/elyapimitablo.com\/tr\/wp-json\/wp\/v2\/product_tag?post=94"}],"curies":[{"name":"wp","href":"https:\/\/api.w.org\/{rel}","templated":true}]}}