{"id":90,"date":"2024-02-27T10:55:46","date_gmt":"2024-02-27T10:55:46","guid":{"rendered":"https:\/\/elyapimitablo.com\/tr\/urun\/zsk-vincent-van-gogh-gece-kahvesi-night-coffe-reproduksiyon-yagliboya-tablo-reproduction-oil-painting-on-canvas\/"},"modified":"2025-07-11T08:38:44","modified_gmt":"2025-07-11T08:38:44","slug":"zsk-vincent-van-gogh-gece-kahvesi-night-coffe-reproduksiyon-yagliboya-tablo-reproduction-oil-painting-on-canvas","status":"publish","type":"product","link":"https:\/\/elyapimitablo.com\/tr\/urun\/zsk-vincent-van-gogh-gece-kahvesi-night-coffe-reproduksiyon-yagliboya-tablo-reproduction-oil-painting-on-canvas\/","title":{"rendered":"ZSK | Vincent Van Gogh Gece Kahvesi \/ Night Cafe | Reprod\u00fcksiyon Ya\u011fl\u0131boya Tablo \/ Reproduction Oil painting on Canvas"},"content":{"rendered":"<h1>ZSK | Vincent Van Gogh Gece Kahvesi \/ Night Cafe | Reprod\u00fcksiyon Ya\u011fl\u0131boya Tablo \/ Reproduction Oil painting on Canvas<\/h1>\n<p>Vincent van Gogh&#8217;un &#8220;Gece Kahvesi&#8221; adl\u0131 \u00fcnl\u00fc tablosu: Bu tablo, 1888 y\u0131l\u0131nda Hollanda&#8217;n\u0131n Arles \u015fehrinde Van Gogh taraf\u0131ndan yap\u0131lm\u0131\u015ft\u0131r. &#8220;Caf\u00e9 Terrace at Night&#8221; (Gece Kahvesi Teras\u0131) olarak da bilinen bu tablo, Van Gogh&#8217;un karakteristik renk paleti ve f\u0131r\u00e7a darbeleri ile tan\u0131nan bir eserdir.<\/p>\n<p>Tablo, gece saatlerinde bir kafede a\u00e7\u0131k hava teras\u0131nda bulunan insanlar\u0131n ve \u00e7evrenin tasvirini i\u00e7erir. Y\u0131ld\u0131zl\u0131 bir gece g\u00f6ky\u00fcz\u00fc, parlak sar\u0131 \u0131\u015f\u0131klarla ayd\u0131nlat\u0131lan kafe masalar\u0131 ve sokak lambalar\u0131 tablonun \u00f6ne \u00e7\u0131kan \u00f6\u011felerindendir. Van Gogh, bu tabloyu arkada\u015f\u0131 \u00c9mile Bernard&#8217;a yazd\u0131\u011f\u0131 bir mektupta, &#8220;Ger\u00e7ek geceyi resmetmeye \u00e7al\u0131\u015ft\u0131m, yani atmosferde bulunan mavi renkleri kullanarak&#8221; \u015feklinde ifade etmi\u015ftir.<\/p>\n<p>&#8220;Gece Kahvesi&#8221;, Van Gogh&#8217;un sanatsal tarz\u0131n\u0131 ve duygusal ifadesini yans\u0131tan \u00f6nemli eserlerden biridir. Tablo, modern sanat\u0131n \u00f6nemli \u00f6rneklerinden biri olarak kabul edilir ve g\u00fcn\u00fcm\u00fczde d\u00fcnya genelinde bir\u00e7ok sanat galerisinde sergilenmektedir.<\/p>\n<p>&nbsp;<\/p>\n<p>* Ressam Zeliha Say\u0131l\u0131 K\u00fc\u00e7\u00fck imzal\u0131 %100 el yap\u0131m\u0131<\/p>\n<p>* Nakliye fiyata dahildir.<\/p>\n<p>* \u00c7er\u00e7eve fiyat\u0131 se\u00e7ime g\u00f6re de\u011fi\u015fmekte, fiyata dahil de\u011fildir.<\/p>\n<p>* Uzun \u00f6m\u00fcrl\u00fcd\u00fcr renkler solmaz 5+ y\u0131l.<\/p>\n<p>* PVC \u00fczerine seri \u00fcretim makine bask\u0131s\u0131 tablo sat\u0131\u015f\u0131m\u0131z yoktur. T\u00fcm resimlerimiz %100 el yap\u0131m\u0131 tuval bezi \u00fczerine 1. kalite ya\u011fl\u0131boyad\u0131r.<\/p>\n<p>* Tablonun tamam\u0131 el yap\u0131m\u0131; tuval bezi \u00fczerine spatula ve f\u0131r\u00e7a ile boyama tekni\u011fi ile yap\u0131lm\u0131\u015ft\u0131r, piyasada k\u0131s\u0131tl\u0131 bir par\u00e7as\u0131 ressam taraf\u0131ndan boyanan k\u0131sm\u0131 makine taraf\u0131ndan bas\u0131lan tablolar ile k\u0131yaslamay\u0131n\u0131z.<\/p>\n<p>* Sertifikal\u0131, yat\u0131r\u0131m i\u00e7in uygundur.<\/p>\n<p>* 3 ve \u00fczeri \u00e7oklu al\u0131mlar i\u00e7in \u00f6zel fiyat alabilirsiniz.<\/p>\n<p>Ev ve ofis dekorasyonunda kullanabilece\u011finiz reprod\u00fcksiyon \u00f6zel tasar\u0131m tablolar i\u00e7in di\u011fer tablolar\u0131m\u0131z\u0131 inceleyin. \u00c7ok b\u00fcy\u00fck ebat tablo sipari\u015fleriniz adresinizde teslim ve adresinizde montaj hizmeti ile teslim edilir, \u00f6zel boyutlu resimler i\u00e7in bilgi al\u0131n\u0131z.<\/p>\n<p>\u00d6zel portre ve \u00f6zel ya\u011fl\u0131boya tablo talepleriniz i\u00e7in ileti\u015fim b\u00f6l\u00fcm\u00fcnden bilgi alabilirsiniz.<\/p>\n<p>\u00dcnl\u00fc ressamlar\u0131n reprod\u00fcksiyon resimleri i\u00e7in fiyat al\u0131n\u0131z<\/p>\n<p>https:\/\/404.net.tr\/bestpainters\/ adresinden eski ressamlar\u0131n tablolar\u0131n\u0131 inceleyebilirsiniz.<\/p>\n<p>&nbsp;<\/p>\n","protected":false},"excerpt":{"rendered":"<p>ZSK | Vincent Van Gogh Gece Kahvesi \/ Night Cafe | Reprod\u00fcksiyon Ya\u011fl\u0131boya Tablo \/ Reproduction Oil painting on Canvas Vincent van Gogh&#8217;un &#8220;Gece Kahvesi&#8221; adl\u0131 \u00fcnl\u00fc tablosu: Bu tablo, 1888 y\u0131l\u0131nda Hollanda&#8217;n\u0131n Arles \u015fehrinde Van Gogh taraf\u0131ndan yap\u0131lm\u0131\u015ft\u0131r. &#8220;Caf\u00e9 Terrace at Night&#8221; (Gece Kahvesi Teras\u0131) olarak da bilinen bu tablo, Van Gogh&#8217;un karakteristik renk [&hellip;]<\/p>\n","protected":false},"featured_media":2518,"template":"","meta":[],"product_brand":[],"product_cat":[78,211,64],"product_tag":[124,125],"class_list":{"0":"post-90","1":"product","2":"type-product","3":"status-publish","4":"has-post-thumbnail","6":"product_cat-reproduksiyon-yagliboya-tablo","7":"product_cat-van-gogh-tablo","8":"product_cat-tum-yagliboya-tablolar","9":"product_tag-night-cafe","10":"product_tag-van-gogh","12":"first","13":"instock","14":"shipping-taxable","15":"purchasable","16":"product-type-simple"},"_links":{"self":[{"href":"https:\/\/elyapimitablo.com\/tr\/wp-json\/wp\/v2\/product\/90","targetHints":{"allow":["GET"]}}],"collection":[{"href":"https:\/\/elyapimitablo.com\/tr\/wp-json\/wp\/v2\/product"}],"about":[{"href":"https:\/\/elyapimitablo.com\/tr\/wp-json\/wp\/v2\/types\/product"}],"wp:featuredmedia":[{"embeddable":true,"href":"https:\/\/elyapimitablo.com\/tr\/wp-json\/wp\/v2\/media\/2518"}],"wp:attachment":[{"href":"https:\/\/elyapimitablo.com\/tr\/wp-json\/wp\/v2\/media?parent=90"}],"wp:term":[{"taxonomy":"product_brand","embeddable":true,"href":"https:\/\/elyapimitablo.com\/tr\/wp-json\/wp\/v2\/product_brand?post=90"},{"taxonomy":"product_cat","embeddable":true,"href":"https:\/\/elyapimitablo.com\/tr\/wp-json\/wp\/v2\/product_cat?post=90"},{"taxonomy":"product_tag","embeddable":true,"href":"https:\/\/elyapimitablo.com\/tr\/wp-json\/wp\/v2\/product_tag?post=90"}],"curies":[{"name":"wp","href":"https:\/\/api.w.org\/{rel}","templated":true}]}}