{"id":87,"date":"2024-02-27T10:55:44","date_gmt":"2024-02-27T10:55:44","guid":{"rendered":"https:\/\/elyapimitablo.com\/tr\/urun\/zsk-yamatori-alfred-stevens-reproduksiyon-yagliboya-tablo-reproduction-oil-painting-on-canvas\/"},"modified":"2025-07-08T06:25:53","modified_gmt":"2025-07-08T06:25:53","slug":"zsk-yamatori-alfred-stevens-reproduksiyon-yagliboya-tablo-reproduction-oil-painting-on-canvas","status":"publish","type":"product","link":"https:\/\/elyapimitablo.com\/tr\/urun\/zsk-yamatori-alfred-stevens-reproduksiyon-yagliboya-tablo-reproduction-oil-painting-on-canvas\/","title":{"rendered":"ZSK | Yamatori Alfred Stevens Reprod\u00fcksiyon Ya\u011fl\u0131boya Tablo | Reproduction Oil Painting on Canvas"},"content":{"rendered":"<h1>ZSK | Yamatori Alfred Stevens Reprod\u00fcksiyon Ya\u011fl\u0131boya Tablo | Reproduction Oil Painting on Canvas<\/h1>\n<p>&#8220;Yamatori&#8221; Alfred Stevens taraf\u0131ndan 1878 y\u0131l\u0131nda yap\u0131lm\u0131\u015f bir tablodur. Alfred Stevens, Bel\u00e7ikal\u0131 bir ressamd\u0131 ve 19. y\u00fczy\u0131l\u0131n ikinci yar\u0131s\u0131nda ya\u015fam\u0131\u015ft\u0131r. &#8220;Yamatori&#8221; tablosu, Stevens&#8217;\u0131n Japon etkisi alt\u0131nda yapt\u0131\u011f\u0131 eserlerden biridir.<\/p>\n<p>Stevens, Japon sanat\u0131n\u0131n etkilerini kendi eserlerine entegre eden d\u00f6nemindeki bir\u00e7ok sanat\u00e7\u0131 gibi, Japon sanat\u0131n\u0131n zarafeti, renk kullan\u0131m\u0131 ve kompozisyon \u00f6\u011felerini kendi tarz\u0131na katm\u0131\u015ft\u0131r. &#8220;Yamatori&#8221; tablosu, bu d\u00f6nemin Japon etkili sanat eserlerinden biri olarak \u00f6ne \u00e7\u0131kmaktad\u0131r.<\/p>\n<p>&nbsp;<\/p>\n<p>&nbsp;<\/p>\n<p>* Ressam Zeliha Say\u0131l\u0131 K\u00fc\u00e7\u00fck imzal\u0131 %100 el yap\u0131m\u0131<\/p>\n<p>* Nakliye fiyata dahildir.<\/p>\n<p>* \u00c7er\u00e7eve fiyat\u0131 se\u00e7ime g\u00f6re de\u011fi\u015fmekte, fiyata dahil de\u011fildir.<\/p>\n<p>* Uzun \u00f6m\u00fcrl\u00fcd\u00fcr renkler solmaz 5+ y\u0131l.<\/p>\n<p>* PVC \u00fczerine seri \u00fcretim makine bask\u0131s\u0131 tablo sat\u0131\u015f\u0131m\u0131z yoktur. T\u00fcm resimlerimiz %100 el yap\u0131m\u0131 tuval bezi \u00fczerine 1. kalite ya\u011fl\u0131boyad\u0131r.<\/p>\n<p>* Tablonun tamam\u0131 el yap\u0131m\u0131; tuval bezi \u00fczerine spatula ve f\u0131r\u00e7a ile boyama tekni\u011fi ile yap\u0131lm\u0131\u015ft\u0131r, piyasada k\u0131s\u0131tl\u0131 bir par\u00e7as\u0131 ressam taraf\u0131ndan boyanan k\u0131sm\u0131 makine taraf\u0131ndan bas\u0131lan tablolar ile k\u0131yaslamay\u0131n\u0131z.<\/p>\n<p>* Sertifikal\u0131, yat\u0131r\u0131m i\u00e7in uygundur.<\/p>\n<p>* 3 ve \u00fczeri \u00e7oklu al\u0131mlar i\u00e7in \u00f6zel fiyat alabilirsiniz.<\/p>\n<p>Ev ve ofis dekorasyonunda kullanabilece\u011finiz reprod\u00fcksiyon \u00f6zel tasar\u0131m tablolar i\u00e7in di\u011fer tablolar\u0131m\u0131z\u0131 inceleyin. \u00c7ok b\u00fcy\u00fck ebat tablo sipari\u015fleriniz adresinizde teslim ve adresinizde montaj hizmeti ile teslim edilir, \u00f6zel boyutlu resimler i\u00e7in bilgi al\u0131n\u0131z.<\/p>\n<p>\u00d6zel portre ve \u00f6zel ya\u011fl\u0131boya tablo talepleriniz i\u00e7in ileti\u015fim b\u00f6l\u00fcm\u00fcnden bilgi alabilirsiniz.<\/p>\n<p>\u00dcnl\u00fc ressamlar\u0131n reprod\u00fcksiyon resimleri i\u00e7in fiyat al\u0131n\u0131z<\/p>\n<p>https:\/\/404.net.tr\/bestpainters\/ adresinden eski ressamlar\u0131n tablolar\u0131n\u0131 inceleyebilirsiniz.<\/p>\n<p>Ki\u015fiye \u00f6zel bir hediye deneyimi i\u00e7in https:\/\/www.elyapimihediye.com.tr sitemizi incelemeyi unutmay\u0131n.<\/p>\n<p>&nbsp;<\/p>\n<p>&nbsp;<\/p>\n","protected":false},"excerpt":{"rendered":"<p>ZSK | Yamatori Alfred Stevens Reprod\u00fcksiyon Ya\u011fl\u0131boya Tablo | Reproduction Oil Painting on Canvas &#8220;Yamatori&#8221; Alfred Stevens taraf\u0131ndan 1878 y\u0131l\u0131nda yap\u0131lm\u0131\u015f bir tablodur. Alfred Stevens, Bel\u00e7ikal\u0131 bir ressamd\u0131 ve 19. y\u00fczy\u0131l\u0131n ikinci yar\u0131s\u0131nda ya\u015fam\u0131\u015ft\u0131r. &#8220;Yamatori&#8221; tablosu, Stevens&#8217;\u0131n Japon etkisi alt\u0131nda yapt\u0131\u011f\u0131 eserlerden biridir. Stevens, Japon sanat\u0131n\u0131n etkilerini kendi eserlerine entegre eden d\u00f6nemindeki bir\u00e7ok sanat\u00e7\u0131 gibi, [&hellip;]<\/p>\n","protected":false},"featured_media":2523,"template":"","meta":[],"product_brand":[],"product_cat":[81,78,64],"product_tag":[119,118],"class_list":{"0":"post-87","1":"product","2":"type-product","3":"status-publish","4":"has-post-thumbnail","6":"product_cat-portre-tablo","7":"product_cat-reproduksiyon-yagliboya-tablo","8":"product_cat-tum-yagliboya-tablolar","9":"product_tag-alfred-stevens","10":"product_tag-yamatori","12":"first","13":"instock","14":"shipping-taxable","15":"purchasable","16":"product-type-simple"},"_links":{"self":[{"href":"https:\/\/elyapimitablo.com\/tr\/wp-json\/wp\/v2\/product\/87","targetHints":{"allow":["GET"]}}],"collection":[{"href":"https:\/\/elyapimitablo.com\/tr\/wp-json\/wp\/v2\/product"}],"about":[{"href":"https:\/\/elyapimitablo.com\/tr\/wp-json\/wp\/v2\/types\/product"}],"wp:featuredmedia":[{"embeddable":true,"href":"https:\/\/elyapimitablo.com\/tr\/wp-json\/wp\/v2\/media\/2523"}],"wp:attachment":[{"href":"https:\/\/elyapimitablo.com\/tr\/wp-json\/wp\/v2\/media?parent=87"}],"wp:term":[{"taxonomy":"product_brand","embeddable":true,"href":"https:\/\/elyapimitablo.com\/tr\/wp-json\/wp\/v2\/product_brand?post=87"},{"taxonomy":"product_cat","embeddable":true,"href":"https:\/\/elyapimitablo.com\/tr\/wp-json\/wp\/v2\/product_cat?post=87"},{"taxonomy":"product_tag","embeddable":true,"href":"https:\/\/elyapimitablo.com\/tr\/wp-json\/wp\/v2\/product_tag?post=87"}],"curies":[{"name":"wp","href":"https:\/\/api.w.org\/{rel}","templated":true}]}}