{"id":86,"date":"2024-02-27T10:55:43","date_gmt":"2024-02-27T10:55:43","guid":{"rendered":"https:\/\/elyapimitablo.com\/tr\/urun\/zsk-ergenekondan-cikis-reproduksiyon-yagliboya-tablo-oil-painting-on-canvas\/"},"modified":"2026-03-19T11:29:17","modified_gmt":"2026-03-19T11:29:17","slug":"zsk-ergenekondan-cikis-reproduksiyon-yagliboya-tablo-oil-painting-on-canvas","status":"publish","type":"product","link":"https:\/\/elyapimitablo.com\/tr\/urun\/zsk-ergenekondan-cikis-reproduksiyon-yagliboya-tablo-oil-painting-on-canvas\/","title":{"rendered":"ZSK | Ergenekondan \u00c7\u0131k\u0131\u015f Reprod\u00fcksiyon Ya\u011fl\u0131boya Tablo | Oil Painting on Canvas 80 x 120 cm"},"content":{"rendered":"<h1>ZSK | Ergenekondan \u00c7\u0131k\u0131\u015f Reprod\u00fcksiyon Ya\u011fl\u0131boya Tablo | Oil Painting on Canvas<\/h1>\n<p>Ankara Devlet Resim ve Heykel M\u00fczesinde bir d\u00f6nem orjinali bulunan Ratip Tahir Burak taraf\u0131ndan yap\u0131ld\u0131\u011f\u0131 y\u00f6n\u00fcnde bilgi bulunan muhte\u015fem bir eser reprod\u00fcksiyon olarak \u00e7al\u0131\u015fmaktan mutluluk duymaktay\u0131z.<\/p>\n<p>Bu tablo Atat\u00fcrk &#8216;\u00fcn Milli E\u011fitim Bakanl\u0131\u011f\u0131n\u0131 ziyareti s\u0131ras\u0131nda talebi \u00fczerine Bay\u0131nd\u0131rl\u0131k Bakanl\u0131\u011f\u0131nda g\u00f6revli ressam Ratip Tahir Burak taraf\u0131ndan yap\u0131lm\u0131\u015f ve Atat\u00fcrk taraf\u0131ndan \u00e7ok be\u011fenilmi\u015ftir.<\/p>\n<figure id=\"attachment_2690\" aria-describedby=\"caption-attachment-2690\" style=\"width: 980px\" class=\"wp-caption alignnone\"><img loading=\"lazy\" decoding=\"async\" class=\"size-large wp-image-2690\" src=\"https:\/\/elyapimitablo.com\/tr\/wp-content\/uploads\/Ergenekondan-Cikis-zsk-vs-RatipTahirBurak-compare-1024x386.jpg\" alt=\"Ergenekondan-Cikis-zsk-vs-RatipTahirBurak-compared\" width=\"980\" height=\"369\" srcset=\"https:\/\/elyapimitablo.com\/tr\/wp-content\/uploads\/Ergenekondan-Cikis-zsk-vs-RatipTahirBurak-compare-1024x386.jpg 1024w, https:\/\/elyapimitablo.com\/tr\/wp-content\/uploads\/Ergenekondan-Cikis-zsk-vs-RatipTahirBurak-compare-300x113.jpg 300w, https:\/\/elyapimitablo.com\/tr\/wp-content\/uploads\/Ergenekondan-Cikis-zsk-vs-RatipTahirBurak-compare-150x57.jpg 150w, https:\/\/elyapimitablo.com\/tr\/wp-content\/uploads\/Ergenekondan-Cikis-zsk-vs-RatipTahirBurak-compare-768x290.jpg 768w, https:\/\/elyapimitablo.com\/tr\/wp-content\/uploads\/Ergenekondan-Cikis-zsk-vs-RatipTahirBurak-compare-416x157.jpg 416w, https:\/\/elyapimitablo.com\/tr\/wp-content\/uploads\/Ergenekondan-Cikis-zsk-vs-RatipTahirBurak-compare.jpg 1310w\" sizes=\"auto, (max-width: 980px) 100vw, 980px\" \/><figcaption id=\"caption-attachment-2690\" class=\"wp-caption-text\"><strong>Resim yap\u0131l\u0131rken kurt veya k\u00f6pek olarak tercihe uygun olarak \u00e7al\u0131\u015f\u0131lmaktad\u0131r.<\/strong><\/figcaption><\/figure>\n<p>&nbsp;<\/p>\n<p><a href=\"https:\/\/www.youtube.com\/shorts\/RGMBoXyirCY\" target=\"_blank\" rel=\"noopener\">Ergenekondan \u00c7\u0131k\u0131\u015f Short Video<\/a><\/p>\n<p><a href=\"https:\/\/www.youtube.com\/watch?v=mCH7rsJrWwE\" target=\"_blank\" rel=\"noopener\">Ergenekondan \u00c7\u0131k\u0131\u015f Video<\/a><\/p>\n<p><iframe loading=\"lazy\" title=\"ZSK | Ergenekondan \u00c7\u0131k\u0131\u015f 1 | #oilpainting  #art\" width=\"980\" height=\"551\" src=\"https:\/\/www.youtube.com\/embed\/mCH7rsJrWwE?feature=oembed\" frameborder=\"0\" allow=\"accelerometer; autoplay; clipboard-write; encrypted-media; gyroscope; picture-in-picture; web-share\" referrerpolicy=\"strict-origin-when-cross-origin\" allowfullscreen><\/iframe><\/p>\n<p>* Ressam Zeliha Say\u0131l\u0131 K\u00fc\u00e7\u00fck imzal\u0131 %100 el yap\u0131m\u0131<\/p>\n<p>* Nakliye fiyata dahildir.<\/p>\n<p>* \u00c7er\u00e7eve fiyat\u0131 se\u00e7ime g\u00f6re de\u011fi\u015fmekte, fiyata dahil de\u011fildir.<\/p>\n<p>* Uzun \u00f6m\u00fcrl\u00fcd\u00fcr renkler solmaz 5+ y\u0131l.<\/p>\n<p>* PVC \u00fczerine seri \u00fcretim makine bask\u0131s\u0131 tablo sat\u0131\u015f\u0131m\u0131z yoktur. T\u00fcm resimlerimiz %100 el yap\u0131m\u0131 tuval bezi \u00fczerine 1. kalite ya\u011fl\u0131boyad\u0131r.<\/p>\n<p>* Tablonun tamam\u0131 el yap\u0131m\u0131; tuval bezi \u00fczerine spatula ve f\u0131r\u00e7a ile boyama tekni\u011fi ile yap\u0131lm\u0131\u015ft\u0131r, piyasada k\u0131s\u0131tl\u0131 bir par\u00e7as\u0131 ressam taraf\u0131ndan boyanan k\u0131sm\u0131 makine taraf\u0131ndan bas\u0131lan tablolar ile k\u0131yaslamay\u0131n\u0131z.<\/p>\n<p>* Sertifikal\u0131, yat\u0131r\u0131m i\u00e7in uygundur.<\/p>\n<p>* 3 ve \u00fczeri \u00e7oklu al\u0131mlar i\u00e7in \u00f6zel fiyat alabilirsiniz.<\/p>\n<p>Ev ve ofis dekorasyonunda kullanabilece\u011finiz reprod\u00fcksiyon \u00f6zel tasar\u0131m tablolar i\u00e7in di\u011fer tablolar\u0131m\u0131z\u0131 inceleyin. \u00c7ok b\u00fcy\u00fck ebat tablo sipari\u015fleriniz adresinizde teslim ve adresinizde montaj hizmeti ile teslim edilir, \u00f6zel boyutlu resimler i\u00e7in bilgi al\u0131n\u0131z.<\/p>\n<p>\u00d6zel portre ve \u00f6zel ya\u011fl\u0131boya tablo talepleriniz i\u00e7in ileti\u015fim b\u00f6l\u00fcm\u00fcnden bilgi alabilirsiniz.<\/p>\n<p>\u00dcnl\u00fc ressamlar\u0131n reprod\u00fcksiyon resimleri i\u00e7in fiyat al\u0131n\u0131z<\/p>\n<p>https:\/\/404.net.tr\/bestpainters\/ adresinden eski ressamlar\u0131n tablolar\u0131n\u0131 inceleyebilirsiniz.<\/p>\n<p>&nbsp;<\/p>\n","protected":false},"excerpt":{"rendered":"<p>ZSK | Ergenekondan \u00c7\u0131k\u0131\u015f Reprod\u00fcksiyon Ya\u011fl\u0131boya Tablo | Oil Painting on Canvas Ankara Devlet Resim ve Heykel M\u00fczesinde bir d\u00f6nem orjinali bulunan Ratip Tahir Burak taraf\u0131ndan yap\u0131ld\u0131\u011f\u0131 y\u00f6n\u00fcnde bilgi bulunan muhte\u015fem bir eser reprod\u00fcksiyon olarak \u00e7al\u0131\u015fmaktan mutluluk duymaktay\u0131z. Bu tablo Atat\u00fcrk &#8216;\u00fcn Milli E\u011fitim Bakanl\u0131\u011f\u0131n\u0131 ziyareti s\u0131ras\u0131nda talebi \u00fczerine Bay\u0131nd\u0131rl\u0131k Bakanl\u0131\u011f\u0131nda g\u00f6revli ressam Ratip Tahir [&hellip;]<\/p>\n","protected":false},"featured_media":2526,"template":"","meta":[],"product_brand":[],"product_cat":[82,208,97,78,64],"product_tag":[120],"class_list":{"0":"post-86","1":"product","2":"type-product","3":"status-publish","4":"has-post-thumbnail","6":"product_cat-ataturk-tablolari","7":"product_cat-buyuk-yagliboya-tablolar","8":"product_cat-ozel-siparis-reproduksiyon-tablolar","9":"product_cat-reproduksiyon-yagliboya-tablo","10":"product_cat-tum-yagliboya-tablolar","11":"product_tag-ergenekondan-cikis","13":"first","14":"instock","15":"shipping-taxable","16":"purchasable","17":"product-type-simple"},"_links":{"self":[{"href":"https:\/\/elyapimitablo.com\/tr\/wp-json\/wp\/v2\/product\/86","targetHints":{"allow":["GET"]}}],"collection":[{"href":"https:\/\/elyapimitablo.com\/tr\/wp-json\/wp\/v2\/product"}],"about":[{"href":"https:\/\/elyapimitablo.com\/tr\/wp-json\/wp\/v2\/types\/product"}],"wp:featuredmedia":[{"embeddable":true,"href":"https:\/\/elyapimitablo.com\/tr\/wp-json\/wp\/v2\/media\/2526"}],"wp:attachment":[{"href":"https:\/\/elyapimitablo.com\/tr\/wp-json\/wp\/v2\/media?parent=86"}],"wp:term":[{"taxonomy":"product_brand","embeddable":true,"href":"https:\/\/elyapimitablo.com\/tr\/wp-json\/wp\/v2\/product_brand?post=86"},{"taxonomy":"product_cat","embeddable":true,"href":"https:\/\/elyapimitablo.com\/tr\/wp-json\/wp\/v2\/product_cat?post=86"},{"taxonomy":"product_tag","embeddable":true,"href":"https:\/\/elyapimitablo.com\/tr\/wp-json\/wp\/v2\/product_tag?post=86"}],"curies":[{"name":"wp","href":"https:\/\/api.w.org\/{rel}","templated":true}]}}