{"id":2796,"date":"2025-08-24T17:03:18","date_gmt":"2025-08-24T17:03:18","guid":{"rendered":"https:\/\/elyapimitablo.com\/tr\/?post_type=product&#038;p=2796"},"modified":"2026-02-10T18:36:32","modified_gmt":"2026-02-10T18:36:32","slug":"zsk-at-resmi-el-yapimi-yagliboya-tablo","status":"publish","type":"product","link":"https:\/\/elyapimitablo.com\/tr\/urun\/zsk-at-resmi-el-yapimi-yagliboya-tablo\/","title":{"rendered":"ZSK \/ At resmi el yap\u0131m\u0131 ya\u011fl\u0131boya tablo"},"content":{"rendered":"<h1>ZSK \/ At resmi el yap\u0131m\u0131 ya\u011fl\u0131boya tablo<\/h1>\n<p>Ressam Zeliha Say\u0131l\u0131 K\u00fc\u00e7\u00fck imzal\u0131 At resmi ya\u011fl\u0131boya tablo. Tamamen el yap\u0131m\u0131 olarak haz\u0131rlanm\u0131\u015ft\u0131r, tamam\u0131 ya\u011fl\u0131boya olarak 380gr tuval bezi \u00fczerine \u00e7al\u0131\u015f\u0131lm\u0131\u015ft\u0131r. Yap\u0131m y\u0131l\u0131 2025.<\/p>\n<p>Nakliye fiyata dahil, \u00e7er\u00e7eve hari\u00e7 fiyat verilmi\u015ftir. Uzun \u00f6m\u00fcrl\u00fcd\u00fcr, 5 y\u0131ldan daha uzun s\u00fcre renkler bozulmadan kal\u0131r.<\/p>\n<p>&nbsp;<\/p>\n","protected":false},"excerpt":{"rendered":"<p>ZSK \/ At resmi el yap\u0131m\u0131 ya\u011fl\u0131boya tablo Ressam Zeliha Say\u0131l\u0131 K\u00fc\u00e7\u00fck imzal\u0131 At resmi ya\u011fl\u0131boya tablo. Tamamen el yap\u0131m\u0131 olarak haz\u0131rlanm\u0131\u015ft\u0131r, tamam\u0131 ya\u011fl\u0131boya olarak 380gr tuval bezi \u00fczerine \u00e7al\u0131\u015f\u0131lm\u0131\u015ft\u0131r. Yap\u0131m y\u0131l\u0131 2025. Nakliye fiyata dahil, \u00e7er\u00e7eve hari\u00e7 fiyat verilmi\u015ftir. Uzun \u00f6m\u00fcrl\u00fcd\u00fcr, 5 y\u0131ldan daha uzun s\u00fcre renkler bozulmadan kal\u0131r. &nbsp;<\/p>\n","protected":false},"featured_media":2797,"template":"","meta":[],"product_brand":[],"product_cat":[61,64,207],"product_tag":[221],"class_list":{"0":"post-2796","1":"product","2":"type-product","3":"status-publish","4":"has-post-thumbnail","6":"product_cat-at-resmi-yagliboya-tablo","7":"product_cat-tum-yagliboya-tablolar","8":"product_cat-zsk-orjinal-yagliboya-tablo","9":"product_tag-kabartmali-tablo","11":"first","12":"instock","13":"shipping-taxable","14":"purchasable","15":"product-type-simple"},"_links":{"self":[{"href":"https:\/\/elyapimitablo.com\/tr\/wp-json\/wp\/v2\/product\/2796","targetHints":{"allow":["GET"]}}],"collection":[{"href":"https:\/\/elyapimitablo.com\/tr\/wp-json\/wp\/v2\/product"}],"about":[{"href":"https:\/\/elyapimitablo.com\/tr\/wp-json\/wp\/v2\/types\/product"}],"wp:featuredmedia":[{"embeddable":true,"href":"https:\/\/elyapimitablo.com\/tr\/wp-json\/wp\/v2\/media\/2797"}],"wp:attachment":[{"href":"https:\/\/elyapimitablo.com\/tr\/wp-json\/wp\/v2\/media?parent=2796"}],"wp:term":[{"taxonomy":"product_brand","embeddable":true,"href":"https:\/\/elyapimitablo.com\/tr\/wp-json\/wp\/v2\/product_brand?post=2796"},{"taxonomy":"product_cat","embeddable":true,"href":"https:\/\/elyapimitablo.com\/tr\/wp-json\/wp\/v2\/product_cat?post=2796"},{"taxonomy":"product_tag","embeddable":true,"href":"https:\/\/elyapimitablo.com\/tr\/wp-json\/wp\/v2\/product_tag?post=2796"}],"curies":[{"name":"wp","href":"https:\/\/api.w.org\/{rel}","templated":true}]}}