{"id":2790,"date":"2025-08-11T06:13:53","date_gmt":"2025-08-11T06:13:53","guid":{"rendered":"https:\/\/elyapimitablo.com\/tr\/?post_type=product&#038;p=2790"},"modified":"2026-02-04T17:36:54","modified_gmt":"2026-02-04T17:36:54","slug":"zsk-kaplumbaga-terbiyecisi-2-in-1-cerceve-nakliye-dahil","status":"publish","type":"product","link":"https:\/\/elyapimitablo.com\/tr\/urun\/zsk-kaplumbaga-terbiyecisi-2-in-1-cerceve-nakliye-dahil\/","title":{"rendered":"ZSK | Kaplumba\u011fa Terbiyecisi |  2 in 1 |"},"content":{"rendered":"<p>Kaplumba\u011fa Terbiyecisi Reprod\u00fcksiyon Zeliha Say\u0131l\u0131k K\u00fc\u00e7\u00fck imzal\u0131.<\/p>\n<figure id=\"attachment_2842\" aria-describedby=\"caption-attachment-2842\" style=\"width: 980px\" class=\"wp-caption alignnone\"><img loading=\"lazy\" decoding=\"async\" class=\"size-large wp-image-2842\" src=\"https:\/\/elyapimitablo.com\/tr\/wp-content\/uploads\/kaplumbaga-terbiyecisi-2in1-ready-to-pack-1024x768.jpg\" alt=\"kaplumba\u011fa-terbiyecisi-2in1-reproduction-2026\" width=\"980\" height=\"735\" srcset=\"https:\/\/elyapimitablo.com\/tr\/wp-content\/uploads\/kaplumbaga-terbiyecisi-2in1-ready-to-pack-1024x768.jpg 1024w, https:\/\/elyapimitablo.com\/tr\/wp-content\/uploads\/kaplumbaga-terbiyecisi-2in1-ready-to-pack-300x225.jpg 300w, https:\/\/elyapimitablo.com\/tr\/wp-content\/uploads\/kaplumbaga-terbiyecisi-2in1-ready-to-pack-150x113.jpg 150w, https:\/\/elyapimitablo.com\/tr\/wp-content\/uploads\/kaplumbaga-terbiyecisi-2in1-ready-to-pack-768x576.jpg 768w, https:\/\/elyapimitablo.com\/tr\/wp-content\/uploads\/kaplumbaga-terbiyecisi-2in1-ready-to-pack-1536x1152.jpg 1536w, https:\/\/elyapimitablo.com\/tr\/wp-content\/uploads\/kaplumbaga-terbiyecisi-2in1-ready-to-pack-416x312.jpg 416w, https:\/\/elyapimitablo.com\/tr\/wp-content\/uploads\/kaplumbaga-terbiyecisi-2in1-ready-to-pack.jpg 1600w\" sizes=\"auto, (max-width: 980px) 100vw, 980px\" \/><figcaption id=\"caption-attachment-2842\" class=\"wp-caption-text\">kaplumba\u011fa-terbiyecisi-2in1-reproduction-2026<\/figcaption><\/figure>\n<p>&nbsp;<\/p>\n<p>Nakliye fiyata dahildir.<br \/>\n\u00c7er\u00e7eve fiyata dahil de\u011fildir, \u00f6zel \u00e7er\u00e7eve modelleri i\u00e7in bilgi al\u0131n\u0131z. Resimdeki \u00e7er\u00e7eveler i\u00e7in +4500 tl ( 1 ocak 2026 tarihine kadar ge\u00e7erlidir)<br \/>\nOrant\u0131l\u0131 olarak istenilen boyutlarda \u00e7al\u0131\u015f\u0131lmaktad\u0131r. 46 x 85 cm boyutu i\u00e7in fiyat verilmi\u015ftir.<br \/>\nTamamen el yap\u0131m\u0131 olarak \u00e7al\u0131\u015f\u0131lmaktad\u0131r, 1. s\u0131n\u0131f ya\u011fl\u0131boya ve 380 gr pamuklu tuval bezi kullan\u0131lmaktad\u0131r.<br \/>\nSet olarak indirimli fiyatt\u0131r. indirim 1 ocak 2026 tarihine kadar ge\u00e7erlidir.<\/p>\n<figure id=\"attachment_2843\" aria-describedby=\"caption-attachment-2843\" style=\"width: 980px\" class=\"wp-caption alignnone\"><img loading=\"lazy\" decoding=\"async\" class=\"size-large wp-image-2843\" src=\"https:\/\/elyapimitablo.com\/tr\/wp-content\/uploads\/kaplumbaga-terbiyecisi-v1-compared-2026-1024x922.jpg\" alt=\"kaplumbaga-terbiyecisi-versiyon1-reproduksiyon-karsilastirma-2026\" width=\"980\" height=\"882\" srcset=\"https:\/\/elyapimitablo.com\/tr\/wp-content\/uploads\/kaplumbaga-terbiyecisi-v1-compared-2026-1024x922.jpg 1024w, https:\/\/elyapimitablo.com\/tr\/wp-content\/uploads\/kaplumbaga-terbiyecisi-v1-compared-2026-300x270.jpg 300w, https:\/\/elyapimitablo.com\/tr\/wp-content\/uploads\/kaplumbaga-terbiyecisi-v1-compared-2026-150x135.jpg 150w, https:\/\/elyapimitablo.com\/tr\/wp-content\/uploads\/kaplumbaga-terbiyecisi-v1-compared-2026-768x692.jpg 768w, https:\/\/elyapimitablo.com\/tr\/wp-content\/uploads\/kaplumbaga-terbiyecisi-v1-compared-2026-416x375.jpg 416w, https:\/\/elyapimitablo.com\/tr\/wp-content\/uploads\/kaplumbaga-terbiyecisi-v1-compared-2026.jpg 1225w\" sizes=\"auto, (max-width: 980px) 100vw, 980px\" \/><figcaption id=\"caption-attachment-2843\" class=\"wp-caption-text\">kaplumbaga-terbiyecisi-versiyon1-reproduksiyon-karsilastirma-2026<\/figcaption><\/figure>\n<hr \/>\n<figure id=\"attachment_2844\" aria-describedby=\"caption-attachment-2844\" style=\"width: 980px\" class=\"wp-caption alignnone\"><img loading=\"lazy\" decoding=\"async\" class=\"size-large wp-image-2844\" src=\"https:\/\/elyapimitablo.com\/tr\/wp-content\/uploads\/kaplumbaga-terbiyecisi-v2-compared-2026-1024x922.jpg\" alt=\"kaplumbaga-terbiyecisi-versiyon2-reproduksiyon-karsilastirma-2026\" width=\"980\" height=\"882\" srcset=\"https:\/\/elyapimitablo.com\/tr\/wp-content\/uploads\/kaplumbaga-terbiyecisi-v2-compared-2026-1024x922.jpg 1024w, https:\/\/elyapimitablo.com\/tr\/wp-content\/uploads\/kaplumbaga-terbiyecisi-v2-compared-2026-300x270.jpg 300w, https:\/\/elyapimitablo.com\/tr\/wp-content\/uploads\/kaplumbaga-terbiyecisi-v2-compared-2026-150x135.jpg 150w, https:\/\/elyapimitablo.com\/tr\/wp-content\/uploads\/kaplumbaga-terbiyecisi-v2-compared-2026-768x692.jpg 768w, https:\/\/elyapimitablo.com\/tr\/wp-content\/uploads\/kaplumbaga-terbiyecisi-v2-compared-2026-416x375.jpg 416w, https:\/\/elyapimitablo.com\/tr\/wp-content\/uploads\/kaplumbaga-terbiyecisi-v2-compared-2026.jpg 1225w\" sizes=\"auto, (max-width: 980px) 100vw, 980px\" \/><figcaption id=\"caption-attachment-2844\" class=\"wp-caption-text\">kaplumbaga-terbiyecisi-versiyon2-reproduksiyon-karsilastirma-2026<\/figcaption><\/figure>\n<hr \/>\n<blockquote class=\"wp-embedded-content\" data-secret=\"QR63CWN3G1\"><p><a href=\"https:\/\/elyapimitablo.com\/tr\/urun\/zsk-osman-hamdi-bey-kaplumbaga-terbiyecisi-reproduksiyon-yagliboya-tablo-oil-painting-on-canvas\/\">ZSK | Osman Hamdi Bey Kaplumba\u011fa Terbiyecisi Reprod\u00fcksiyon Ya\u011fl\u0131boya Tablo<\/a><\/p><\/blockquote>\n<p><iframe loading=\"lazy\" class=\"wp-embedded-content\" sandbox=\"allow-scripts\" security=\"restricted\" style=\"position: absolute; visibility: hidden;\" title=\"&#8220;ZSK | Osman Hamdi Bey Kaplumba\u011fa Terbiyecisi Reprod\u00fcksiyon Ya\u011fl\u0131boya Tablo&#8221; &#8212; Elyapimitablo.com\" src=\"https:\/\/elyapimitablo.com\/tr\/urun\/zsk-osman-hamdi-bey-kaplumbaga-terbiyecisi-reproduksiyon-yagliboya-tablo-oil-painting-on-canvas\/embed\/#?secret=H909ow6nEW#?secret=QR63CWN3G1\" data-secret=\"QR63CWN3G1\" width=\"600\" height=\"338\" frameborder=\"0\" marginwidth=\"0\" marginheight=\"0\" scrolling=\"no\"><\/iframe><\/p>\n<blockquote class=\"wp-embedded-content\" data-secret=\"XUZf8SaVMt\"><p><a href=\"https:\/\/elyapimitablo.com\/tr\/urun\/zsk-osman-hamdi-bey-kaplumbaga-terbiyecisi-v2-reproduksiyon-yagliboya-tablo-oil-painting-on-canvas\/\">ZSK | Osman Hamdi Bey Kaplumba\u011fa Terbiyecisi versiyon 2 Reprod\u00fcksiyon Ya\u011fl\u0131boya Tablo<\/a><\/p><\/blockquote>\n<p><iframe loading=\"lazy\" class=\"wp-embedded-content\" sandbox=\"allow-scripts\" security=\"restricted\" style=\"position: absolute; visibility: hidden;\" title=\"&#8220;ZSK | Osman Hamdi Bey Kaplumba\u011fa Terbiyecisi versiyon 2 Reprod\u00fcksiyon Ya\u011fl\u0131boya Tablo&#8221; &#8212; Elyapimitablo.com\" src=\"https:\/\/elyapimitablo.com\/tr\/urun\/zsk-osman-hamdi-bey-kaplumbaga-terbiyecisi-v2-reproduksiyon-yagliboya-tablo-oil-painting-on-canvas\/embed\/#?secret=kBtXPLxtHx#?secret=XUZf8SaVMt\" data-secret=\"XUZf8SaVMt\" width=\"600\" height=\"338\" frameborder=\"0\" marginwidth=\"0\" marginheight=\"0\" scrolling=\"no\"><\/iframe><\/p>\n<p>&nbsp;<\/p>\n","protected":false},"excerpt":{"rendered":"<p>Kaplumba\u011fa Terbiyecisi Reprod\u00fcksiyon Zeliha Say\u0131l\u0131k K\u00fc\u00e7\u00fck imzal\u0131. &nbsp; Nakliye fiyata dahildir. \u00c7er\u00e7eve fiyata dahil de\u011fildir, \u00f6zel \u00e7er\u00e7eve modelleri i\u00e7in bilgi al\u0131n\u0131z. Resimdeki \u00e7er\u00e7eveler i\u00e7in +4500 tl ( 1 ocak 2026 tarihine kadar ge\u00e7erlidir) Orant\u0131l\u0131 olarak istenilen boyutlarda \u00e7al\u0131\u015f\u0131lmaktad\u0131r. 46 x 85 cm boyutu i\u00e7in fiyat verilmi\u015ftir. Tamamen el yap\u0131m\u0131 olarak \u00e7al\u0131\u015f\u0131lmaktad\u0131r, 1. s\u0131n\u0131f ya\u011fl\u0131boya ve [&hellip;]<\/p>\n","protected":false},"featured_media":2845,"template":"","meta":[],"product_brand":[],"product_cat":[78,64],"product_tag":[107],"class_list":{"0":"post-2790","1":"product","2":"type-product","3":"status-publish","4":"has-post-thumbnail","6":"product_cat-reproduksiyon-yagliboya-tablo","7":"product_cat-tum-yagliboya-tablolar","8":"product_tag-osman-hamdi-bey","10":"first","11":"outofstock","12":"shipping-taxable","13":"purchasable","14":"product-type-variable"},"_links":{"self":[{"href":"https:\/\/elyapimitablo.com\/tr\/wp-json\/wp\/v2\/product\/2790","targetHints":{"allow":["GET"]}}],"collection":[{"href":"https:\/\/elyapimitablo.com\/tr\/wp-json\/wp\/v2\/product"}],"about":[{"href":"https:\/\/elyapimitablo.com\/tr\/wp-json\/wp\/v2\/types\/product"}],"wp:featuredmedia":[{"embeddable":true,"href":"https:\/\/elyapimitablo.com\/tr\/wp-json\/wp\/v2\/media\/2845"}],"wp:attachment":[{"href":"https:\/\/elyapimitablo.com\/tr\/wp-json\/wp\/v2\/media?parent=2790"}],"wp:term":[{"taxonomy":"product_brand","embeddable":true,"href":"https:\/\/elyapimitablo.com\/tr\/wp-json\/wp\/v2\/product_brand?post=2790"},{"taxonomy":"product_cat","embeddable":true,"href":"https:\/\/elyapimitablo.com\/tr\/wp-json\/wp\/v2\/product_cat?post=2790"},{"taxonomy":"product_tag","embeddable":true,"href":"https:\/\/elyapimitablo.com\/tr\/wp-json\/wp\/v2\/product_tag?post=2790"}],"curies":[{"name":"wp","href":"https:\/\/api.w.org\/{rel}","templated":true}]}}