{"id":2761,"date":"2025-04-01T17:11:33","date_gmt":"2025-04-01T17:11:33","guid":{"rendered":"https:\/\/elyapimitablo.com\/tr\/?post_type=product&#038;p=2761"},"modified":"2025-07-10T07:46:59","modified_gmt":"2025-07-10T07:46:59","slug":"zsk-bob-ross-kamp-atesi-reproduksiyon-buyuk-yagliboya-tablo-90-x-75-cm","status":"publish","type":"product","link":"https:\/\/elyapimitablo.com\/tr\/urun\/zsk-bob-ross-kamp-atesi-reproduksiyon-buyuk-yagliboya-tablo-90-x-75-cm\/","title":{"rendered":"ZSK | Bob Ross Kamp Ate\u015fi Reprod\u00fcksiyon B\u00fcy\u00fck Ya\u011fl\u0131boya Tablo | 90 x 75 cm"},"content":{"rendered":"<h1>ZSK | Bob Ross Kamp Ate\u015fi Reprod\u00fcksiyon B\u00fcy\u00fck Ya\u011fl\u0131boya Tablo | 90 x 75 cm<\/h1>\n<figure id=\"attachment_2763\" aria-describedby=\"caption-attachment-2763\" style=\"width: 980px\" class=\"wp-caption alignnone\"><img loading=\"lazy\" decoding=\"async\" class=\"size-large wp-image-2763\" src=\"https:\/\/elyapimitablo.com\/tr\/wp-content\/uploads\/bob-ross-campfire-reproduction-compared-ZSK-1024x425.jpg\" alt=\"bob-ross-campfire-reproduction-ZSK\" width=\"980\" height=\"407\" srcset=\"https:\/\/elyapimitablo.com\/tr\/wp-content\/uploads\/bob-ross-campfire-reproduction-compared-ZSK-1024x425.jpg 1024w, https:\/\/elyapimitablo.com\/tr\/wp-content\/uploads\/bob-ross-campfire-reproduction-compared-ZSK-300x124.jpg 300w, https:\/\/elyapimitablo.com\/tr\/wp-content\/uploads\/bob-ross-campfire-reproduction-compared-ZSK-150x62.jpg 150w, https:\/\/elyapimitablo.com\/tr\/wp-content\/uploads\/bob-ross-campfire-reproduction-compared-ZSK-768x318.jpg 768w, https:\/\/elyapimitablo.com\/tr\/wp-content\/uploads\/bob-ross-campfire-reproduction-compared-ZSK-1536x637.jpg 1536w, https:\/\/elyapimitablo.com\/tr\/wp-content\/uploads\/bob-ross-campfire-reproduction-compared-ZSK-2048x849.jpg 2048w, https:\/\/elyapimitablo.com\/tr\/wp-content\/uploads\/bob-ross-campfire-reproduction-compared-ZSK-416x173.jpg 416w\" sizes=\"auto, (max-width: 980px) 100vw, 980px\" \/><figcaption id=\"caption-attachment-2763\" class=\"wp-caption-text\">bob-ross-campfire-reproduction-ZSK<\/figcaption><\/figure>\n<p>&nbsp;<\/p>\n<p>Bob Ross, \u00f6zellikle do\u011fa manzaralar\u0131 ve sakinle\u015ftirici renk paletleriyle \u00fcnl\u00fcd\u00fcr.\u00a0 Hepimizin \u00e7ocukluk d\u00f6neminde bir yeri vard\u0131r diye d\u00fc\u015f\u00fcn\u00fcyorum. &#8220;Kamp Ate\u015fi&#8221; tablosu,\u00a0 huzur ve dinginlik veren bir atmosfer yarat\u0131r. Bu ya\u011fl\u0131boya tablo \u00e7al\u0131\u015fmas\u0131 do\u011fan\u0131n g\u00fczelliklerini ve huzuru simgeler. Bu g\u00fczel resmi \u00f6nemli bir m\u00fc\u015fterimizin \u00f6zel sipari\u015fi \u00fczerine \u00e7al\u0131\u015fmaktan \u00e7ok mutluyum.<\/p>\n<h3>Bob Ross Kamp Ate\u015fi Tablosu Hakk\u0131nda Bilgiler<\/h3>\n<p>Bob Ross\u2019un <strong>&#8220;Kamp Ate\u015fi&#8221; tablosu<\/strong>, sanat\u00e7\u0131n\u0131n tipik \u00f6zelliklerini ta\u015f\u0131yan, do\u011fa ile i\u00e7 i\u00e7e bir sahneyi yans\u0131t\u0131r. Tablo, orman\u0131n derinliklerinde bir kamp alan\u0131 ve ate\u015f etraf\u0131nda toplanm\u0131\u015f a\u011fa\u00e7lar\u0131 ve \u00e7al\u0131l\u0131klar\u0131 betimler. Bu t\u00fcr sahnelerde Ross, genellikle s\u0131cak renk tonlar\u0131 kullanarak izleyicilere bir i\u00e7 s\u0131cakl\u0131k hissi vermeyi ama\u00e7lar. Tablo, insan\u0131 rahatlatan ve do\u011fa ile ba\u011flant\u0131 kurmaya te\u015fvik eden bir hava yarat\u0131r.<\/p>\n<div style=\"width: 848px;\" class=\"wp-video\"><video class=\"wp-video-shortcode\" id=\"video-2761-1\" width=\"848\" height=\"480\" preload=\"metadata\" controls=\"controls\"><source type=\"video\/mp4\" src=\"https:\/\/elyapimitablo.com\/tr\/wp-content\/uploads\/bob-ross-campfire-zsk-fast-prev.mp4?_=1\" \/><a href=\"https:\/\/elyapimitablo.com\/tr\/wp-content\/uploads\/bob-ross-campfire-zsk-fast-prev.mp4\">https:\/\/elyapimitablo.com\/tr\/wp-content\/uploads\/bob-ross-campfire-zsk-fast-prev.mp4<\/a><\/video><\/div>\n<h3>Bob Ross&#8217;un &#8220;Kamp Ate\u015fi&#8221; Tablosundaki Temalar<\/h3>\n<ul>\n<li><strong>Do\u011fan\u0131n G\u00fcc\u00fc ve G\u00fczelli\u011fi<\/strong>: Bob Ross&#8217;un eserlerinde do\u011fa her zaman \u00f6n planda olup, bu eserde de g\u00fc\u00e7l\u00fc a\u011fa\u00e7lar, ta\u015flar ve ayd\u0131nl\u0131k bir kamp ate\u015fi \u00f6n plana \u00e7\u0131kar.<\/li>\n<li><strong>Huzur ve Sakinlik<\/strong>: Ross\u2019un tablosunda kullan\u0131lan renkler ve kompozisyonlar, izleyiciye huzur veren bir atmosfer yarat\u0131r.<\/li>\n<li><strong>Sanat\u00e7\u0131n\u0131n Sade ve Yal\u0131n Anlat\u0131m\u0131<\/strong>: Bob Ross\u2019un tarz\u0131, \u00e7ok detayl\u0131 olmaktan \u00e7ok izleyicinin duygusal olarak do\u011fayla ba\u011flant\u0131 kurmas\u0131na olanak tan\u0131r.<\/li>\n<\/ul>\n<p><strong>* Ressam Zeliha Say\u0131l\u0131 K\u00fc\u00e7\u00fck imzal\u0131d\u0131r.\u00a0 <\/strong><\/p>\n<p>* Ya\u011fl\u0131boya tablo resimlerini istedi\u011finiz \u00f6zel \u00f6l\u00e7\u00fclerde sipari\u015f etmek i\u00e7in bilgi alabilirsiniz.<\/p>\n<p><strong>* \u00d6zel ya\u011fl\u0131boya tablo sipari\u015fleriniz i\u00e7in bilgi al\u0131n\u0131z.<\/strong><\/p>\n<p>* %100 el yap\u0131m\u0131 olarak yap\u0131lmaktad\u0131r.\u00a0 Makine bask\u0131s\u0131 \u00fczerine k\u0131s\u0131tl\u0131 bir k\u0131sm\u0131 ressam taraf\u0131ndan boyanan resimler ile k\u0131yaslamay\u0131n\u0131z. * PVC \u00fczerine seri \u00fcretim makine bask\u0131s\u0131 tablo sat\u0131\u015f\u0131m\u0131z yoktur. T\u00fcm resimlerimiz %100 el yap\u0131m\u0131 tuval bezi \u00fczerine 1. kalite ya\u011fl\u0131boyad\u0131r.<\/p>\n<p>* Uzun \u00f6m\u00fcrl\u00fcd\u00fcr, uzun y\u0131llar renkler solmadan ayn\u0131 \u015fekilde kalacakt\u0131r.<\/p>\n<p>* B\u00fcy\u00fck boyut i\u00e7in fiyat verilmi\u015ftir, boyut i\u00e7in bilgi al\u0131n\u0131z ihtiyac\u0131n\u0131za g\u00f6re orant\u0131l\u0131 olarak boyutu ayarlanabilmektedir.<\/p>\n<p>* \u00c7er\u00e7eve fiyat\u0131 se\u00e7ime g\u00f6re de\u011fi\u015fmekte, fiyata dahil de\u011fildir.<\/p>\n<p>* Nakliye fiyata dahildir.<\/p>\n<p>* Sertifikal\u0131, yat\u0131r\u0131m i\u00e7in uygundur.<\/p>\n<p>* 3 ve \u00fczeri \u00e7oklu al\u0131mlar i\u00e7in \u00f6zel fiyat alabilirsiniz.<\/p>\n<p><strong>Ev ve ofis dekorasyonunda kullanabilece\u011finiz reprod\u00fcksiyon \u00f6zel tasar\u0131m tablolar i\u00e7in di\u011fer tablolar\u0131m\u0131z\u0131 inceleyin. \u00c7ok b\u00fcy\u00fck ebat tablo sipari\u015fleriniz adresinizde teslim ve adresinizde montaj hizmeti ile teslim edilir, \u00f6zel boyutlu resimler i\u00e7in bilgi al\u0131n\u0131z.<\/strong><\/p>\n<p>&nbsp;<\/p>\n<p>&nbsp;<\/p>\n","protected":false},"excerpt":{"rendered":"<p>ZSK | Bob Ross Kamp Ate\u015fi Reprod\u00fcksiyon B\u00fcy\u00fck Ya\u011fl\u0131boya Tablo | 90 x 75 cm &nbsp; Bob Ross, \u00f6zellikle do\u011fa manzaralar\u0131 ve sakinle\u015ftirici renk paletleriyle \u00fcnl\u00fcd\u00fcr.\u00a0 Hepimizin \u00e7ocukluk d\u00f6neminde bir yeri vard\u0131r diye d\u00fc\u015f\u00fcn\u00fcyorum. &#8220;Kamp Ate\u015fi&#8221; tablosu,\u00a0 huzur ve dinginlik veren bir atmosfer yarat\u0131r. Bu ya\u011fl\u0131boya tablo \u00e7al\u0131\u015fmas\u0131 do\u011fan\u0131n g\u00fczelliklerini ve huzuru simgeler. Bu g\u00fczel [&hellip;]<\/p>\n","protected":false},"featured_media":2762,"template":"","meta":[],"product_brand":[],"product_cat":[208,93,123,97,78,64],"product_tag":[217,68],"class_list":{"0":"post-2761","1":"product","2":"type-product","3":"status-publish","4":"has-post-thumbnail","6":"product_cat-buyuk-yagliboya-tablolar","7":"product_cat-gol-manzarali-tablo","8":"product_cat-manzara-resmi-tablo","9":"product_cat-ozel-siparis-reproduksiyon-tablolar","10":"product_cat-reproduksiyon-yagliboya-tablo","11":"product_cat-tum-yagliboya-tablolar","12":"product_tag-bob-ross-tablo","13":"product_tag-manzara-tablo","15":"first","16":"instock","17":"shipping-taxable","18":"purchasable","19":"product-type-simple"},"_links":{"self":[{"href":"https:\/\/elyapimitablo.com\/tr\/wp-json\/wp\/v2\/product\/2761","targetHints":{"allow":["GET"]}}],"collection":[{"href":"https:\/\/elyapimitablo.com\/tr\/wp-json\/wp\/v2\/product"}],"about":[{"href":"https:\/\/elyapimitablo.com\/tr\/wp-json\/wp\/v2\/types\/product"}],"wp:featuredmedia":[{"embeddable":true,"href":"https:\/\/elyapimitablo.com\/tr\/wp-json\/wp\/v2\/media\/2762"}],"wp:attachment":[{"href":"https:\/\/elyapimitablo.com\/tr\/wp-json\/wp\/v2\/media?parent=2761"}],"wp:term":[{"taxonomy":"product_brand","embeddable":true,"href":"https:\/\/elyapimitablo.com\/tr\/wp-json\/wp\/v2\/product_brand?post=2761"},{"taxonomy":"product_cat","embeddable":true,"href":"https:\/\/elyapimitablo.com\/tr\/wp-json\/wp\/v2\/product_cat?post=2761"},{"taxonomy":"product_tag","embeddable":true,"href":"https:\/\/elyapimitablo.com\/tr\/wp-json\/wp\/v2\/product_tag?post=2761"}],"curies":[{"name":"wp","href":"https:\/\/api.w.org\/{rel}","templated":true}]}}