{"id":2752,"date":"2025-03-09T14:09:52","date_gmt":"2025-03-09T14:09:52","guid":{"rendered":"https:\/\/elyapimitablo.com\/tr\/?post_type=product&#038;p=2752"},"modified":"2025-07-08T06:28:46","modified_gmt":"2025-07-08T06:28:46","slug":"zsk-el-yapimi-yagliboya-tablo-henri-matisse-cat-reproduksiyon","status":"publish","type":"product","link":"https:\/\/elyapimitablo.com\/tr\/urun\/zsk-el-yapimi-yagliboya-tablo-henri-matisse-cat-reproduksiyon\/","title":{"rendered":"ZSK | El Yap\u0131m\u0131 Ya\u011fl\u0131boya Tablo | Henri Matisse &#8211; Cat Reprod\u00fcksiyon"},"content":{"rendered":"<h1>ZSK | El Yap\u0131m\u0131 Ya\u011fl\u0131boya Tablo | Henri Matisse &#8211; Cat Reprod\u00fcksiyon<\/h1>\n<p>* Ressam Zeliha Say\u0131l\u0131 K\u00fc\u00e7\u00fck imzal\u0131d\u0131r. Reprod\u00fcksiyon olarak yap\u0131lm\u0131\u015ft\u0131r.\u00a0 Boyut 70 x 105. Ofisiniz veya evinize uygun olarak orant\u0131l\u0131 \u015fekilde daha b\u00fcy\u00fck veya daha k\u00fc\u00e7\u00fck \u00e7al\u0131\u015f\u0131labilir. Fiyat boyuta g\u00f6re de\u011fi\u015fmektedir.<\/p>\n<p><strong>* \u00d6zel ya\u011fl\u0131boya tablo sipari\u015fleriniz i\u00e7in bilgi al\u0131n\u0131z.<\/strong><\/p>\n<p>* %100 el yap\u0131m\u0131 olarak yap\u0131lmaktad\u0131r.\u00a0 Makine bask\u0131s\u0131 resimlerin \u00fczerine k\u0131s\u0131tl\u0131 bir k\u0131sm\u0131 ressam taraf\u0131ndan boyanan resimler ile k\u0131yaslamay\u0131n\u0131z.<\/p>\n<p>* 1. s\u0131n\u0131f kalite ya\u011fl\u0131boya kullan\u0131lmakta, uzun \u00f6m\u00fcrl\u00fc renkler solmaz. 5+ y\u0131l.<\/p>\n<p>* \u00c7er\u00e7eve fiyat\u0131 se\u00e7ime g\u00f6re de\u011fi\u015fmekte, fiyata dahil de\u011fildir.<\/p>\n<p>* Nakliye fiyata dahildir.<\/p>\n<p>* PVC \u00fczerine seri \u00fcretim makine bask\u0131s\u0131 tablo sat\u0131\u015f\u0131m\u0131z yoktur. T\u00fcm resimlerimiz %100 el yap\u0131m\u0131 tuval bezi \u00fczerine 1. kalite ya\u011fl\u0131boyad\u0131r.<\/p>\n<p>* Sertifikal\u0131, yat\u0131r\u0131m i\u00e7in uygundur.<\/p>\n<p>* 3 ve \u00fczeri \u00e7oklu al\u0131mlar i\u00e7in \u00f6zel fiyat alabilirsiniz.<\/p>\n<p>Ev ve ofis dekorasyonunda kullanabilece\u011finiz reprod\u00fcksiyon \u00f6zel tasar\u0131m tablolar i\u00e7in di\u011fer tablolar\u0131m\u0131z\u0131 inceleyin. \u00c7ok b\u00fcy\u00fck ebat tablo sipari\u015fleriniz adresinizde teslim ve adresinizde montaj hizmeti ile teslim edilir, \u00f6zel boyutlu resimler i\u00e7in bilgi al\u0131n\u0131z.<\/p>\n<p><a href=\"https:\/\/404.net.tr\/bestpainters\/\">https:\/\/404.net.tr\/bestpainters\/<\/a>\u00a0adresinden eski ressamlar\u0131n tablolar\u0131n\u0131 inceleyebilirsiniz.<\/p>\n<p>Henri Matisse, 20. y\u00fczy\u0131l\u0131n en \u00f6nemli sanat\u00e7\u0131lar\u0131ndan biri olarak, \u00f6zellikle ya\u011fl\u0131boya tablo eserleriyle tan\u0131nm\u0131\u015ft\u0131r. Sanat kariyerinde renklerin g\u00fcc\u00fcn\u00fc ve duygusal etkilerini \u00f6n plana \u00e7\u0131karan Matisse, fig\u00fcratif ve soyut unsurlar\u0131 bir arada kullanarak resim sanat\u0131nda devrim yaratm\u0131\u015ft\u0131r. \u00d6zellikle fauvizm ak\u0131m\u0131n\u0131n \u00f6nc\u00fcs\u00fc olarak, do\u011fan\u0131n ve insan formunun ger\u00e7ek\u00e7i temsili yerine, duygusal ifadeyi vurgulam\u0131\u015ft\u0131r. Ya\u011fl\u0131boya tablo eserlerinde, canl\u0131 renkler ve \u00f6zg\u00fcr \u00e7izgiler belirgin bir \u015fekilde kullan\u0131lm\u0131\u015ft\u0131r.<\/p>\n<p>Matisse\u2019in ya\u011fl\u0131boya tablo eserlerinde genellikle i\u00e7 mekanlar, portreler ve fig\u00fcratif unsurlar yer al\u0131r. Fig\u00fcrleri soyutlamak yerine zarif bir \u015fekilde betimlemeyi tercih eden sanat\u00e7\u0131, eserlerinde fig\u00fcrlerle \u00e7evresindeki desenler aras\u0131nda g\u00fc\u00e7l\u00fc bir ili\u015fki kurarak izleyiciyi b\u00fct\u00fcnl\u00fck hissine y\u00f6nlendirir. Ayr\u0131ca, hareket ve dinamizm yaratmak i\u00e7in renkler ve desenlerin birle\u015fimini s\u0131k\u00e7a kullanm\u0131\u015ft\u0131r. Matisse&#8217;in bu tarz\u0131, sadece bir sanat\u00e7\u0131 olarak de\u011fil, ayn\u0131 zamanda bir tasar\u0131mc\u0131 olarak da tan\u0131nmas\u0131n\u0131 sa\u011flam\u0131\u015ft\u0131r.<\/p>\n<p>Matisse\u2019in ilerleyen y\u0131llarda yapt\u0131\u011f\u0131 ya\u011fl\u0131boya tablo eserleri, daha minimal bir yakla\u015f\u0131ma do\u011fru evrilmi\u015ftir. \u00d6zellikle son d\u00f6nemlerinde, renkleri ve bi\u00e7imleri soyut d\u00fc\u015f\u00fcncelerle harmanlayarak sanat\u0131 \u00e7ok daha \u00f6zg\u00fcr bir d\u00fczeye ta\u015f\u0131m\u0131\u015ft\u0131r. Ya\u011fl\u0131boya tablo eserleri, sanat d\u00fcnyas\u0131nda ona geni\u015f bir etki alan\u0131 yaratm\u0131\u015f ve modern sanat\u0131n \u015fekillenmesinde \u00f6nemli bir rol oynam\u0131\u015ft\u0131r. B\u00f6yle g\u00fczel bir resmi yapmaktan dolay\u0131 \u00e7ok mutlu oldum.<\/p>\n<p>ZSK<\/p>\n","protected":false},"excerpt":{"rendered":"<p>ZSK | El Yap\u0131m\u0131 Ya\u011fl\u0131boya Tablo | Henri Matisse &#8211; Cat Reprod\u00fcksiyon * Ressam Zeliha Say\u0131l\u0131 K\u00fc\u00e7\u00fck imzal\u0131d\u0131r. Reprod\u00fcksiyon olarak yap\u0131lm\u0131\u015ft\u0131r.\u00a0 Boyut 70 x 105. Ofisiniz veya evinize uygun olarak orant\u0131l\u0131 \u015fekilde daha b\u00fcy\u00fck veya daha k\u00fc\u00e7\u00fck \u00e7al\u0131\u015f\u0131labilir. Fiyat boyuta g\u00f6re de\u011fi\u015fmektedir. * \u00d6zel ya\u011fl\u0131boya tablo sipari\u015fleriniz i\u00e7in bilgi al\u0131n\u0131z. * %100 el yap\u0131m\u0131 olarak [&hellip;]<\/p>\n","protected":false},"featured_media":2754,"template":"","meta":[],"product_brand":[],"product_cat":[214,78,64],"product_tag":[218],"class_list":{"0":"post-2752","1":"product","2":"type-product","3":"status-publish","4":"has-post-thumbnail","6":"product_cat-henri-matisse-reproduksiyon","7":"product_cat-reproduksiyon-yagliboya-tablo","8":"product_cat-tum-yagliboya-tablolar","9":"product_tag-henri-matisse-tablo","11":"first","12":"instock","13":"shipping-taxable","14":"purchasable","15":"product-type-simple"},"_links":{"self":[{"href":"https:\/\/elyapimitablo.com\/tr\/wp-json\/wp\/v2\/product\/2752","targetHints":{"allow":["GET"]}}],"collection":[{"href":"https:\/\/elyapimitablo.com\/tr\/wp-json\/wp\/v2\/product"}],"about":[{"href":"https:\/\/elyapimitablo.com\/tr\/wp-json\/wp\/v2\/types\/product"}],"wp:featuredmedia":[{"embeddable":true,"href":"https:\/\/elyapimitablo.com\/tr\/wp-json\/wp\/v2\/media\/2754"}],"wp:attachment":[{"href":"https:\/\/elyapimitablo.com\/tr\/wp-json\/wp\/v2\/media?parent=2752"}],"wp:term":[{"taxonomy":"product_brand","embeddable":true,"href":"https:\/\/elyapimitablo.com\/tr\/wp-json\/wp\/v2\/product_brand?post=2752"},{"taxonomy":"product_cat","embeddable":true,"href":"https:\/\/elyapimitablo.com\/tr\/wp-json\/wp\/v2\/product_cat?post=2752"},{"taxonomy":"product_tag","embeddable":true,"href":"https:\/\/elyapimitablo.com\/tr\/wp-json\/wp\/v2\/product_tag?post=2752"}],"curies":[{"name":"wp","href":"https:\/\/api.w.org\/{rel}","templated":true}]}}