{"id":2684,"date":"2024-12-07T16:49:48","date_gmt":"2024-12-07T16:49:48","guid":{"rendered":"https:\/\/elyapimitablo.com\/tr\/?post_type=product&#038;p=2684"},"modified":"2026-03-19T11:48:23","modified_gmt":"2026-03-19T11:48:23","slug":"zsk-salon-icin-buyuk-yagliboya-tablo-reproduksiyon-yagliboya-tablo-80-x-120","status":"publish","type":"product","link":"https:\/\/elyapimitablo.com\/tr\/urun\/zsk-salon-icin-buyuk-yagliboya-tablo-reproduksiyon-yagliboya-tablo-80-x-120\/","title":{"rendered":"ZSK | Salon i\u00e7in b\u00fcy\u00fck ya\u011fl\u0131boya tablo | Reprod\u00fcksiyon ya\u011fl\u0131boya tablo | 80 x 120"},"content":{"rendered":"<h1>ZSK | Salon i\u00e7in b\u00fcy\u00fck ya\u011fl\u0131boya tablo | Reprod\u00fcksiyon ya\u011fl\u0131boya tablo<\/h1>\n<p>* Ressam Zeliha Say\u0131l\u0131 K\u00fc\u00e7\u00fck imzal\u0131d\u0131r. Bu ve benzeri tarihi, dini ya\u011fl\u0131boya tablo resimlerini istedi\u011finiz \u00f6zel \u00f6l\u00e7\u00fclerde sipari\u015f etmek i\u00e7in bilgi alabilirsiniz.<\/p>\n<p><strong>* \u00d6zel ya\u011fl\u0131boya tablo sipari\u015fleriniz i\u00e7in bilgi al\u0131n\u0131z.<\/strong><\/p>\n<p>* %100 el yap\u0131m\u0131 olarak yap\u0131lmaktad\u0131r.\u00a0 Makine bask\u0131s\u0131 resimlerin \u00fczerine k\u0131s\u0131tl\u0131 bir k\u0131sm\u0131 ressam taraf\u0131ndan boyanan resimler ile k\u0131yaslamay\u0131n\u0131z.<\/p>\n<p><strong>* Bu resimde kullan\u0131lan 1. s\u0131n\u0131f ya\u011fl\u0131boyalar uzun \u00f6m\u00fcrl\u00fcd\u00fcr renkler m\u00fcze ko\u015fullar\u0131nda 50+ y\u0131l solmaz. \u00dcreticinin teknik bilgilerini isteyiniz.<\/strong><\/p>\n<p>* B\u00fcy\u00fck boyut i\u00e7in fiyat verilmi\u015ftir, boyut i\u00e7in bilgi al\u0131n\u0131z ihtiyac\u0131n\u0131za g\u00f6re orant\u0131l\u0131 olarak boyutu ayarlanabilmektedir.<\/p>\n<p>* \u00c7er\u00e7eve fiyat\u0131 se\u00e7ime g\u00f6re de\u011fi\u015fmekte, fiyata dahil de\u011fildir.<\/p>\n<p>* Nakliye fiyata dahildir.<\/p>\n<p>* PVC \u00fczerine seri \u00fcretim makine bask\u0131s\u0131 tablo sat\u0131\u015f\u0131m\u0131z yoktur. T\u00fcm resimlerimiz %100 el yap\u0131m\u0131 tuval bezi \u00fczerine 1. kalite ya\u011fl\u0131boyad\u0131r.<\/p>\n<p>* Sertifikal\u0131, yat\u0131r\u0131m i\u00e7in uygundur.<\/p>\n<p>* 3 ve \u00fczeri \u00e7oklu al\u0131mlar i\u00e7in \u00f6zel fiyat alabilirsiniz.<\/p>\n<p>Ev ve ofis dekorasyonunda kullanabilece\u011finiz reprod\u00fcksiyon \u00f6zel tasar\u0131m tablolar i\u00e7in di\u011fer tablolar\u0131m\u0131z\u0131 inceleyin. \u00c7ok b\u00fcy\u00fck ebat tablo sipari\u015fleriniz adresinizde teslim ve adresinizde montaj hizmeti ile teslim edilir, \u00f6zel boyutlu resimler i\u00e7in bilgi al\u0131n\u0131z.<\/p>\n<figure id=\"attachment_2687\" aria-describedby=\"caption-attachment-2687\" style=\"width: 288px\" class=\"wp-caption alignnone\"><img loading=\"lazy\" decoding=\"async\" class=\" wp-image-2687\" src=\"https:\/\/elyapimitablo.com\/tr\/wp-content\/uploads\/ZSK-reproduksiyon-buyuk-tablo-2-225x300.jpg\" alt=\"ZSK-Reproduksiyon-Tablo-Salon-icin-buyuk-tablo\" width=\"288\" height=\"384\" srcset=\"https:\/\/elyapimitablo.com\/tr\/wp-content\/uploads\/ZSK-reproduksiyon-buyuk-tablo-2-225x300.jpg 225w, https:\/\/elyapimitablo.com\/tr\/wp-content\/uploads\/ZSK-reproduksiyon-buyuk-tablo-2-768x1024.jpg 768w, https:\/\/elyapimitablo.com\/tr\/wp-content\/uploads\/ZSK-reproduksiyon-buyuk-tablo-2-113x150.jpg 113w, https:\/\/elyapimitablo.com\/tr\/wp-content\/uploads\/ZSK-reproduksiyon-buyuk-tablo-2-1152x1536.jpg 1152w, https:\/\/elyapimitablo.com\/tr\/wp-content\/uploads\/ZSK-reproduksiyon-buyuk-tablo-2-1536x2048.jpg 1536w, https:\/\/elyapimitablo.com\/tr\/wp-content\/uploads\/ZSK-reproduksiyon-buyuk-tablo-2-416x555.jpg 416w, https:\/\/elyapimitablo.com\/tr\/wp-content\/uploads\/ZSK-reproduksiyon-buyuk-tablo-2-scaled.jpg 1920w\" sizes=\"auto, (max-width: 288px) 100vw, 288px\" \/><figcaption id=\"caption-attachment-2687\" class=\"wp-caption-text\">ZSK-Reproduksiyon-Tablo-Salon-icin-buyuk-tablo<\/figcaption><\/figure>\n<p>\u00d6zel portre ve \u00f6zel ya\u011fl\u0131boya tablo talepleriniz i\u00e7in ileti\u015fim b\u00f6l\u00fcm\u00fcnden bilgi alabilirsiniz.<\/p>\n<p>\u00dcnl\u00fc ressamlar\u0131n reprod\u00fcksiyon resimleri i\u00e7in fiyat al\u0131n\u0131z.<\/p>\n<p><a href=\"https:\/\/404.net.tr\/bestpainters\/\">https:\/\/404.net.tr\/bestpainters\/<\/a>\u00a0adresinden eski ressamlar\u0131n tablolar\u0131n\u0131 inceleyebilirsiniz.<\/p>\n","protected":false},"excerpt":{"rendered":"<p>ZSK | Salon i\u00e7in b\u00fcy\u00fck ya\u011fl\u0131boya tablo | Reprod\u00fcksiyon ya\u011fl\u0131boya tablo * Ressam Zeliha Say\u0131l\u0131 K\u00fc\u00e7\u00fck imzal\u0131d\u0131r. Bu ve benzeri tarihi, dini ya\u011fl\u0131boya tablo resimlerini istedi\u011finiz \u00f6zel \u00f6l\u00e7\u00fclerde sipari\u015f etmek i\u00e7in bilgi alabilirsiniz. * \u00d6zel ya\u011fl\u0131boya tablo sipari\u015fleriniz i\u00e7in bilgi al\u0131n\u0131z. * %100 el yap\u0131m\u0131 olarak yap\u0131lmaktad\u0131r.\u00a0 Makine bask\u0131s\u0131 resimlerin \u00fczerine k\u0131s\u0131tl\u0131 bir k\u0131sm\u0131 ressam [&hellip;]<\/p>\n","protected":false},"featured_media":2732,"template":"","meta":[],"product_brand":[],"product_cat":[208,94,97,78,64],"product_tag":[],"class_list":{"0":"post-2684","1":"product","2":"type-product","3":"status-publish","4":"has-post-thumbnail","6":"product_cat-buyuk-yagliboya-tablolar","7":"product_cat-dini-temali-tablolar","8":"product_cat-ozel-siparis-reproduksiyon-tablolar","9":"product_cat-reproduksiyon-yagliboya-tablo","10":"product_cat-tum-yagliboya-tablolar","12":"first","13":"instock","14":"shipping-taxable","15":"purchasable","16":"product-type-simple"},"_links":{"self":[{"href":"https:\/\/elyapimitablo.com\/tr\/wp-json\/wp\/v2\/product\/2684","targetHints":{"allow":["GET"]}}],"collection":[{"href":"https:\/\/elyapimitablo.com\/tr\/wp-json\/wp\/v2\/product"}],"about":[{"href":"https:\/\/elyapimitablo.com\/tr\/wp-json\/wp\/v2\/types\/product"}],"wp:featuredmedia":[{"embeddable":true,"href":"https:\/\/elyapimitablo.com\/tr\/wp-json\/wp\/v2\/media\/2732"}],"wp:attachment":[{"href":"https:\/\/elyapimitablo.com\/tr\/wp-json\/wp\/v2\/media?parent=2684"}],"wp:term":[{"taxonomy":"product_brand","embeddable":true,"href":"https:\/\/elyapimitablo.com\/tr\/wp-json\/wp\/v2\/product_brand?post=2684"},{"taxonomy":"product_cat","embeddable":true,"href":"https:\/\/elyapimitablo.com\/tr\/wp-json\/wp\/v2\/product_cat?post=2684"},{"taxonomy":"product_tag","embeddable":true,"href":"https:\/\/elyapimitablo.com\/tr\/wp-json\/wp\/v2\/product_tag?post=2684"}],"curies":[{"name":"wp","href":"https:\/\/api.w.org\/{rel}","templated":true}]}}