{"id":2674,"date":"2024-11-12T19:08:24","date_gmt":"2024-11-12T19:08:24","guid":{"rendered":"https:\/\/elyapimitablo.com\/tr\/?post_type=product&#038;p=2674"},"modified":"2026-03-19T11:49:24","modified_gmt":"2026-03-19T11:49:24","slug":"papa-atillanin-karsisinda-reproduksiyon-zsk-80-x-120","status":"publish","type":"product","link":"https:\/\/elyapimitablo.com\/tr\/urun\/papa-atillanin-karsisinda-reproduksiyon-zsk-80-x-120\/","title":{"rendered":"ZSK | Papa, Atilla&#8217;n\u0131n kar\u015f\u0131s\u0131nda | Reprod\u00fcksiyon ya\u011fl\u0131boya tablo | 80 x 120"},"content":{"rendered":"<h1>ZSK | Papa, Atilla&#8217;n\u0131n kar\u015f\u0131s\u0131nda &#8211; Reprod\u00fcksiyon ya\u011fl\u0131boya tablo | 80 x 120<\/h1>\n<p><span class=\"css-1jxf684 r-bcqeeo r-1ttztb7 r-qvutc0 r-poiln3\">Hristiyanl\u0131k inanc\u0131na g\u00f6re Tanr\u0131&#8217;n\u0131n yery\u00fcz\u00fcndeki el\u00e7isi olan Papa, 452 y\u0131l\u0131nda bir T\u00fcrk&#8217;\u00fcn \u00f6n\u00fcnde diz \u00e7\u00f6kerek af dilemi\u015ftir. Bu T\u00fcrk, Tanr\u0131&#8217;n\u0131n K\u0131rbac\u0131 Attila&#8217;d\u0131r!<\/span><\/p>\n<p>\u00d6zel sipari\u015f resim talepleriniz i\u00e7in bilgi alabilirsiniz; istedi\u011finiz boyutta orant\u0131l\u0131 olarak el yap\u0131m\u0131 ya\u011fl\u0131boya tablo sipari\u015fleriniz i\u00e7in buraday\u0131z.<\/p>\n<p><iframe loading=\"lazy\" title=\"ZSK | Reproduction oilpainting | Pope Leo I Confronts Attila the Hun: A Moment of Diplomacy\" width=\"980\" height=\"551\" src=\"https:\/\/www.youtube.com\/embed\/E2LBlBiApjo?feature=oembed\" frameborder=\"0\" allow=\"accelerometer; autoplay; clipboard-write; encrypted-media; gyroscope; picture-in-picture; web-share\" referrerpolicy=\"strict-origin-when-cross-origin\" allowfullscreen><\/iframe><\/p>\n<p>* Ressam Zeliha Say\u0131l\u0131 K\u00fc\u00e7\u00fck imzal\u0131d\u0131r. Bu ve benzeri tarihi, dini ya\u011fl\u0131boya tablo resimlerini istedi\u011finiz \u00f6zel \u00f6l\u00e7\u00fclerde sipari\u015f etmek i\u00e7in bilgi alabilirsiniz.<\/p>\n<p><strong>* \u00d6zel ya\u011fl\u0131boya tablo sipari\u015fleriniz i\u00e7in bilgi al\u0131n\u0131z.<\/strong><\/p>\n<p>* %100 el yap\u0131m\u0131 olarak yap\u0131lmaktad\u0131r.\u00a0 Makine bask\u0131s\u0131 resimlerin \u00fczerine k\u0131s\u0131tl\u0131 bir k\u0131sm\u0131 ressam taraf\u0131ndan boyanan resimler ile k\u0131yaslamay\u0131n\u0131z.<\/p>\n<p><strong>* Bu resimde kullan\u0131lan 1. s\u0131n\u0131f ya\u011fl\u0131boyalar uzun \u00f6m\u00fcrl\u00fcd\u00fcr renkler m\u00fcze ko\u015fullar\u0131nda 50+ y\u0131l solmaz. \u00dcreticinin teknik bilgilerini isteyiniz.<\/strong><\/p>\n<p>* B\u00fcy\u00fck boyut i\u00e7in fiyat verilmi\u015ftir, size \u00f6zel boyut i\u00e7in bilgi al\u0131n\u0131z ihtiyac\u0131n\u0131za g\u00f6re orant\u0131l\u0131 olarak b\u00fcy\u00fck boyutlarda \u00e7al\u0131\u015f\u0131labilmektedir.<\/p>\n<p>* \u00c7er\u00e7eve fiyat\u0131 se\u00e7ime g\u00f6re de\u011fi\u015fmekte, fiyata dahil de\u011fildir.<\/p>\n<p>* Nakliye fiyata dahildir.<\/p>\n<p>* PVC \u00fczerine seri \u00fcretim makine bask\u0131s\u0131 tablo sat\u0131\u015f\u0131m\u0131z yoktur. T\u00fcm resimlerimiz %100 el yap\u0131m\u0131 tuval bezi \u00fczerine 1. kalite ya\u011fl\u0131boyad\u0131r.<\/p>\n<p>* Sertifikal\u0131, yat\u0131r\u0131m i\u00e7in uygundur.<\/p>\n<p><strong>* 3 ve \u00fczeri \u00e7oklu resim sipari\u015fleriniz i\u00e7in \u00f6zel fiyat alabilirsiniz.<\/strong><\/p>\n<p>Ev ve ofis dekorasyonunda kullanabilece\u011finiz reprod\u00fcksiyon \u00f6zel tasar\u0131m tablolar i\u00e7in di\u011fer tablolar\u0131m\u0131z\u0131 inceleyin. \u00c7ok b\u00fcy\u00fck ebat tablo sipari\u015fleriniz adresinizde teslim ve adresinizde montaj hizmeti ile teslim edilir.<\/p>\n<p>\u00d6zel portre ve \u00f6zel ya\u011fl\u0131boya tablo talepleriniz i\u00e7in ileti\u015fim b\u00f6l\u00fcm\u00fcnden bilgi alabilirsiniz.<\/p>\n<p>\u00dcnl\u00fc ressamlar\u0131n reprod\u00fcksiyon resimleri i\u00e7in fiyat al\u0131n\u0131z.<\/p>\n<p><a href=\"https:\/\/404.net.tr\/bestpainters\/\">https:\/\/404.net.tr\/bestpainters\/<\/a>\u00a0adresinden eski ressamlar\u0131n tablolar\u0131n\u0131 inceleyebilirsiniz.<\/p>\n","protected":false},"excerpt":{"rendered":"<p>ZSK | Papa, Atilla&#8217;n\u0131n kar\u015f\u0131s\u0131nda &#8211; Reprod\u00fcksiyon ya\u011fl\u0131boya tablo | 80 x 120 Hristiyanl\u0131k inanc\u0131na g\u00f6re Tanr\u0131&#8217;n\u0131n yery\u00fcz\u00fcndeki el\u00e7isi olan Papa, 452 y\u0131l\u0131nda bir T\u00fcrk&#8217;\u00fcn \u00f6n\u00fcnde diz \u00e7\u00f6kerek af dilemi\u015ftir. Bu T\u00fcrk, Tanr\u0131&#8217;n\u0131n K\u0131rbac\u0131 Attila&#8217;d\u0131r! \u00d6zel sipari\u015f resim talepleriniz i\u00e7in bilgi alabilirsiniz; istedi\u011finiz boyutta orant\u0131l\u0131 olarak el yap\u0131m\u0131 ya\u011fl\u0131boya tablo sipari\u015fleriniz i\u00e7in buraday\u0131z. * Ressam [&hellip;]<\/p>\n","protected":false},"featured_media":2736,"template":"","meta":[],"product_brand":[],"product_cat":[208,94,78,64],"product_tag":[],"class_list":{"0":"post-2674","1":"product","2":"type-product","3":"status-publish","4":"has-post-thumbnail","6":"product_cat-buyuk-yagliboya-tablolar","7":"product_cat-dini-temali-tablolar","8":"product_cat-reproduksiyon-yagliboya-tablo","9":"product_cat-tum-yagliboya-tablolar","11":"first","12":"instock","13":"shipping-taxable","14":"purchasable","15":"product-type-simple"},"_links":{"self":[{"href":"https:\/\/elyapimitablo.com\/tr\/wp-json\/wp\/v2\/product\/2674","targetHints":{"allow":["GET"]}}],"collection":[{"href":"https:\/\/elyapimitablo.com\/tr\/wp-json\/wp\/v2\/product"}],"about":[{"href":"https:\/\/elyapimitablo.com\/tr\/wp-json\/wp\/v2\/types\/product"}],"wp:featuredmedia":[{"embeddable":true,"href":"https:\/\/elyapimitablo.com\/tr\/wp-json\/wp\/v2\/media\/2736"}],"wp:attachment":[{"href":"https:\/\/elyapimitablo.com\/tr\/wp-json\/wp\/v2\/media?parent=2674"}],"wp:term":[{"taxonomy":"product_brand","embeddable":true,"href":"https:\/\/elyapimitablo.com\/tr\/wp-json\/wp\/v2\/product_brand?post=2674"},{"taxonomy":"product_cat","embeddable":true,"href":"https:\/\/elyapimitablo.com\/tr\/wp-json\/wp\/v2\/product_cat?post=2674"},{"taxonomy":"product_tag","embeddable":true,"href":"https:\/\/elyapimitablo.com\/tr\/wp-json\/wp\/v2\/product_tag?post=2674"}],"curies":[{"name":"wp","href":"https:\/\/api.w.org\/{rel}","templated":true}]}}