{"id":2648,"date":"2024-06-30T16:38:13","date_gmt":"2024-06-30T16:38:13","guid":{"rendered":"https:\/\/elyapimitablo.com\/tr\/?post_type=product&#038;p=2648"},"modified":"2025-04-06T06:39:04","modified_gmt":"2025-04-06T06:39:04","slug":"zsk-vincent-van-gogh-cafe-terrace-at-night-reproduksiyon-yagliboya-tablo","status":"publish","type":"product","link":"https:\/\/elyapimitablo.com\/tr\/urun\/zsk-vincent-van-gogh-cafe-terrace-at-night-reproduksiyon-yagliboya-tablo\/","title":{"rendered":"ZSK | Vincent Van Gogh Caf\u00e9 Terrace at Night Reprod\u00fcksiyon Ya\u011fl\u0131boya Tablo"},"content":{"rendered":"<h1>ZSK | Vincent Van Gogh Caf\u00e9 Terrace at Night Reprod\u00fcksiyon Ya\u011fl\u0131boya Tablo<\/h1>\n<p>&#8220;Caf\u00e9 Terrace at Night&#8221; (Gece Kahve Teras\u0131) Vincent van Gogh&#8217;un \u00fcnl\u00fc eserlerinden biridir. Bu tablo, sanat\u00e7\u0131n\u0131n 1888 y\u0131l\u0131nda \u00e7izdi\u011fi ve Arles&#8217;deki bir kafe teras\u0131nda gece atmosferini yans\u0131tt\u0131\u011f\u0131 bir \u00e7al\u0131\u015fmad\u0131r.<\/p>\n<p>Tablo, Van Gogh&#8217;un post-empresyonist tarz\u0131n\u0131n \u00f6rneklerinden biridir ve onun renk kullan\u0131m\u0131ndaki \u00f6zg\u00fcnl\u00fc\u011f\u00fcn\u00fc g\u00f6sterir. Gece sahnesindeki s\u0131cak sar\u0131 ve turuncu tonlar, kafe lambalar\u0131n\u0131n ayd\u0131nlatt\u0131\u011f\u0131 masalar ve sokaklar \u00fczerindeki etkileriyle \u00f6ne \u00e7\u0131kar. Bu tabloda Van Gogh, y\u0131ld\u0131zlar\u0131n ve g\u00f6ky\u00fcz\u00fcn\u00fcn parlakl\u0131\u011f\u0131n\u0131 da ustaca yans\u0131tarak gece manzaras\u0131n\u0131n g\u00fczelli\u011fini ve sakinli\u011fini vurgular.<\/p>\n<p>&#8220;Caf\u00e9 Terrace at Night&#8221;, Van Gogh&#8217;un duygusal ve subjektif ifade bi\u00e7imini g\u00f6steren eserlerinden biri olarak kabul edilir. Sanat\u00e7\u0131n\u0131n \u00f6zg\u00fcn renk paleti ve f\u0131r\u00e7a darbeleriyle yap\u0131lm\u0131\u015f olmas\u0131, onu \u00e7a\u011fda\u015f sanat\u0131n\u0131n \u00f6nc\u00fclerinden biri haline getirmi\u015ftir.<\/p>\n<p>Bu tablo, Van Gogh&#8217;un eserlerinin sanat tarihindeki \u00f6nemini ve onun duygusal ve ruhsal i\u00e7 d\u00fcnyas\u0131n\u0131 yans\u0131tmas\u0131 a\u00e7\u0131s\u0131ndan da \u00e7ok de\u011ferlidir.<\/p>\n<p>Orjinal boyutlar\u0131 81 x\u00a0 65 cm olan bu tabloyu reprod\u00fcksiyon olarak istedi\u011finiz boyutlarda yapt\u0131rmak isterseniz hemen ileti\u015fime ge\u00e7ebilirsiniz.<\/p>\n","protected":false},"excerpt":{"rendered":"<p>ZSK | Vincent Van Gogh Caf\u00e9 Terrace at Night Reprod\u00fcksiyon Ya\u011fl\u0131boya Tablo &#8220;Caf\u00e9 Terrace at Night&#8221; (Gece Kahve Teras\u0131) Vincent van Gogh&#8217;un \u00fcnl\u00fc eserlerinden biridir. Bu tablo, sanat\u00e7\u0131n\u0131n 1888 y\u0131l\u0131nda \u00e7izdi\u011fi ve Arles&#8217;deki bir kafe teras\u0131nda gece atmosferini yans\u0131tt\u0131\u011f\u0131 bir \u00e7al\u0131\u015fmad\u0131r. Tablo, Van Gogh&#8217;un post-empresyonist tarz\u0131n\u0131n \u00f6rneklerinden biridir ve onun renk kullan\u0131m\u0131ndaki \u00f6zg\u00fcnl\u00fc\u011f\u00fcn\u00fc g\u00f6sterir. Gece [&hellip;]<\/p>\n","protected":false},"featured_media":0,"template":"","meta":[],"product_brand":[],"product_cat":[208,78,211,64],"product_tag":[125],"class_list":{"0":"post-2648","1":"product","2":"type-product","3":"status-publish","5":"product_cat-buyuk-yagliboya-tablolar","6":"product_cat-reproduksiyon-yagliboya-tablo","7":"product_cat-van-gogh-tablo","8":"product_cat-tum-yagliboya-tablolar","9":"product_tag-van-gogh","11":"first","12":"instock","13":"shipping-taxable","14":"purchasable","15":"product-type-simple"},"_links":{"self":[{"href":"https:\/\/elyapimitablo.com\/tr\/wp-json\/wp\/v2\/product\/2648","targetHints":{"allow":["GET"]}}],"collection":[{"href":"https:\/\/elyapimitablo.com\/tr\/wp-json\/wp\/v2\/product"}],"about":[{"href":"https:\/\/elyapimitablo.com\/tr\/wp-json\/wp\/v2\/types\/product"}],"wp:attachment":[{"href":"https:\/\/elyapimitablo.com\/tr\/wp-json\/wp\/v2\/media?parent=2648"}],"wp:term":[{"taxonomy":"product_brand","embeddable":true,"href":"https:\/\/elyapimitablo.com\/tr\/wp-json\/wp\/v2\/product_brand?post=2648"},{"taxonomy":"product_cat","embeddable":true,"href":"https:\/\/elyapimitablo.com\/tr\/wp-json\/wp\/v2\/product_cat?post=2648"},{"taxonomy":"product_tag","embeddable":true,"href":"https:\/\/elyapimitablo.com\/tr\/wp-json\/wp\/v2\/product_tag?post=2648"}],"curies":[{"name":"wp","href":"https:\/\/api.w.org\/{rel}","templated":true}]}}