{"id":2596,"date":"2024-03-28T03:27:00","date_gmt":"2024-03-28T03:27:00","guid":{"rendered":"https:\/\/elyapimitablo.com\/tr\/?post_type=product&#038;p=2596"},"modified":"2025-01-02T11:04:37","modified_gmt":"2025-01-02T11:04:37","slug":"zsk-van-gogh-tutuklular-cemberi-reproduksiyon-prisoners-round-after-gustave-dore-tuval-uzerine-yagliboya-tablo","status":"publish","type":"product","link":"https:\/\/elyapimitablo.com\/tr\/urun\/zsk-van-gogh-tutuklular-cemberi-reproduksiyon-prisoners-round-after-gustave-dore-tuval-uzerine-yagliboya-tablo\/","title":{"rendered":"ZSK | Vincent Van Gogh | Tutuklular \u00c7emberi Reprod\u00fcksiyon | Prisoners&#8217; Round (after Gustave Dor\u00e9) | Tuval \u00fczerine ya\u011fl\u0131boya tablo"},"content":{"rendered":"<h1>ZSK | Vincent Van Gogh | Tutuklular \u00c7emberi Reprod\u00fcksiyon | Prisoners&#8217; Round (after Gustave Dor\u00e9) | Tuval \u00fczerine ya\u011fl\u0131boya tablo<\/h1>\n<p>Orjinal boyut: 80 x 64 (1890) Pu\u015fkin M\u00fczesinde sergilenmektedir.\u00a0 Van Gogh bu resminde hapishanede volta atan mahkumlar\u0131 resmetmi\u015ftir. Resimde 37 insan fig\u00fcr\u00fc bulunmaktad\u0131r ki, Van Gogh 37 ya\u015f\u0131nda intihar etmi\u015ftir. Baz\u0131 kaynaklar 37 insan fig\u00fcr\u00fc ile \u00f6l\u00fcm\u00fcn\u00fc ili\u015fkilendirmi\u015ftir. Van Gogh tabloda hayat\u0131 kapal\u0131 bir \u00e7ember olarak resimlemi\u015ftir. Van Gogh bu resmi <a title=\"\" href=\"https:\/\/tr.wikipedia.org\/wiki\/Gustave_Dor%C3%A9\">Gustave Dor\u00e9<\/a> &#8216;un 1872 tarihli Dor\u00e9 grav\u00fcr\u00fc eserinden esinlenerek yapm\u0131\u015ft\u0131r.<\/p>\n<p>Bu tablo, \u00e7o\u011fu insan\u0131n el ele tutu\u015fmu\u015f fig\u00fcrlerin halka olu\u015fturdu\u011fu, birbirine destek veren ve dayan\u0131\u015fma i\u00e7inde olan bir grup izlenimi veren bir kompozisyona sahiptir. Ancak, \u00e7emberin i\u00e7indeki fig\u00fcrlerin y\u00fczleri belirsiz ve h\u00fcz\u00fcnl\u00fc bir ifadeyle tasvir edilmi\u015ftir. Bu, bir \u00e7e\u015fit insan\u0131n i\u00e7sel \u00e7alkant\u0131s\u0131, yaln\u0131zl\u0131k ve zorluklarla ba\u015f etme konusundaki derin duygusal durumu yans\u0131tabilir.<\/p>\n<p>Vincent van Gogh&#8217;un eserleri, sanat tarihindeki en \u00e7arp\u0131c\u0131 ve etkileyici \u00f6rneklerden baz\u0131lar\u0131d\u0131r. Eserlerinde s\u0131kl\u0131kla g\u00f6rd\u00fc\u011f\u00fcm\u00fcz g\u00fc\u00e7l\u00fc renkler, dinamik f\u0131r\u00e7a darbeleri ve derin duygusal ifade, onu sanat d\u00fcnyas\u0131nda benzersiz k\u0131lan \u00f6zellikler aras\u0131ndad\u0131r. Ancak, bu \u00f6zellikler sadece g\u00f6rsel bir estetik sunman\u0131n \u00f6tesine ge\u00e7er; van Gogh&#8217;un resimlerinin alt\u0131nda yatan derin duygusal ve ruhsal katmanlar, izleyicileri etkileyici bir d\u00fc\u015f\u00fcnsel yolculu\u011fa \u00e7\u0131kar\u0131r.<\/p>\n<p>Sanat\u00e7\u0131n\u0131n ruhsal zorluklar\u0131 ve i\u00e7 d\u00fcnyas\u0131ndaki \u00e7alkant\u0131lar, eserlerine derin bir insanl\u0131k ve duygusal derinlik katar. Van Gogh&#8217;un ya\u015fad\u0131\u011f\u0131 duygusal s\u0131k\u0131nt\u0131lar, onun eserlerinde somutla\u015f\u0131r ve izleyiciye dokunur. \u00d6rne\u011fin, &#8220;Y\u0131ld\u0131zl\u0131 Gece&#8221; gibi ikonik eserlerinde, g\u00f6ky\u00fcz\u00fcndeki y\u0131ld\u0131zlarla, y\u0131ld\u0131zlar\u0131n alt\u0131nda yer alan kasaba manzar\u0131s\u0131 aras\u0131ndaki tezat, bir yandan evrenin sonsuzlu\u011funa i\u015faret ederken, di\u011fer yandan insan\u0131n i\u00e7sel yaln\u0131zl\u0131\u011f\u0131n\u0131 ve hayat\u0131n zorluklar\u0131n\u0131 yans\u0131t\u0131r.<\/p>\n<p>Van Gogh&#8217;un f\u0131r\u00e7a darbeleri ise, sadece bir resim tekni\u011fi de\u011fil, ayn\u0131 zamanda sanat\u00e7\u0131n\u0131n duygusal durumunu ve i\u00e7 d\u00fcnyas\u0131ndaki hareketlili\u011fi de yans\u0131t\u0131r. H\u0131zl\u0131 ve yo\u011fun darbeler, sanat\u00e7\u0131n\u0131n i\u00e7 d\u00fcnyas\u0131ndaki huzursuzlu\u011fu ve co\u015fkuyu izleyiciye aktar\u0131r. Bu f\u0131r\u00e7a darbeleri, manzara ve fig\u00fcrleri canland\u0131r\u0131rken, ayn\u0131 zamanda sanat\u00e7\u0131n\u0131n i\u00e7 d\u00fcnyas\u0131n\u0131n karma\u015f\u0131kl\u0131\u011f\u0131n\u0131 ve yo\u011funlu\u011funu da izleyiciye ileterek, resimlerine derinlik katar.<\/p>\n<p>Van Gogh&#8217;un eserleri sadece g\u00f6rsel bir \u015f\u00f6len sunmakla kalmaz, ayn\u0131 zamanda izleyiciyi derin bir duygusal ve d\u00fc\u015f\u00fcnsel yolculu\u011fa \u00e7\u0131kar\u0131r. Sanat\u00e7\u0131n\u0131n i\u00e7 d\u00fcnyas\u0131n\u0131n izleri, her f\u0131r\u00e7a darbesinde ve her renk tonunda belirir, izleyiciyi duygusal bir ba\u011f kurmaya ve sanat\u00e7\u0131n\u0131n hayat\u0131ndaki derin anlamlar\u0131 ke\u015ffetmeye davet eder. Bu nedenle, van Gogh&#8217;un eserleri, sadece bir sanat eseri olarak de\u011fil, ayn\u0131 zamanda insanl\u0131k deneyimine dair derin bir anlay\u0131\u015f\u0131n ifadesi olarak da de\u011ferlendirilir.<\/p>\n<p><iframe loading=\"lazy\" title=\"ZSK | Reproduction Pablo Picasso  Prisoners&#039; Round | #oilpainting #art #paintingart\" width=\"980\" height=\"551\" src=\"https:\/\/www.youtube.com\/embed\/IriGrqgxV0c?feature=oembed\" frameborder=\"0\" allow=\"accelerometer; autoplay; clipboard-write; encrypted-media; gyroscope; picture-in-picture; web-share\" referrerpolicy=\"strict-origin-when-cross-origin\" allowfullscreen><\/iframe><\/p>\n<p>* Ressam Zeliha Say\u0131l\u0131 K\u00fc\u00e7\u00fck imzal\u0131 %100 el yap\u0131m\u0131<\/p>\n<p>* Nakliye fiyata dahildir.<\/p>\n<p>* \u00c7er\u00e7eve fiyat\u0131 se\u00e7ime g\u00f6re de\u011fi\u015fmekte, fiyata dahil de\u011fildir.<\/p>\n<p>* Uzun \u00f6m\u00fcrl\u00fcd\u00fcr renkler solmaz 5+ y\u0131l.<\/p>\n<p>* PVC \u00fczerine seri \u00fcretim makine bask\u0131s\u0131 tablo sat\u0131\u015f\u0131m\u0131z yoktur. T\u00fcm resimlerimiz %100 el yap\u0131m\u0131 tuval bezi \u00fczerine 1. kalite ya\u011fl\u0131boyad\u0131r.<\/p>\n<p>* Tablonun tamam\u0131 el yap\u0131m\u0131; tuval bezi \u00fczerine spatula ve f\u0131r\u00e7a ile boyama tekni\u011fi ile yap\u0131lm\u0131\u015ft\u0131r, piyasada k\u0131s\u0131tl\u0131 bir par\u00e7as\u0131 ressam taraf\u0131ndan boyanan k\u0131sm\u0131 makine taraf\u0131ndan bas\u0131lan tablolar ile k\u0131yaslamay\u0131n\u0131z.<\/p>\n<p>* Sertifikal\u0131, yat\u0131r\u0131m i\u00e7in uygundur.<\/p>\n<p>* 3 ve \u00fczeri \u00e7oklu al\u0131mlar i\u00e7in \u00f6zel fiyat alabilirsiniz.<\/p>\n<p>Ev ve ofis dekorasyonunda kullanabilece\u011finiz reprod\u00fcksiyon \u00f6zel tasar\u0131m tablolar i\u00e7in di\u011fer tablolar\u0131m\u0131z\u0131 inceleyin. \u00c7ok b\u00fcy\u00fck ebat tablo sipari\u015fleriniz adresinizde teslim ve adresinizde montaj hizmeti ile teslim edilir, \u00f6zel boyutlu resimler i\u00e7in bilgi al\u0131n\u0131z.<\/p>\n<p>\u00d6zel portre ve \u00f6zel ya\u011fl\u0131boya tablo talepleriniz i\u00e7in ileti\u015fim b\u00f6l\u00fcm\u00fcnden bilgi alabilirsiniz.<\/p>\n<p>\u00dcnl\u00fc ressamlar\u0131n reprod\u00fcksiyon resimleri i\u00e7in fiyat al\u0131n\u0131z<\/p>\n<p><a href=\"https:\/\/404.net.tr\/bestpainters\/\">Ressam ar\u015fivisi sitesinden<\/a> eski ressamlar\u0131n tablolar\u0131n\u0131 inceleyebilirsiniz.<\/p>\n<p>Ki\u015fiye \u00f6zel bir hediye deneyimi i\u00e7in <a href=\"https:\/\/www.elyapimihediye.com.tr\">elyapimihediye.com.tr<\/a> sitemizi incelemeyi unutmay\u0131n.<\/p>\n<p>&nbsp;<\/p>\n","protected":false},"excerpt":{"rendered":"<p>ZSK | Vincent Van Gogh | Tutuklular \u00c7emberi Reprod\u00fcksiyon | Prisoners&#8217; Round (after Gustave Dor\u00e9) | Tuval \u00fczerine ya\u011fl\u0131boya tablo Orjinal boyut: 80 x 64 (1890) Pu\u015fkin M\u00fczesinde sergilenmektedir.\u00a0 Van Gogh bu resminde hapishanede volta atan mahkumlar\u0131 resmetmi\u015ftir. Resimde 37 insan fig\u00fcr\u00fc bulunmaktad\u0131r ki, Van Gogh 37 ya\u015f\u0131nda intihar etmi\u015ftir. Baz\u0131 kaynaklar 37 insan fig\u00fcr\u00fc [&hellip;]<\/p>\n","protected":false},"featured_media":2612,"template":"","meta":[],"product_brand":[],"product_cat":[97,78,211,64],"product_tag":[125],"class_list":{"0":"post-2596","1":"product","2":"type-product","3":"status-publish","4":"has-post-thumbnail","6":"product_cat-ozel-siparis-reproduksiyon-tablolar","7":"product_cat-reproduksiyon-yagliboya-tablo","8":"product_cat-van-gogh-tablo","9":"product_cat-tum-yagliboya-tablolar","10":"product_tag-van-gogh","12":"first","13":"instock","14":"shipping-taxable","15":"purchasable","16":"product-type-simple"},"_links":{"self":[{"href":"https:\/\/elyapimitablo.com\/tr\/wp-json\/wp\/v2\/product\/2596","targetHints":{"allow":["GET"]}}],"collection":[{"href":"https:\/\/elyapimitablo.com\/tr\/wp-json\/wp\/v2\/product"}],"about":[{"href":"https:\/\/elyapimitablo.com\/tr\/wp-json\/wp\/v2\/types\/product"}],"wp:featuredmedia":[{"embeddable":true,"href":"https:\/\/elyapimitablo.com\/tr\/wp-json\/wp\/v2\/media\/2612"}],"wp:attachment":[{"href":"https:\/\/elyapimitablo.com\/tr\/wp-json\/wp\/v2\/media?parent=2596"}],"wp:term":[{"taxonomy":"product_brand","embeddable":true,"href":"https:\/\/elyapimitablo.com\/tr\/wp-json\/wp\/v2\/product_brand?post=2596"},{"taxonomy":"product_cat","embeddable":true,"href":"https:\/\/elyapimitablo.com\/tr\/wp-json\/wp\/v2\/product_cat?post=2596"},{"taxonomy":"product_tag","embeddable":true,"href":"https:\/\/elyapimitablo.com\/tr\/wp-json\/wp\/v2\/product_tag?post=2596"}],"curies":[{"name":"wp","href":"https:\/\/api.w.org\/{rel}","templated":true}]}}