{"id":2585,"date":"2024-03-20T07:37:38","date_gmt":"2024-03-20T07:37:38","guid":{"rendered":"https:\/\/elyapimitablo.com\/tr\/?post_type=product&#038;p=2585"},"modified":"2025-07-08T06:26:13","modified_gmt":"2025-07-08T06:26:13","slug":"agac-baski-resimler-cerceve-2-li-takim","status":"publish","type":"product","link":"https:\/\/elyapimitablo.com\/tr\/urun\/agac-baski-resimler-cerceve-2-li-takim\/","title":{"rendered":"A\u011fa\u00e7 Bask\u0131 Resim:  &#8220;Mahalle&#8221; + &#8220;Ku\u015flar&#8221; \u00c7er\u00e7eveli 2 adet A\u011fa\u00e7 Bask\u0131 Resim"},"content":{"rendered":"<h1>A\u011fa\u00e7 Bask\u0131 resim Mahalle ve A\u011fa\u00e7 Bask\u0131 resim ku\u015f 2 &#8216;li paket.<\/h1>\n<p>Ksilografi ya da a\u011fa\u00e7 bask\u0131s\u0131 yahut ah\u015fap bask\u0131,\u00a0<b>ah\u015fap levha kullan\u0131larak, y\u00fcksek kaz\u0131 tekni\u011fiyle haz\u0131rlanan tahta kal\u0131plarla ger\u00e7ekle\u015ftirilmi\u015f \u00f6zg\u00fcn bir bask\u0131 tekni\u011fi<\/b>. Bu kaz\u0131resim t\u00fcr\u00fcnde, resmi meydana getiren t\u00fcm \u00e7izgiler ah\u015fap bask\u0131 levhas\u0131n\u0131n \u00fczerinde, zeminden y\u00fcksekte kalacak bir bi\u00e7imde oyulur.<\/p>\n<p>Ksilografi, tahta bask\u0131 olarak da bilinen bir bask\u0131 tekni\u011fidir. T\u00fcrk ressamlar aras\u0131nda ksilografiyi kullanan bir\u00e7ok sanat\u00e7\u0131 bulunmaktad\u0131r. \u00d6zellikle Osmanl\u0131 d\u00f6neminde ve sonras\u0131nda bir\u00e7ok ressam bu teknikle eserler \u00fcretmi\u015ftir. Bunlardan baz\u0131lar\u0131 \u015funlard\u0131r:<\/p>\n<p>1. \u015eevket Da\u011f: T\u00fcrk ksilografisinin \u00f6nde gelen isimlerinden biridir. \u00d6zellikle T\u00fcrk k\u00fclt\u00fcr\u00fcne ve tarihine ait pek \u00e7ok eseri ksilografi tekni\u011fiyle i\u015flemi\u015ftir.<\/p>\n<p>2. \u0130brahim Balaban: 20. y\u00fczy\u0131l T\u00fcrk ressamlar\u0131ndan biri olan Balaban, ksilografiyi eserlerinde s\u0131k\u00e7a kullanm\u0131\u015ft\u0131r.<\/p>\n<p>3. \u0130smail Hakk\u0131 Altunbezer: T\u00fcrk ksilografisinin \u00f6nc\u00fclerindendir. 19. y\u00fczy\u0131l sonlar\u0131 ve 20. y\u00fczy\u0131l ba\u015flar\u0131nda eserler vermi\u015ftir.<\/p>\n<p>4. Ali R\u0131za: T\u00fcrk ressam\u0131 Ali R\u0131za, ksilografi tekni\u011fini kullanarak pek \u00e7ok eser \u00fcretmi\u015ftir. Osmanl\u0131 d\u00f6nemi ressamlar\u0131ndan biridir.<\/p>\n<p>Bu ressamlar, ksilografiyi kullanarak \u00e7e\u015fitli temalarda eserler ortaya koymu\u015f ve T\u00fcrk resmine katk\u0131da bulunmu\u015flard\u0131r.<\/p>\n<p>bknz.<\/p>\n<p><a href=\"https:\/\/tr.wikipedia.org\/wiki\/Ksilografi#:~:text=Ksilografi%20ya%20da%20a%C4%9Fa%C3%A7%20bask%C4%B1s%C4%B1,y%C3%BCksekte%20kalacak%20bir%20bi%C3%A7imde%20oyulur.\" target=\"_blank\" rel=\"noopener\">Ksilografi<\/a><\/p>\n","protected":false},"excerpt":{"rendered":"<p>A\u011fa\u00e7 Bask\u0131 resim Mahalle ve A\u011fa\u00e7 Bask\u0131 resim ku\u015f 2 &#8216;li paket. Ksilografi ya da a\u011fa\u00e7 bask\u0131s\u0131 yahut ah\u015fap bask\u0131,\u00a0ah\u015fap levha kullan\u0131larak, y\u00fcksek kaz\u0131 tekni\u011fiyle haz\u0131rlanan tahta kal\u0131plarla ger\u00e7ekle\u015ftirilmi\u015f \u00f6zg\u00fcn bir bask\u0131 tekni\u011fi. Bu kaz\u0131resim t\u00fcr\u00fcnde, resmi meydana getiren t\u00fcm \u00e7izgiler ah\u015fap bask\u0131 levhas\u0131n\u0131n \u00fczerinde, zeminden y\u00fcksekte kalacak bir bi\u00e7imde oyulur. Ksilografi, tahta bask\u0131 olarak [&hellip;]<\/p>\n","protected":false},"featured_media":2592,"template":"","meta":[],"product_brand":[],"product_cat":[69],"product_tag":[205],"class_list":{"0":"post-2585","1":"product","2":"type-product","3":"status-publish","4":"has-post-thumbnail","6":"product_cat-agac-baski-resim","7":"product_tag-indirimli-tablo","9":"first","10":"instock","11":"shipping-taxable","12":"purchasable","13":"product-type-simple"},"_links":{"self":[{"href":"https:\/\/elyapimitablo.com\/tr\/wp-json\/wp\/v2\/product\/2585","targetHints":{"allow":["GET"]}}],"collection":[{"href":"https:\/\/elyapimitablo.com\/tr\/wp-json\/wp\/v2\/product"}],"about":[{"href":"https:\/\/elyapimitablo.com\/tr\/wp-json\/wp\/v2\/types\/product"}],"wp:featuredmedia":[{"embeddable":true,"href":"https:\/\/elyapimitablo.com\/tr\/wp-json\/wp\/v2\/media\/2592"}],"wp:attachment":[{"href":"https:\/\/elyapimitablo.com\/tr\/wp-json\/wp\/v2\/media?parent=2585"}],"wp:term":[{"taxonomy":"product_brand","embeddable":true,"href":"https:\/\/elyapimitablo.com\/tr\/wp-json\/wp\/v2\/product_brand?post=2585"},{"taxonomy":"product_cat","embeddable":true,"href":"https:\/\/elyapimitablo.com\/tr\/wp-json\/wp\/v2\/product_cat?post=2585"},{"taxonomy":"product_tag","embeddable":true,"href":"https:\/\/elyapimitablo.com\/tr\/wp-json\/wp\/v2\/product_tag?post=2585"}],"curies":[{"name":"wp","href":"https:\/\/api.w.org\/{rel}","templated":true}]}}