{"id":2433,"date":"2024-03-02T16:54:02","date_gmt":"2024-03-02T16:54:02","guid":{"rendered":"https:\/\/elyapimitablo.com\/tr\/?post_type=product&#038;p=2433"},"modified":"2025-09-29T06:51:48","modified_gmt":"2025-09-29T06:51:48","slug":"zsk-picasso-las-meninas-nedimeler-reproduksiyon","status":"publish","type":"product","link":"https:\/\/elyapimitablo.com\/tr\/urun\/zsk-picasso-las-meninas-nedimeler-reproduksiyon\/","title":{"rendered":"ZSK | Picasso Las meninas | Nedimeler Reprod\u00fcksiyon ya\u011fl\u0131boya tablo."},"content":{"rendered":"<h1>ZSK | Picasso Las meninas | Nedimeler Reprod\u00fcksiyon ya\u011fl\u0131boya tablo.<\/h1>\n<p>Daha \u00f6nce Pablo Piccasso taraf\u0131ndan &#8216;da reprod\u00fcksiyonu yap\u0131lm\u0131\u015ft\u0131r. \u00d6zel bir resimdir birden fazla sanat\u00e7\u0131 bu resmi yapm\u0131\u015ft\u0131r.<\/p>\n<p>Picasso, \u0130spanyol Barok d\u00f6nemi ressam\u0131 <a href=\"https:\/\/elyapimitablo.com\/tr\/urun\/zsk-diego-velazquez-las-meninas-nedimeler-reproduksiyon\/\">Diego Vel\u00e1zquez&#8217;in \u00fcnl\u00fc eseri &#8220;Las Meninas&#8221;<\/a>\u0131 \u00e7e\u015fitli \u015fekillerde yeniden yorumlad\u0131. Vel\u00e1zquez&#8217;in 1656 tarihli bu eseri, \u0130spanyol saray\u0131nda bulunan \u0130spanyol prensesi ve hizmet\u00e7ileri resmederken, ressam\u0131n kendisi de tablonun bir par\u00e7as\u0131 olarak g\u00f6r\u00fcn\u00fcr.<\/p>\n<p>Picasso, 20. y\u00fczy\u0131l\u0131n en \u00f6nemli sanat\u00e7\u0131lar\u0131ndan biri olarak, klasik eserleri yeniden yorumlamak i\u00e7in s\u0131k s\u0131k eski ustalar\u0131n eserlerinden ilham ald\u0131. &#8220;Las Meninas&#8221;\u0131 yeniden yorumlad\u0131\u011f\u0131 eserlerden biri, 1957 tarihli &#8220;Las Meninas&#8217;\u0131n Yeniden Yorumu&#8221; adl\u0131 tablodur. Bu eserde, Picasso Vel\u00e1zquez&#8217;in kompozisyonunu modern bir tarzda yeniden yorumlam\u0131\u015ft\u0131r.<\/p>\n<p>Picasso&#8217;nun &#8220;Las Meninas&#8217;\u0131n Yeniden Yorumu&#8221; adl\u0131 eseri, \u0130spanyol ressam Diego Vel\u00e1zquez&#8217;in 1656 tarihli &#8220;Las Meninas&#8221; adl\u0131 \u00fcnl\u00fc tablosunu temel al\u0131r. Vel\u00e1zquez&#8217;in orijinal eseri, \u0130spanyol saray\u0131ndaki bir sahneyi g\u00f6sterir ve sarayda bulunan \u0130spanyol prensesi Margarita Teresa ve hizmet\u00e7ileriyle birlikte ressam\u0131n kendisini de i\u00e7erir.<\/p>\n<p>Picasso&#8217;nun yeniden yorumu, onun karakteristik stilini yans\u0131tan bir modernle\u015fme ve yeniden yap\u0131land\u0131rmad\u0131r. &#8220;Las Meninas&#8217;\u0131n Yeniden Yorumu&#8221;, Vel\u00e1zquez&#8217;in orijinal kompozisyonunu par\u00e7alara ay\u0131r\u0131r ve farkl\u0131 perspektiflerden yeniden d\u00fczenler. \u0130konik fig\u00fcrler ve nesneler, \u00e7e\u015fitli \u015fekillerde yeniden yorumlanm\u0131\u015f ve geometrik formlarla yeniden in\u015fa edilmi\u015ftir.<\/p>\n<p>Picasso&#8217;nun bu eseri, modern sanat\u0131n ve sanat tarihindeki \u00f6nemli eserlerin yeniden yorumlanmas\u0131yla ilgili bir \u00f6rnektir. &#8220;Las Meninas&#8217;\u0131n Yeniden Yorumu&#8221;, geleneksel sanat eserlerinin nas\u0131l \u00e7a\u011fda\u015f sanat\u00e7\u0131lar taraf\u0131ndan ele al\u0131nabilece\u011fini ve yeniden yorumlanabilece\u011fini g\u00f6steren \u00f6nemli <a href=\"https:\/\/elyapimitablo.com\/tr\/urun\/zsk-diego-velazquez-las-meninas-nedimeler-reproduksiyon\/\">reprod\u00fcksiyon \u00f6rnekleri<\/a> aras\u0131ndad\u0131r. Bu eser, sanat tarihindeki s\u00fcrekli bir etkile\u015fim ve ilham kayna\u011f\u0131 olan eski ve modern sanat aras\u0131ndaki ili\u015fkiyi g\u00f6sterir.<\/p>\n<figure id=\"attachment_520\" class=\"wp-caption alignnone\" style=\"width: 300px;\" aria-describedby=\"caption-attachment-520\"><figcaption id=\"caption-attachment-520\" class=\"wp-caption-text\">Pablo-Picasso-Las-meninas-Nedimeler-Reproduksiyon ZSK.<\/figcaption><\/figure>\n<figure id=\"attachment_2435\" aria-describedby=\"caption-attachment-2435\" style=\"width: 561px\" class=\"wp-caption alignnone\"><img loading=\"lazy\" decoding=\"async\" class=\" wp-image-2435\" src=\"https:\/\/elyapimitablo.com\/tr\/wp-content\/uploads\/Pablo-Picasso-Las-meninas-Nedimeler-Reproduksiyon-7-300x225.jpg\" alt=\"Pablo-Picasso-Las-meninas-Nedimeler-\" width=\"561\" height=\"421\" srcset=\"https:\/\/elyapimitablo.com\/tr\/wp-content\/uploads\/Pablo-Picasso-Las-meninas-Nedimeler-Reproduksiyon-7-300x225.jpg 300w, https:\/\/elyapimitablo.com\/tr\/wp-content\/uploads\/Pablo-Picasso-Las-meninas-Nedimeler-Reproduksiyon-7-1024x768.jpg 1024w, https:\/\/elyapimitablo.com\/tr\/wp-content\/uploads\/Pablo-Picasso-Las-meninas-Nedimeler-Reproduksiyon-7-150x113.jpg 150w, https:\/\/elyapimitablo.com\/tr\/wp-content\/uploads\/Pablo-Picasso-Las-meninas-Nedimeler-Reproduksiyon-7-768x576.jpg 768w, https:\/\/elyapimitablo.com\/tr\/wp-content\/uploads\/Pablo-Picasso-Las-meninas-Nedimeler-Reproduksiyon-7-1536x1152.jpg 1536w, https:\/\/elyapimitablo.com\/tr\/wp-content\/uploads\/Pablo-Picasso-Las-meninas-Nedimeler-Reproduksiyon-7-2048x1536.jpg 2048w, https:\/\/elyapimitablo.com\/tr\/wp-content\/uploads\/Pablo-Picasso-Las-meninas-Nedimeler-Reproduksiyon-7-416x312.jpg 416w\" sizes=\"auto, (max-width: 561px) 100vw, 561px\" \/><figcaption id=\"caption-attachment-2435\" class=\"wp-caption-text\">Pablo-Picasso-Las-meninas-Nedimeler-<\/figcaption><\/figure>\n<p>ayr\u0131ca bknz.<\/p>\n<blockquote class=\"wp-embedded-content\" data-secret=\"Nx8Go2Lfcc\"><p><a href=\"https:\/\/elyapimitablo.com\/tr\/urun\/zsk-diego-velazquez-las-meninas-nedimeler-reproduksiyon\/\">ZSK | Diego Velazquez Las meninas | Nedimeler Reprod\u00fcksiyon<\/a><\/p><\/blockquote>\n<p><iframe loading=\"lazy\" class=\"wp-embedded-content\" sandbox=\"allow-scripts\" security=\"restricted\" style=\"position: absolute; visibility: hidden;\" title=\"&#8220;ZSK | Diego Velazquez Las meninas | Nedimeler Reprod\u00fcksiyon&#8221; &#8212; Elyapimitablo.com\" src=\"https:\/\/elyapimitablo.com\/tr\/urun\/zsk-diego-velazquez-las-meninas-nedimeler-reproduksiyon\/embed\/#?secret=9uxYVLpIVd#?secret=Nx8Go2Lfcc\" data-secret=\"Nx8Go2Lfcc\" width=\"600\" height=\"338\" frameborder=\"0\" marginwidth=\"0\" marginheight=\"0\" scrolling=\"no\"><\/iframe><\/p>\n<p>&nbsp;<\/p>\n<p>* Ressam Zeliha Say\u0131l\u0131 K\u00fc\u00e7\u00fck imzal\u0131 %100 el yap\u0131m\u0131<\/p>\n<p>* Nakliye fiyata dahildir.<\/p>\n<p>* \u00c7er\u00e7eve fiyat\u0131 se\u00e7ime g\u00f6re de\u011fi\u015fmekte, fiyata dahil de\u011fildir.<\/p>\n<p>* Uzun \u00f6m\u00fcrl\u00fcd\u00fcr renkler solmaz 5+ y\u0131l.<\/p>\n<p>* PVC \u00fczerine seri \u00fcretim makine bask\u0131s\u0131 tablo sat\u0131\u015f\u0131m\u0131z yoktur. T\u00fcm resimlerimiz %100 el yap\u0131m\u0131 tuval bezi \u00fczerine 1. kalite ya\u011fl\u0131boyad\u0131r.<\/p>\n<p>* Tablonun tamam\u0131 el yap\u0131m\u0131; tuval bezi \u00fczerine spatula ve f\u0131r\u00e7a ile boyama tekni\u011fi ile yap\u0131lm\u0131\u015ft\u0131r, piyasada k\u0131s\u0131tl\u0131 bir par\u00e7as\u0131 ressam taraf\u0131ndan boyanan k\u0131sm\u0131 makine taraf\u0131ndan bas\u0131lan tablolar ile k\u0131yaslamay\u0131n\u0131z.<\/p>\n<p>* Sertifikal\u0131, yat\u0131r\u0131m i\u00e7in uygundur.<\/p>\n<p>* 3 ve \u00fczeri \u00e7oklu al\u0131mlar i\u00e7in \u00f6zel fiyat alabilirsiniz.<\/p>\n<p>Ev ve ofis dekorasyonunda kullanabilece\u011finiz reprod\u00fcksiyon \u00f6zel tasar\u0131m tablolar i\u00e7in di\u011fer tablolar\u0131m\u0131z\u0131 inceleyin. \u00c7ok b\u00fcy\u00fck ebat tablo sipari\u015fleriniz adresinizde teslim ve adresinizde montaj hizmeti ile teslim edilir, \u00f6zel boyutlu resimler i\u00e7in bilgi al\u0131n\u0131z.<\/p>\n<p>\u00d6zel portre ve \u00f6zel ya\u011fl\u0131boya tablo talepleriniz i\u00e7in ileti\u015fim b\u00f6l\u00fcm\u00fcnden bilgi alabilirsiniz.<\/p>\n<p>\u00dcnl\u00fc ressamlar\u0131n reprod\u00fcksiyon resimleri i\u00e7in fiyat al\u0131n\u0131z<\/p>\n<p><a href=\"https:\/\/404.net.tr\/bestpainters\/\">https:\/\/404.net.tr\/bestpainters\/<\/a> adresinden eski ressamlar\u0131n tablolar\u0131n\u0131 inceleyebilirsiniz.<\/p>\n<p>Ki\u015fiye \u00f6zel bir hediye deneyimi i\u00e7in <a href=\"https:\/\/www.elyapimihediye.com.tr\">https:\/\/www.elyapimihediye.com.tr<\/a> sitemizi incelemeyi unutmay\u0131n.<\/p>\n<p>&nbsp;<\/p>\n<p>&nbsp;<\/p>\n","protected":false},"excerpt":{"rendered":"<p>ZSK | Picasso Las meninas | Nedimeler Reprod\u00fcksiyon ya\u011fl\u0131boya tablo. Daha \u00f6nce Pablo Piccasso taraf\u0131ndan &#8216;da reprod\u00fcksiyonu yap\u0131lm\u0131\u015ft\u0131r. \u00d6zel bir resimdir birden fazla sanat\u00e7\u0131 bu resmi yapm\u0131\u015ft\u0131r. Picasso, \u0130spanyol Barok d\u00f6nemi ressam\u0131 Diego Vel\u00e1zquez&#8217;in \u00fcnl\u00fc eseri &#8220;Las Meninas&#8221;\u0131 \u00e7e\u015fitli \u015fekillerde yeniden yorumlad\u0131. Vel\u00e1zquez&#8217;in 1656 tarihli bu eseri, \u0130spanyol saray\u0131nda bulunan \u0130spanyol prensesi ve hizmet\u00e7ileri resmederken, [&hellip;]<\/p>\n","protected":false},"featured_media":2434,"template":"","meta":[],"product_brand":[],"product_cat":[97,213,78,63,64],"product_tag":[99,100,206,91],"class_list":{"0":"post-2433","1":"product","2":"type-product","3":"status-publish","4":"has-post-thumbnail","6":"product_cat-ozel-siparis-reproduksiyon-tablolar","7":"product_cat-picasso-tablo","8":"product_cat-reproduksiyon-yagliboya-tablo","9":"product_cat-soyut-yagliboya-tablo","10":"product_cat-tum-yagliboya-tablolar","11":"product_tag-nedimeler-reproduksiyon-tablo","12":"product_tag-picasso-nedimeler","13":"product_tag-picasso-resimleri","14":"product_tag-picasso-tablo","16":"first","17":"instock","18":"shipping-taxable","19":"purchasable","20":"product-type-simple"},"_links":{"self":[{"href":"https:\/\/elyapimitablo.com\/tr\/wp-json\/wp\/v2\/product\/2433","targetHints":{"allow":["GET"]}}],"collection":[{"href":"https:\/\/elyapimitablo.com\/tr\/wp-json\/wp\/v2\/product"}],"about":[{"href":"https:\/\/elyapimitablo.com\/tr\/wp-json\/wp\/v2\/types\/product"}],"wp:featuredmedia":[{"embeddable":true,"href":"https:\/\/elyapimitablo.com\/tr\/wp-json\/wp\/v2\/media\/2434"}],"wp:attachment":[{"href":"https:\/\/elyapimitablo.com\/tr\/wp-json\/wp\/v2\/media?parent=2433"}],"wp:term":[{"taxonomy":"product_brand","embeddable":true,"href":"https:\/\/elyapimitablo.com\/tr\/wp-json\/wp\/v2\/product_brand?post=2433"},{"taxonomy":"product_cat","embeddable":true,"href":"https:\/\/elyapimitablo.com\/tr\/wp-json\/wp\/v2\/product_cat?post=2433"},{"taxonomy":"product_tag","embeddable":true,"href":"https:\/\/elyapimitablo.com\/tr\/wp-json\/wp\/v2\/product_tag?post=2433"}],"curies":[{"name":"wp","href":"https:\/\/api.w.org\/{rel}","templated":true}]}}