{"id":121,"date":"2024-02-27T10:56:12","date_gmt":"2024-02-27T10:56:12","guid":{"rendered":"https:\/\/elyapimitablo.com\/tr\/urun\/zsk-kuslar-2014-35-x-50-cm-agac-baski-woodblock-print\/"},"modified":"2024-07-02T15:49:29","modified_gmt":"2024-07-02T15:49:29","slug":"zsk-kuslar-2014-35-x-50-cm-agac-baski-woodblock-print","status":"publish","type":"product","link":"https:\/\/elyapimitablo.com\/tr\/urun\/zsk-kuslar-2014-35-x-50-cm-agac-baski-woodblock-print\/","title":{"rendered":"ZSK | &#8220;KU\u015eLAR&#8221; , 2014 , 35 x 50 cm A\u011fa\u00e7 bask\u0131 \/ woodblock print"},"content":{"rendered":"<h2>ZSK | &#8220;KU\u015eLAR&#8221; , 2014 , 35 x 50 cm A\u011fa\u00e7 bask\u0131 \/ woodblock print<\/h2>\n<p>ZSK taraf\u0131ndan A\u011fa\u00e7 Bask\u0131 tekni\u011fi ile \u00e7al\u0131\u015f\u0131lm\u0131\u015ft\u0131r 5 kopyas\u0131 vard\u0131r,<\/p>\n<p>&nbsp;<\/p>\n<p>Ev ve ofis dekorasyonunda kullanabilece\u011finiz reprod\u00fcksiyon \u00f6zel tasar\u0131m tablolar i\u00e7in di\u011fer ilanlar\u0131m\u0131z\u0131 inceleyin. Ressam Zeliha Say\u0131l\u0131 K\u00fc\u00e7\u00fck imzal\u0131.<\/p>\n<p>\u00dcnl\u00fc ressamlar\u0131n reprod\u00fcksiyon resimleri i\u00e7in fiyat al\u0131n\u0131z,\u00a0<a href=\"http:\/\/www.yagliboyatablo.org\/\">yagliboyatablo.org<\/a>\u00a0sitemizden eski d\u00f6nem ressamlar\u0131n resimlerine ula\u015fabilirsiniz. \u00c7ok b\u00fcy\u00fck ebat tablo sipari\u015fleriniz adresinizde teslim ve adresinizde montaj hizmeti ile teslim edilir, \u00f6zel boyutlu resimler i\u00e7in bilgi al\u0131n\u0131z.<\/p>\n<p>Ki\u015fiye \u00f6zel bir hediye deneyimi i\u00e7in\u00a0<a href=\"http:\/\/www.elyapimihediyeler.com\/\">http:\/\/www.elyapimihediyeler.com<\/a>\u00a0sitemizi incelemeyi unutmay\u0131n.<\/p>\n<p>Not: Sitemizde kanvas \u00fczerine pvc bask\u0131 ile yap\u0131lan tablolar bulunmamaktad\u0131r, sitemizdeki t\u00fcm resimler el yap\u0131m\u0131 tuval bezi \u00fczerine ya\u011fl\u0131boya veya akrilik boya ile \u00e7al\u0131\u015f\u0131lmaktad\u0131r. Ayr\u0131ca iste\u011fe ba\u011fl\u0131 olarak resim \u00fczerine cila vb.\u00a0 uygulamalar yap\u0131lmaktad\u0131r. \u00c7er\u00e7eve hari\u00e7 fiyatland\u0131rma yap\u0131lm\u0131\u015ft\u0131r, \u00c7er\u00e7eve se\u00e7enekleri i\u00e7in bilgi al\u0131n\u0131z.<\/p>\n","protected":false},"excerpt":{"rendered":"<p>ZSK | &#8220;KU\u015eLAR&#8221; , 2014 , 35 x 50 cm A\u011fa\u00e7 bask\u0131 \/ woodblock print ZSK taraf\u0131ndan A\u011fa\u00e7 Bask\u0131 tekni\u011fi ile \u00e7al\u0131\u015f\u0131lm\u0131\u015ft\u0131r 5 kopyas\u0131 vard\u0131r, &nbsp; Ev ve ofis dekorasyonunda kullanabilece\u011finiz reprod\u00fcksiyon \u00f6zel tasar\u0131m tablolar i\u00e7in di\u011fer ilanlar\u0131m\u0131z\u0131 inceleyin. Ressam Zeliha Say\u0131l\u0131 K\u00fc\u00e7\u00fck imzal\u0131. \u00dcnl\u00fc ressamlar\u0131n reprod\u00fcksiyon resimleri i\u00e7in fiyat al\u0131n\u0131z,\u00a0yagliboyatablo.org\u00a0sitemizden eski d\u00f6nem ressamlar\u0131n resimlerine [&hellip;]<\/p>\n","protected":false},"featured_media":2372,"template":"","meta":[],"product_brand":[],"product_cat":[69],"product_tag":[],"class_list":{"0":"post-121","1":"product","2":"type-product","3":"status-publish","4":"has-post-thumbnail","6":"product_cat-agac-baski-resim","8":"first","9":"instock","10":"shipping-taxable","11":"purchasable","12":"product-type-simple"},"_links":{"self":[{"href":"https:\/\/elyapimitablo.com\/tr\/wp-json\/wp\/v2\/product\/121","targetHints":{"allow":["GET"]}}],"collection":[{"href":"https:\/\/elyapimitablo.com\/tr\/wp-json\/wp\/v2\/product"}],"about":[{"href":"https:\/\/elyapimitablo.com\/tr\/wp-json\/wp\/v2\/types\/product"}],"wp:featuredmedia":[{"embeddable":true,"href":"https:\/\/elyapimitablo.com\/tr\/wp-json\/wp\/v2\/media\/2372"}],"wp:attachment":[{"href":"https:\/\/elyapimitablo.com\/tr\/wp-json\/wp\/v2\/media?parent=121"}],"wp:term":[{"taxonomy":"product_brand","embeddable":true,"href":"https:\/\/elyapimitablo.com\/tr\/wp-json\/wp\/v2\/product_brand?post=121"},{"taxonomy":"product_cat","embeddable":true,"href":"https:\/\/elyapimitablo.com\/tr\/wp-json\/wp\/v2\/product_cat?post=121"},{"taxonomy":"product_tag","embeddable":true,"href":"https:\/\/elyapimitablo.com\/tr\/wp-json\/wp\/v2\/product_tag?post=121"}],"curies":[{"name":"wp","href":"https:\/\/api.w.org\/{rel}","templated":true}]}}