{"id":116,"date":"2024-02-27T10:56:08","date_gmt":"2024-02-27T10:56:08","guid":{"rendered":"https:\/\/elyapimitablo.com\/tr\/urun\/kucuk-prens-porselen-vazo-uzerine-ozel-tasarim\/"},"modified":"2024-07-02T15:45:15","modified_gmt":"2024-07-02T15:45:15","slug":"kucuk-prens-porselen-vazo-uzerine-ozel-tasarim","status":"publish","type":"product","link":"https:\/\/elyapimitablo.com\/tr\/urun\/kucuk-prens-porselen-vazo-uzerine-ozel-tasarim\/","title":{"rendered":"Porselen\/vazo \u00fczerine \u00f6zel tasar\u0131m boyama"},"content":{"rendered":"<p>Size \u00f6zel tasar\u0131mlar i\u00e7in ileti\u015fime ge\u00e7iniz.<\/p>\n<p>Porselen \u00fczerine ya\u011fl\u0131boya \u00e7al\u0131\u015fan sanat\u00e7\u0131lar, geleneksel olarak porselen veya seramik y\u00fczeylerde ya\u011fl\u0131boya tekni\u011fi kullanarak sanat eserleri \u00fcreten sanat\u00e7\u0131lard\u0131r. Porselen, seramik hamuru y\u00fcksek s\u0131cakl\u0131kta pi\u015firildikten sonra elde edilen dayan\u0131kl\u0131 ve saydam bir malzemedir. Ya\u011fl\u0131boya ise pigmentlerin kuruyana kadar kurumadan ya\u011fla kar\u0131\u015ft\u0131r\u0131larak yap\u0131lan bir boyama tekni\u011fidir.<\/p>\n<p>Porselen \u00fczerine ya\u011fl\u0131boya yapmak, geleneksel ya\u011fl\u0131boya tablolardan farkl\u0131 bir yakla\u015f\u0131m gerektirir. Porselen y\u00fczeyi ya\u011fl\u0131 boya malzemeleriyle uyumlu olmal\u0131 ve f\u0131r\u0131nlanabilir olmal\u0131d\u0131r. Ayr\u0131ca, porselenin d\u00fcz ve parlak y\u00fczeyi, boya malzemesinin do\u011fru bir \u015fekilde tutunmas\u0131n\u0131 sa\u011flamak i\u00e7in \u00f6zel haz\u0131rl\u0131k gerektirir.<\/p>\n<p>Bu teknik, \u00f6zellikle porselen tabaklar, vazolar, \u00e7ay tak\u0131mlar\u0131 ve dekoratif objeler gibi seramik \u00fcr\u00fcnlerde kullan\u0131lmaktad\u0131r. Porselen \u00fczerine ya\u011fl\u0131boya \u00e7al\u0131\u015fan sanat\u00e7\u0131lar, geleneksel resim sanat\u0131n\u0131 seramikle birle\u015ftirerek \u00f6zg\u00fcn ve dikkat \u00e7ekici eserler ortaya \u00e7\u0131kar\u0131rlar.<\/p>\n<p>Bu alanda bilinen ve \u00f6nc\u00fc sanat\u00e7\u0131lar\u0131n isimleri zaman i\u00e7inde de\u011fi\u015febilir, ancak tarih boyunca bir\u00e7ok yetenekli porselen \u00fczerine ya\u011fl\u0131boya sanat\u00e7\u0131s\u0131 vard\u0131r. Eserlerini ara\u015ft\u0131rarak ve sergileri inceleyerek, bu alanda \u00e7al\u0131\u015fan sanat\u00e7\u0131lar\u0131 ke\u015ffedebilir ve eserlerini inceleyebilirsiniz.<\/p>\n","protected":false},"excerpt":{"rendered":"<p>Size \u00f6zel tasar\u0131mlar i\u00e7in ileti\u015fime ge\u00e7iniz. Porselen \u00fczerine ya\u011fl\u0131boya \u00e7al\u0131\u015fan sanat\u00e7\u0131lar, geleneksel olarak porselen veya seramik y\u00fczeylerde ya\u011fl\u0131boya tekni\u011fi kullanarak sanat eserleri \u00fcreten sanat\u00e7\u0131lard\u0131r. Porselen, seramik hamuru y\u00fcksek s\u0131cakl\u0131kta pi\u015firildikten sonra elde edilen dayan\u0131kl\u0131 ve saydam bir malzemedir. Ya\u011fl\u0131boya ise pigmentlerin kuruyana kadar kurumadan ya\u011fla kar\u0131\u015ft\u0131r\u0131larak yap\u0131lan bir boyama tekni\u011fidir. Porselen \u00fczerine ya\u011fl\u0131boya yapmak, geleneksel [&hellip;]<\/p>\n","protected":false},"featured_media":2381,"template":"","meta":[],"product_brand":[],"product_cat":[73],"product_tag":[74,75],"class_list":{"0":"post-116","1":"product","2":"type-product","3":"status-publish","4":"has-post-thumbnail","6":"product_cat-porselen-vazo-uzerine-boyama","7":"product_tag-porselen-uzerine-boyama","8":"product_tag-sevgililer-gunu-hediyesi","10":"first","11":"instock","12":"shipping-taxable","13":"purchasable","14":"product-type-simple"},"_links":{"self":[{"href":"https:\/\/elyapimitablo.com\/tr\/wp-json\/wp\/v2\/product\/116","targetHints":{"allow":["GET"]}}],"collection":[{"href":"https:\/\/elyapimitablo.com\/tr\/wp-json\/wp\/v2\/product"}],"about":[{"href":"https:\/\/elyapimitablo.com\/tr\/wp-json\/wp\/v2\/types\/product"}],"wp:featuredmedia":[{"embeddable":true,"href":"https:\/\/elyapimitablo.com\/tr\/wp-json\/wp\/v2\/media\/2381"}],"wp:attachment":[{"href":"https:\/\/elyapimitablo.com\/tr\/wp-json\/wp\/v2\/media?parent=116"}],"wp:term":[{"taxonomy":"product_brand","embeddable":true,"href":"https:\/\/elyapimitablo.com\/tr\/wp-json\/wp\/v2\/product_brand?post=116"},{"taxonomy":"product_cat","embeddable":true,"href":"https:\/\/elyapimitablo.com\/tr\/wp-json\/wp\/v2\/product_cat?post=116"},{"taxonomy":"product_tag","embeddable":true,"href":"https:\/\/elyapimitablo.com\/tr\/wp-json\/wp\/v2\/product_tag?post=116"}],"curies":[{"name":"wp","href":"https:\/\/api.w.org\/{rel}","templated":true}]}}