{"id":113,"date":"2024-02-27T10:56:06","date_gmt":"2024-02-27T10:56:06","guid":{"rendered":"https:\/\/elyapimitablo.com\/tr\/urun\/zsk-kisiye-ozel-portre-tuval-uzerine-yagliboya-tablo-50-x-70-cm-personalized-portrait-oil-painting-on-canvas-2\/"},"modified":"2024-05-22T10:10:06","modified_gmt":"2024-05-22T10:10:06","slug":"zsk-kisiye-ozel-portre-tuval-uzerine-yagliboya-tablo-50-x-70-cm-personalized-portrait-oil-painting-on-canvas-2","status":"publish","type":"product","link":"https:\/\/elyapimitablo.com\/tr\/urun\/zsk-kisiye-ozel-portre-tuval-uzerine-yagliboya-tablo-50-x-70-cm-personalized-portrait-oil-painting-on-canvas-2\/","title":{"rendered":"ZSK | Renkli Portre \u00c7izimi Sipari\u015f | Tuval \u00dczerine Ya\u011fl\u0131boya"},"content":{"rendered":"<h1>ZSK | Renkli Portre \u00c7izimi Sipari\u015f | Tuval \u00dczerine Ya\u011fl\u0131boya<\/h1>\n<p>* Ressam Zeliha Say\u0131l\u0131 K\u00fc\u00e7\u00fck imzal\u0131 %100 el yap\u0131m\u0131<\/p>\n<p>* Nakliye fiyata dahildir.<\/p>\n<p>* \u00c7er\u00e7eve fiyat\u0131 se\u00e7ime g\u00f6re de\u011fi\u015fmekte, fiyata dahil de\u011fildir.<\/p>\n<p>* Uzun \u00f6m\u00fcrl\u00fcd\u00fcr renkler solmaz 5+ y\u0131l.<\/p>\n<p>* PVC \u00fczerine seri \u00fcretim makine bask\u0131s\u0131 tablo sat\u0131\u015f\u0131m\u0131z yoktur. T\u00fcm resimlerimiz %100 el yap\u0131m\u0131 tuval bezi \u00fczerine 1. kalite ya\u011fl\u0131boyad\u0131r.<\/p>\n<p>* Tablonun tamam\u0131 el yap\u0131m\u0131; tuval bezi \u00fczerine spatula ve f\u0131r\u00e7a ile boyama tekni\u011fi ile yap\u0131lm\u0131\u015ft\u0131r, piyasada k\u0131s\u0131tl\u0131 bir par\u00e7as\u0131 ressam taraf\u0131ndan boyanan k\u0131sm\u0131 makine taraf\u0131ndan bas\u0131lan tablolar ile k\u0131yaslamay\u0131n\u0131z.<\/p>\n<p>* Sertifikal\u0131, yat\u0131r\u0131m i\u00e7in uygundur.<\/p>\n<p>* 3 ve \u00fczeri ya\u011fl\u0131boya tablo sipari\u015fleri i\u00e7in \u00f6zel fiyat alabilirsiniz.<\/p>\n<p>Ev ve ofis dekorasyonunda kullanabilece\u011finiz reprod\u00fcksiyon \u00f6zel tasar\u0131m tablolar i\u00e7in di\u011fer tablolar\u0131m\u0131z\u0131 inceleyin. \u00c7ok b\u00fcy\u00fck ebat tablo sipari\u015fleriniz adresinizde teslim ve adresinizde montaj hizmeti ile teslim edilir, \u00f6zel boyutlu resimler i\u00e7in bilgi al\u0131n\u0131z.<\/p>\n<p><a href=\"https:\/\/404.net.tr\/bestpainters\/\">Ressam Ar\u015fivi<\/a> sitesinden eski ressamlar\u0131n tablolar\u0131n\u0131 inceleyebilirsiniz.<\/p>\n<p>Ki\u015fiye \u00f6zel bir hediye deneyimi i\u00e7in <a href=\"https:\/\/www.elyapimihediye.com.tr\">elyapimihediye.com.tr<\/a> sitemizi incelemeyi unutmay\u0131n.<\/p>\n<p>&nbsp;<\/p>\n<p><strong>Ki\u015fiye \u00f6zel portreleri ile \u00fcnl\u00fc ressamlara k\u0131saca bakal\u0131m;<\/strong><\/p>\n<p>1. Johannes Vermeer &#8211; 17. y\u00fczy\u0131l Hollandal\u0131 ressam\u0131, \u00fcnl\u00fc eseri &#8220;Girl with a Pearl Earring&#8221; ile tan\u0131n\u0131r.<br \/>\n2. Rembrandt van Rijn &#8211; 17. y\u00fczy\u0131l Hollandal\u0131 ressam\u0131, portreleriyle \u00fcnl\u00fcd\u00fcr, en \u00fcnl\u00fc eserlerinden biri &#8220;The Night Watch&#8221;.<br \/>\n3. Leonardo da Vinci &#8211; R\u00f6nesans d\u00f6neminin \u00fcnl\u00fc \u0130talyan ressam\u0131 ve bilim insan\u0131, Mona Lisa ve The Last Supper gibi ikonik eserlerine imza atm\u0131\u015ft\u0131r.<br \/>\n4. Frida Kahlo &#8211; 20. y\u00fczy\u0131l\u0131n \u00fcnl\u00fc Meksikal\u0131 ressam\u0131, \u00f6zellikle otobiyografik portreleriyle tan\u0131n\u0131r.<br \/>\n5. Vincent van Gogh &#8211; 19. y\u00fczy\u0131l Hollandal\u0131 ressam\u0131, kendine \u00f6zg\u00fc tarz\u0131yla ve portreleriyle tan\u0131n\u0131r.<br \/>\n6. Pablo Picasso &#8211; 20. y\u00fczy\u0131l\u0131n \u00fcnl\u00fc \u0130spanyol ressam\u0131 ve heykelt\u0131ra\u015f, portreleri farkl\u0131 d\u00f6nemlerde farkl\u0131 tarzlarda yapm\u0131\u015ft\u0131r.<br \/>\n7. Andy Warhol &#8211; Pop art hareketinin \u00f6nc\u00fclerinden, portreleri ve serigrafi teknikleriyle \u00fcnl\u00fcd\u00fcr.<\/p>\n<p><strong>Ressamlar\u0131n bir\u00e7o\u011fu, farkl\u0131 tarzlar\u0131 ve teknikleriyle ki\u015fiye \u00f6zel portre tablolar\u0131 yapm\u0131\u015f ve sanat tarihine \u00f6nemli katk\u0131larda bulunmu\u015flard\u0131r.<\/strong><\/p>\n<p>Johannes Vermeer: 17. y\u00fczy\u0131l Hollandal\u0131 ressam\u0131d\u0131r. En \u00fcnl\u00fc eserlerinden biri &#8220;Girl with a Pearl Earring&#8221;dir. Vermeer, genellikle i\u00e7 mekan sahneleri ve detayl\u0131 portrelerle tan\u0131n\u0131r. I\u015f\u0131\u011f\u0131n ve g\u00f6lgelerin ustaca kullan\u0131m\u0131yla dikkat \u00e7eker.<\/p>\n<p>Rembrandt van Rijn: 17. y\u00fczy\u0131l Hollandal\u0131 ressam\u0131d\u0131r. Portreleriyle \u00fcnl\u00fcd\u00fcr ve en \u00fcnl\u00fc eserlerinden biri &#8220;The Night Watch&#8221;tir. Rembrandt, dramatik ayd\u0131nlatma ve ince detaylarla ger\u00e7ek\u00e7i portreler yapmas\u0131yla tan\u0131n\u0131r.<\/p>\n<p>Leonardo da Vinci: R\u00f6nesans d\u00f6neminin \u00fcnl\u00fc \u0130talyan ressam\u0131 ve bilim insan\u0131d\u0131r. Mona Lisa ve The Last Supper gibi ikonik eserlere imza atm\u0131\u015ft\u0131r. Leonardo, insan anatomisi, perspektif ve do\u011fa hakk\u0131ndaki g\u00f6zlem ve \u00e7al\u0131\u015fmalar\u0131yla da tan\u0131n\u0131r.<\/p>\n<p>Frida Kahlo: 20. y\u00fczy\u0131l\u0131n \u00fcnl\u00fc Meksikal\u0131 ressam\u0131d\u0131r. Otobiyografik portreleri ve canl\u0131 renkleriyle tan\u0131n\u0131r. \u0130\u00e7 d\u00fcnyas\u0131n\u0131n derinliklerine inen eserleriyle tan\u0131n\u0131r ve \u00e7o\u011fu zaman fiziksel ve duygusal ac\u0131lar\u0131n\u0131 yans\u0131t\u0131r.<\/p>\n<p>Vincent van Gogh: 19. y\u00fczy\u0131l Hollandal\u0131 ressam\u0131d\u0131r. Kendine \u00f6zg\u00fc tarz\u0131 ve f\u0131r\u00e7a darbeleriyle tan\u0131n\u0131r. Portreleri, manzaralar\u0131 ve \u00e7i\u00e7ek tablolar\u0131yla \u00fcnl\u00fcd\u00fcr. Ya\u015fam\u0131 boyunca duygusal dalgalanmalarla m\u00fccadele etmi\u015f ve eserlerinde derin duygular\u0131 yans\u0131tm\u0131\u015ft\u0131r.<\/p>\n<p>Pablo Picasso: 20. y\u00fczy\u0131l\u0131n \u00fcnl\u00fc \u0130spanyol ressam\u0131 ve heykelt\u0131ra\u015f\u0131d\u0131r. Farkl\u0131 d\u00f6nemlerde farkl\u0131 tarzlarda \u00e7al\u0131\u015fm\u0131\u015ft\u0131r. K\u00fcbizm ve surealizm gibi ak\u0131mlara \u00f6nc\u00fcl\u00fck etmi\u015ftir. Portrelerinde genellikle geometrik \u015fekiller ve keskin hatlar kullanm\u0131\u015ft\u0131r.<\/p>\n<p>Andy Warhol: Pop art hareketinin \u00f6nc\u00fclerinden biridir. Portreleri ve serigrafi teknikleriyle tan\u0131n\u0131r. Pop\u00fcler k\u00fclt\u00fcr ve t\u00fcketim k\u00fclt\u00fcr\u00fcn\u00fcn ele\u015ftirisiyle bilinir. Campbell&#8217;s Soup Cans ve Marilyn Monroe gibi ikonik eserlere imza atm\u0131\u015ft\u0131r.<\/p>\n<p>Hediye Ya\u011fl\u0131boya Tablolar,\u00a0 Sevgililer g\u00fcn\u00fc, do\u011fum g\u00fcn\u00fc, evlilik y\u0131ld\u00f6n\u00fcm\u00fc gibi \u00f6zel g\u00fcnlerde e\u015fsiz bir hediye olarak sevdiklerinize portre ya\u011fl\u0131boya\u00a0 tablolar\u0131 hediye edebilirsiniz.\u00a0 Ya\u011fl\u0131boya tablolar uygun ko\u015fullarda uzun y\u0131llar bozulmadan kalabilirler.<\/p>\n<p><strong>Portre Nedir?<\/strong><\/p>\n<p>Portre, bir ki\u015finin ya da grubun g\u00f6r\u00fcn\u00fcm\u00fcn\u00fc ve karakterini yans\u0131tan bir sanat eseridir. Bu sanat dal\u0131, tarihin en eski ve en de\u011ferli t\u00fcrlerinden biridir. Portreler, genellikle ressam\u0131n yetene\u011fini ve g\u00f6zlem g\u00fcc\u00fcn\u00fc yans\u0131t\u0131r ve \u00e7o\u011fu zaman ya\u011fl\u0131boya tablo olarak kar\u015f\u0131m\u0131za \u00e7\u0131kar.<\/p>\n<p><strong>Ya\u011fl\u0131boya Tablo ve Portre Sanat\u0131<\/strong><\/p>\n<p>Ya\u011fl\u0131boya tablo, portre sanat\u0131nda s\u0131kl\u0131kla kullan\u0131lan bir tekniktir. Bu teknik, sanat\u00e7\u0131lara canl\u0131 renkler ve derinlikler yaratma imkan\u0131 sunar. Ya\u011fl\u0131boya tablolar\u0131n uzun \u00f6m\u00fcrl\u00fc olmas\u0131 ve zamanla g\u00fczelle\u015fmesi, onlar\u0131 koleksiyoncular ve sanatseverler i\u00e7in cazip k\u0131lar.<\/p>\n<p>Portrelerde ya\u011fl\u0131boya kullan\u0131m\u0131, eserin detaylar\u0131n\u0131 ve renk ge\u00e7i\u015flerini daha belirgin hale getirir. Bu sayede portre, sadece ki\u015finin fiziksel \u00f6zelliklerini de\u011fil, ayn\u0131 zamanda ruh halini ve ki\u015fili\u011fini de yans\u0131t\u0131r. Tarih boyunca, bir\u00e7ok \u00fcnl\u00fc sanat\u00e7\u0131, portrelerinde ya\u011fl\u0131boya tablo tekni\u011fini kullanarak unutulmaz eserler yaratm\u0131\u015ft\u0131r.<\/p>\n<p><strong>Ya\u011fl\u0131boya Tablo ile Kendi Portrenizi Yarat\u0131n<\/strong><\/p>\n<p>G\u00fcn\u00fcm\u00fczde, bir\u00e7ok insan kendi portrelerini yapt\u0131rmak i\u00e7in ya\u011fl\u0131boyalar\u0131 tercih ediyor. Bu, hem ki\u015fisel bir hat\u0131ra hem de sanatsal bir de\u011fer ta\u015f\u0131yan bir esere sahip olman\u0131n harika bir yoludur. Profesyonel sanat\u00e7\u0131lar, foto\u011fraf\u0131n\u0131za ya da canl\u0131 modelle \u00e7al\u0131\u015farak size \u00f6zel bir ya\u011fl\u0131boya tablo yaratabilir. Renkli portre \u00e7izimi \u015fipari\u015fleriniz i\u00e7in ileti\u015fim b\u00f6l\u00fcm\u00fcnden bilgi alabilirsiniz.<\/p>\n<p>Sonu\u00e7 olarak, portre ve ya\u011fl\u0131boya tablo sanat\u0131, estetik ve duygusal bir de\u011fere sahiptir. Sanat tarihinin bu iki \u00f6nemli unsuru, bir araya geldi\u011finde ortaya \u00e7\u0131kan eserler, sanatseverler i\u00e7in ger\u00e7ek bir hazinedir.<\/p>\n","protected":false},"excerpt":{"rendered":"<p>ZSK | Renkli Portre \u00c7izimi Sipari\u015f | Tuval \u00dczerine Ya\u011fl\u0131boya * Ressam Zeliha Say\u0131l\u0131 K\u00fc\u00e7\u00fck imzal\u0131 %100 el yap\u0131m\u0131 * Nakliye fiyata dahildir. * \u00c7er\u00e7eve fiyat\u0131 se\u00e7ime g\u00f6re de\u011fi\u015fmekte, fiyata dahil de\u011fildir. * Uzun \u00f6m\u00fcrl\u00fcd\u00fcr renkler solmaz 5+ y\u0131l. * PVC \u00fczerine seri \u00fcretim makine bask\u0131s\u0131 tablo sat\u0131\u015f\u0131m\u0131z yoktur. T\u00fcm resimlerimiz %100 el yap\u0131m\u0131 tuval [&hellip;]<\/p>\n","protected":false},"featured_media":2386,"template":"","meta":[],"product_brand":[],"product_cat":[81,64],"product_tag":[122],"class_list":{"0":"post-113","1":"product","2":"type-product","3":"status-publish","4":"has-post-thumbnail","6":"product_cat-portre-tablo","7":"product_cat-tum-yagliboya-tablolar","8":"product_tag-portre-siparis","10":"first","11":"instock","12":"shipping-taxable","13":"purchasable","14":"product-type-simple"},"_links":{"self":[{"href":"https:\/\/elyapimitablo.com\/tr\/wp-json\/wp\/v2\/product\/113","targetHints":{"allow":["GET"]}}],"collection":[{"href":"https:\/\/elyapimitablo.com\/tr\/wp-json\/wp\/v2\/product"}],"about":[{"href":"https:\/\/elyapimitablo.com\/tr\/wp-json\/wp\/v2\/types\/product"}],"wp:featuredmedia":[{"embeddable":true,"href":"https:\/\/elyapimitablo.com\/tr\/wp-json\/wp\/v2\/media\/2386"}],"wp:attachment":[{"href":"https:\/\/elyapimitablo.com\/tr\/wp-json\/wp\/v2\/media?parent=113"}],"wp:term":[{"taxonomy":"product_brand","embeddable":true,"href":"https:\/\/elyapimitablo.com\/tr\/wp-json\/wp\/v2\/product_brand?post=113"},{"taxonomy":"product_cat","embeddable":true,"href":"https:\/\/elyapimitablo.com\/tr\/wp-json\/wp\/v2\/product_cat?post=113"},{"taxonomy":"product_tag","embeddable":true,"href":"https:\/\/elyapimitablo.com\/tr\/wp-json\/wp\/v2\/product_tag?post=113"}],"curies":[{"name":"wp","href":"https:\/\/api.w.org\/{rel}","templated":true}]}}