{"id":112,"date":"2024-02-27T10:56:05","date_gmt":"2024-02-27T10:56:05","guid":{"rendered":"https:\/\/elyapimitablo.com\/tr\/urun\/zsk-dortmevsim-reproduksiyon-yagliboya-tablo-four-season-oil-painting-on-canvas\/"},"modified":"2026-03-19T11:46:39","modified_gmt":"2026-03-19T11:46:39","slug":"zsk-dortmevsim-reproduksiyon-yagliboya-tablo-four-season-oil-painting-on-canvas","status":"publish","type":"product","link":"https:\/\/elyapimitablo.com\/tr\/urun\/zsk-dortmevsim-reproduksiyon-yagliboya-tablo-four-season-oil-painting-on-canvas\/","title":{"rendered":"ZSK | D\u00f6rtmevsim Reprod\u00fcksiyon Ya\u011fl\u0131boya Tablo | Atat\u00fcrk &#8216;\u00fcn en sevdi\u011fi tablosu"},"content":{"rendered":"<h1>ZSK | D\u00f6rtmevsim Reprod\u00fcksiyon Ya\u011fl\u0131boya Tablo | Atat\u00fcrk &#8216;\u00fcn en sevdi\u011fi tablosu<\/h1>\n<p><strong>Fiyat resmin orjinal boyutu olan 110 x 115 cm i\u00e7in verilmi\u015ftir. <\/strong><br \/>\n&#8220;D\u00f6rt Mevsim&#8221;, tuval \u00fczerine ya\u011fl\u0131boya, <strong>\u00d6zel tablo sipari\u015fleriniz i\u00e7in orant\u0131l\u0131 olarak daha b\u00fcy\u00fck boyutlarda \u00e7al\u0131\u015f\u0131labilmektedir, bilgi al\u0131n\u0131z.<\/strong><\/p>\n<p>Reprod\u00fcksiyon ya\u011fl\u0131boya tablo. Bu kanvas tablo Atat\u00fcrk &#8216;\u00fc anmak i\u00e7in harika bir eser; evinizde veya ofisinizde ba\u015f k\u00f6\u015fede yer alabilecek bir eserdir.<\/p>\n<p>* Ressam Zeliha Say\u0131l\u0131 K\u00fc\u00e7\u00fck imzal\u0131 %100 el yap\u0131m\u0131.<\/p>\n<p>* \u00d6zel boyutlar i\u00e7in bilgi alabilirsiniz. \u0130ste\u011finize g\u00f6re orant\u0131l\u0131 olarak daha b\u00fcy\u00fck veya daha k\u00fc\u00e7\u00fck \u00f6l\u00e7\u00fclerde \u00e7al\u0131\u015f\u0131labilirmektedir. K\u00fc\u00e7\u00fck boyutlar nakliye, \u00e7er\u00e7eve ve yap\u0131m \u00fccreti olarak daha ekonomik olmaktad\u0131r.<\/p>\n<p>* Nakliye fiyata dahildir.<\/p>\n<p>* \u00c7er\u00e7eve fiyat\u0131 se\u00e7ime g\u00f6re de\u011fi\u015fmekte, fiyata dahil de\u011fildir.<\/p>\n<p><strong>* Bu resimde kullan\u0131lan 1. s\u0131n\u0131f ya\u011fl\u0131boyalar uzun \u00f6m\u00fcrl\u00fcd\u00fcr renkler m\u00fcze ko\u015fullar\u0131nda 50+ y\u0131l solmaz. \u00dcreticinin teknik bilgilerini isteyiniz.<\/strong><\/p>\n<p>* PVC \u00fczerine seri \u00fcretim makine bask\u0131s\u0131 tablo sat\u0131\u015f\u0131m\u0131z yoktur. T\u00fcm resimlerimiz %100 el yap\u0131m\u0131 380 gr tuval bezi \u00fczerine 1. kalite ya\u011fl\u0131boyad\u0131r.<\/p>\n<p>* Tablonun tamam\u0131 el yap\u0131m\u0131; tuval bezi \u00fczerine spatula ve f\u0131r\u00e7a ile boyama tekni\u011fi ile yap\u0131lm\u0131\u015ft\u0131r, piyasada bir par\u00e7as\u0131 ressam taraf\u0131ndan boyanan, b\u00fcy\u00fck k\u0131sm\u0131 makine taraf\u0131ndan bas\u0131lan seri \u00fcretim tablolar ile k\u0131yaslamay\u0131n\u0131z.<\/p>\n<p>* Sertifikal\u0131, yat\u0131r\u0131m i\u00e7in uygundur.<\/p>\n<p>Ev ve ofis dekorasyonunda kullanabilece\u011finiz reprod\u00fcksiyon \u00f6zel tasar\u0131m tablolar i\u00e7in di\u011fer tablolar\u0131m\u0131z\u0131 inceleyiniz.<br \/>\n<strong><br \/>\n* Ofis, i\u015f yerleri i\u00e7in toplu tablo anla\u015fmalar\u0131 konusunda bilgi al\u0131n\u0131z. 3 ve \u00fczeri \u00e7oklu al\u0131mlar i\u00e7in \u00f6zel fiyat alabilirsiniz.<\/strong><\/p>\n<p>* \u00c7ok b\u00fcy\u00fck ebat tablo sipari\u015fleriniz adresinizde teslim ve adresinizde montaj hizmeti ile teslim edilir, \u00f6zel boyutlu resimler i\u00e7in bilgi al\u0131n\u0131z.<\/p>\n<p>\u00d6zel portre ve \u00f6zel ya\u011fl\u0131boya tablo talepleriniz i\u00e7in ileti\u015fim b\u00f6l\u00fcm\u00fcnden bilgi alabilirsiniz.<\/p>\n<p>\u00dcnl\u00fc ressamlar\u0131n reprod\u00fcksiyon resimleri i\u00e7in fiyat al\u0131n\u0131z<\/p>\n<p>https:\/\/404.net.tr\/bestpainters\/ adresinden eski ressamlar\u0131n tablolar\u0131n\u0131 inceleyebilirsiniz.<\/p>\n<p>Ki\u015fiye \u00f6zel bir hediye deneyimi i\u00e7in https:\/\/www.elyapimihediye.com.tr sitemizi incelemeyi unutmay\u0131n.<\/p>\n<figure id=\"attachment_2698\" aria-describedby=\"caption-attachment-2698\" style=\"width: 800px\" class=\"wp-caption alignnone\"><img loading=\"lazy\" decoding=\"async\" class=\"size-full wp-image-2698\" src=\"https:\/\/elyapimitablo.com\/tr\/wp-content\/uploads\/ZSK-DORTMEVSM-COMPARE.jpg\" alt=\"Richard Alexandrovich Bergholz vs ZSK reprod\u00fcksiyon\" width=\"800\" height=\"500\" srcset=\"https:\/\/elyapimitablo.com\/tr\/wp-content\/uploads\/ZSK-DORTMEVSM-COMPARE.jpg 800w, https:\/\/elyapimitablo.com\/tr\/wp-content\/uploads\/ZSK-DORTMEVSM-COMPARE-300x188.jpg 300w, https:\/\/elyapimitablo.com\/tr\/wp-content\/uploads\/ZSK-DORTMEVSM-COMPARE-150x94.jpg 150w, https:\/\/elyapimitablo.com\/tr\/wp-content\/uploads\/ZSK-DORTMEVSM-COMPARE-768x480.jpg 768w, https:\/\/elyapimitablo.com\/tr\/wp-content\/uploads\/ZSK-DORTMEVSM-COMPARE-416x260.jpg 416w\" sizes=\"auto, (max-width: 800px) 100vw, 800px\" \/><figcaption id=\"caption-attachment-2698\" class=\"wp-caption-text\">Richard Alexandrovich Bergholz vs ZSK reprod\u00fcksiyon<\/figcaption><\/figure>\n<p><a href=\"https:\/\/youtu.be\/6GywOyhNh68?si=spR4DKOiUrPc94BK\">D\u00f6rtmevsim Youtube Shorts Video<\/a><\/p>\n<p>D\u00f6rtmevsim resmi orjinalinde uzun y\u0131llara meydan okumas\u0131 sebebiyle, her ne kadar koyu tonlar hakim g\u00f6r\u00fcnse de bahar, yaz ve k\u0131\u015f mevsimlerinin m\u00fcthi\u015f bir harmonisi oldu\u011fundan reprod\u00fcksiyon olarak \u00e7al\u0131\u015f\u0131l\u0131rken \u00f6zellikle canl\u0131 renkler ile \u00e7al\u0131\u015f\u0131lm\u0131\u015ft\u0131r.<\/p>\n<p><strong>Richard Alexandrovich Bergholz<\/strong> taraf\u0131ndan yap\u0131lan bu resim, d\u00f6nemin Moskova B\u00fcy\u00fckel\u00e7isi Zekai Apayd\u0131n taraf\u0131ndan Atat\u00fcrk&#8217;e hediye edilmi\u015ftir ve Atat\u00fcrk&#8217;\u00fcn en sevdi\u011fi resim olarak bilinir. Bug\u00fcn halen Dolmabah\u00e7e Saray\u0131 71 numaral\u0131, Atat\u00fcrk&#8217;\u00fcn vefat etti\u011fi odada yer almaktad\u0131r.<\/p>\n<p>Richard Alexandrovich Bergholz, \u0130sve\u00e7li bir ressamd\u0131 ve 19. y\u00fczy\u0131lda ya\u015fam\u0131\u015f olan \u00f6nemli sanat\u00e7\u0131lardan biridir. Bergholz&#8217;un sanat\u0131 genellikle portreler, manzaralar ve tarihi konular \u00fczerinde yo\u011funla\u015fm\u0131\u015ft\u0131r. \u00d6zellikle ya\u011fl\u0131boya tablo alan\u0131nda yapt\u0131\u011f\u0131 eserlerle tan\u0131n\u0131r.<br \/>\nPortreler: Bergholz, \u00f6zellikle portre ressaml\u0131\u011f\u0131 ile tan\u0131n\u0131r. D\u00f6nemin \u00f6nemli fig\u00fcrlerinin ya\u011fl\u0131boya tablo portrelerini yapm\u0131\u015f ve bu alanda b\u00fcy\u00fck bir \u00fcn kazanm\u0131\u015ft\u0131r. Portrelerinde detayl\u0131 bir ger\u00e7ek\u00e7ilik ve karakterlerin ruh hallerini yans\u0131tma konusunda ba\u015far\u0131l\u0131d\u0131r.<br \/>\nManzara Resimleri: Manzara resimleri de Bergholz&#8217;un ya\u011fl\u0131boya tablo eserleri aras\u0131nda \u00f6nemli bir yer tutar. Do\u011fal sahneleri betimlemede ustad\u0131r ve eserlerinde \u0131\u015f\u0131k ve renk kullan\u0131m\u0131 dikkat \u00e7eker.<br \/>\nTarihi Konular: Bergholz, tarihi olaylar\u0131 ve ki\u015filikleri resmetmeyi de severdi. Bu t\u00fcr ya\u011fl\u0131boya tablo eserlerinde genellikle dramatik sahneler ve yo\u011fun duygusal anlat\u0131m \u00f6n plandad\u0131r.<br \/>\nTeknik ve Stil: Klasik resim tekniklerini kullanm\u0131\u015f ve detayl\u0131 i\u015f\u00e7ilikle dikkat \u00e7ekmi\u015ftir. Ya\u011fl\u0131boya tablolar\u0131nda genellikle canl\u0131 renkler ve titiz kompozisyonlar bulunur.<\/p>\n","protected":false},"excerpt":{"rendered":"<p>ZSK | D\u00f6rtmevsim Reprod\u00fcksiyon Ya\u011fl\u0131boya Tablo | Atat\u00fcrk &#8216;\u00fcn en sevdi\u011fi tablosu Fiyat resmin orjinal boyutu olan 110 x 115 cm i\u00e7in verilmi\u015ftir. &#8220;D\u00f6rt Mevsim&#8221;, tuval \u00fczerine ya\u011fl\u0131boya, \u00d6zel tablo sipari\u015fleriniz i\u00e7in orant\u0131l\u0131 olarak daha b\u00fcy\u00fck boyutlarda \u00e7al\u0131\u015f\u0131labilmektedir, bilgi al\u0131n\u0131z. Reprod\u00fcksiyon ya\u011fl\u0131boya tablo. Bu kanvas tablo Atat\u00fcrk &#8216;\u00fc anmak i\u00e7in harika bir eser; evinizde veya [&hellip;]<\/p>\n","protected":false},"featured_media":2389,"template":"","meta":[],"product_brand":[],"product_cat":[82,123,97,78,64],"product_tag":[200,199,198,68],"class_list":{"0":"post-112","1":"product","2":"type-product","3":"status-publish","4":"has-post-thumbnail","6":"product_cat-ataturk-tablolari","7":"product_cat-manzara-resmi-tablo","8":"product_cat-ozel-siparis-reproduksiyon-tablolar","9":"product_cat-reproduksiyon-yagliboya-tablo","10":"product_cat-tum-yagliboya-tablolar","11":"product_tag-ataturk-un-sevdigi-tablolar","12":"product_tag-dolmabahce-sarayi-dortmevsim","13":"product_tag-dortmevsim-reproduksiyon","14":"product_tag-manzara-tablo","16":"first","17":"instock","18":"shipping-taxable","19":"purchasable","20":"product-type-simple"},"_links":{"self":[{"href":"https:\/\/elyapimitablo.com\/tr\/wp-json\/wp\/v2\/product\/112","targetHints":{"allow":["GET"]}}],"collection":[{"href":"https:\/\/elyapimitablo.com\/tr\/wp-json\/wp\/v2\/product"}],"about":[{"href":"https:\/\/elyapimitablo.com\/tr\/wp-json\/wp\/v2\/types\/product"}],"wp:featuredmedia":[{"embeddable":true,"href":"https:\/\/elyapimitablo.com\/tr\/wp-json\/wp\/v2\/media\/2389"}],"wp:attachment":[{"href":"https:\/\/elyapimitablo.com\/tr\/wp-json\/wp\/v2\/media?parent=112"}],"wp:term":[{"taxonomy":"product_brand","embeddable":true,"href":"https:\/\/elyapimitablo.com\/tr\/wp-json\/wp\/v2\/product_brand?post=112"},{"taxonomy":"product_cat","embeddable":true,"href":"https:\/\/elyapimitablo.com\/tr\/wp-json\/wp\/v2\/product_cat?post=112"},{"taxonomy":"product_tag","embeddable":true,"href":"https:\/\/elyapimitablo.com\/tr\/wp-json\/wp\/v2\/product_tag?post=112"}],"curies":[{"name":"wp","href":"https:\/\/api.w.org\/{rel}","templated":true}]}}