{"id":110,"date":"2024-02-27T10:56:00","date_gmt":"2024-02-27T10:56:00","guid":{"rendered":"https:\/\/elyapimitablo.com\/tr\/urun\/zsk-klaus-wagger-automotive-art-reproduksiyon-yagliboya-tablo-calismasi-klaus-wagger-automotive-art-oil-painting-on-canvas\/"},"modified":"2024-07-02T15:37:37","modified_gmt":"2024-07-02T15:37:37","slug":"zsk-klaus-wagger-automotive-art-reproduksiyon-yagliboya-tablo-calismasi-klaus-wagger-automotive-art-oil-painting-on-canvas","status":"publish","type":"product","link":"https:\/\/elyapimitablo.com\/tr\/urun\/zsk-klaus-wagger-automotive-art-reproduksiyon-yagliboya-tablo-calismasi-klaus-wagger-automotive-art-oil-painting-on-canvas\/","title":{"rendered":"ZSK |\u00a0Klaus Wagger Automotive Art Reprod\u00fcksiyon Ya\u011fl\u0131boya Tablo \u00e7al\u0131\u015fmas\u0131 | Klaus Wagger Automotive Art oil painting on canvas"},"content":{"rendered":"<h1>ZSK | Klaus Wagger Automotive Art Reprod\u00fcksiyon Ya\u011fl\u0131boya Tablo \u00e7al\u0131\u015fmas\u0131 | Klaus Wagger Automotive Art oil painting on canvas<\/h1>\n<p><img decoding=\"async\" src=\"https:\/\/web.archive.org\/web\/20200202083415im_\/http:\/\/www.elyapimitablo.com\/images\/rp1k2-KlausWagger-carArtSport.jpg\" alt=\"\" \/> Ressam Zeliha Say\u0131l\u0131 K\u00fc\u00e7\u00fck imzal\u0131<\/p>\n<p>ZSK |\u00a0Klaus Wagger &#8211; Automotive Art Reprod\u00fcksiyon Ya\u011fl\u0131boya Tablo \u00e7al\u0131\u015fmas\u0131<\/p>\n<p>&nbsp;<\/p>\n<p>* Ressam Zeliha Say\u0131l\u0131 K\u00fc\u00e7\u00fck imzal\u0131 %100 el yap\u0131m\u0131<\/p>\n<p>* Nakliye fiyata dahildir.<\/p>\n<p>* \u00c7er\u00e7eve fiyat\u0131 se\u00e7ime g\u00f6re de\u011fi\u015fmekte, fiyata dahil de\u011fildir.<\/p>\n<p>* Uzun \u00f6m\u00fcrl\u00fcd\u00fcr renkler solmaz 5+ y\u0131l.<\/p>\n<p>* PVC \u00fczerine seri \u00fcretim makine bask\u0131s\u0131 tablo sat\u0131\u015f\u0131m\u0131z yoktur. T\u00fcm resimlerimiz %100 el yap\u0131m\u0131 tuval bezi \u00fczerine 1. kalite ya\u011fl\u0131boyad\u0131r.<\/p>\n<p>* Tablonun tamam\u0131 el yap\u0131m\u0131; tuval bezi \u00fczerine spatula ve f\u0131r\u00e7a ile boyama tekni\u011fi ile yap\u0131lm\u0131\u015ft\u0131r, piyasada k\u0131s\u0131tl\u0131 bir par\u00e7as\u0131 ressam taraf\u0131ndan boyanan k\u0131sm\u0131 makine taraf\u0131ndan bas\u0131lan tablolar ile k\u0131yaslamay\u0131n\u0131z.<\/p>\n<p>* Sertifikal\u0131, yat\u0131r\u0131m i\u00e7in uygundur.<\/p>\n<p>* 3 ve \u00fczeri \u00e7oklu al\u0131mlar i\u00e7in \u00f6zel fiyat alabilirsiniz.<\/p>\n<p>Ev ve ofis dekorasyonunda kullanabilece\u011finiz reprod\u00fcksiyon \u00f6zel tasar\u0131m tablolar i\u00e7in di\u011fer tablolar\u0131m\u0131z\u0131 inceleyin. \u00c7ok b\u00fcy\u00fck ebat tablo sipari\u015fleriniz adresinizde teslim ve adresinizde montaj hizmeti ile teslim edilir, \u00f6zel boyutlu resimler i\u00e7in bilgi al\u0131n\u0131z.<\/p>\n<p>\u00d6zel portre ve \u00f6zel ya\u011fl\u0131boya tablo talepleriniz i\u00e7in ileti\u015fim b\u00f6l\u00fcm\u00fcnden bilgi alabilirsiniz.<\/p>\n<p>\u00dcnl\u00fc ressamlar\u0131n reprod\u00fcksiyon resimleri i\u00e7in fiyat al\u0131n\u0131z<\/p>\n<p>https:\/\/404.net.tr\/bestpainters\/ adresinden eski ressamlar\u0131n tablolar\u0131n\u0131 inceleyebilirsiniz.<\/p>\n<p>Ki\u015fiye \u00f6zel bir hediye deneyimi i\u00e7in https:\/\/www.elyapimihediye.com.tr sitemizi incelemeyi unutmay\u0131n.<\/p>\n<p>Otomobil yar\u0131\u015flar\u0131 konusunda ya\u011fl\u0131boya tablo \u00e7al\u0131\u015fmalar\u0131 olan \u00fcnl\u00fc b\u00fcy\u00fck ressamlardan baz\u0131lar\u0131 ise:<\/p>\n<p><strong>Nicholas Watts<\/strong>: \u0130ngiliz sanat\u00e7\u0131 Nicholas Watts, otomobil yar\u0131\u015flar\u0131 ve klasik otomobiller konusunda uzmanla\u015fm\u0131\u015ft\u0131r. \u00d6zellikle Le Mans 24 Saat ve Formula 1 gibi b\u00fcy\u00fck yar\u0131\u015flardan esinlenen detayl\u0131 ya\u011fl\u0131boya tablolar\u0131yla tan\u0131n\u0131r.<\/p>\n<p><strong>Alan Fearnley<\/strong>: Alan Fearnley, otomobil ve motorsporlar\u0131na tutkulu bir ressamd\u0131r. Eserleri genellikle nostaljik ve romantik bir hava ta\u015f\u0131rken, Formula 1 ve klasik yar\u0131\u015f arabalar\u0131 konusunda \u00f6ne \u00e7\u0131kar.<\/p>\n<p><strong>Tim Layzell<\/strong>: Tim Layzell, otomobil yar\u0131\u015flar\u0131yla ilgili canl\u0131 ve dinamik kompozisyonlar\u0131yla tan\u0131n\u0131r. \u00d6zellikle retro tarz\u0131yla bilinir ve eserlerinde yar\u0131\u015f arabalar\u0131n\u0131n h\u0131z\u0131n\u0131 ve heybetini ustaca yakalar.<\/p>\n<p><strong>Dennis Simon<\/strong>: Dennis Simon, yar\u0131\u015f arabalar\u0131n\u0131 ve yar\u0131\u015f atmosferini yakalayan detayl\u0131 ya\u011fl\u0131boya tablolar\u0131yla tan\u0131n\u0131r. \u00d6zellikle Le Mans ve di\u011fer b\u00fcy\u00fck yar\u0131\u015flardan esinlenen eserleri pop\u00fclerdir.<\/p>\n<p><strong>Juan Carlos Ferrigno<\/strong>: Juan Carlos Ferrigno, otomobil yar\u0131\u015flar\u0131 ve klasik ara\u00e7lar konusunda uzmanla\u015fm\u0131\u015f bir ressamd\u0131r. \u00d6zellikle detayl\u0131 kompozisyonlar\u0131 ve ger\u00e7ek\u00e7i tarz\u0131yla tan\u0131n\u0131r.<\/p>\n<p>Nicholas Watts, \u0130ngiltere&#8217;de do\u011fmu\u015f ve otomobil sanat\u0131 alan\u0131nda b\u00fcy\u00fck bir isim haline gelmi\u015ftir. \u00d6zellikle Le Mans 24 Saat gibi efsanevi yar\u0131\u015flardan esinlenen ya\u011fl\u0131boya tablolar\u0131yla tan\u0131n\u0131r. Watts&#8217;\u0131n eserleri, yar\u0131\u015f arabalar\u0131n\u0131n h\u0131z\u0131n\u0131 ve dinamizmini ustal\u0131kla yakalarken, detaylara verdi\u011fi \u00f6nemle dikkat \u00e7eker. Ya\u011fl\u0131boya tekni\u011fini ustaca kullanarak, yar\u0131\u015f arabalar\u0131n\u0131n metalik y\u00fczeylerindeki yans\u0131malar\u0131 ve hareketi canl\u0131 bir \u015fekilde yans\u0131t\u0131r.<\/p>\n<p>Alan Fearnley, \u0130ngiliz sanat\u00e7\u0131d\u0131r ve otomobil sanat\u0131nda uzun y\u0131llara dayanan deneyime sahiptir. Tablolar\u0131 genellikle nostaljik bir hava ta\u015f\u0131r ve ge\u00e7mi\u015f d\u00f6nemlerin yar\u0131\u015f atmosferini canland\u0131r\u0131r. Formula 1 yar\u0131\u015flar\u0131ndan esinlenen tablolar\u0131yla tan\u0131n\u0131r ve klasik yar\u0131\u015f arabalar\u0131n\u0131n zarif detaylar\u0131n\u0131 ve h\u0131z\u0131n\u0131 ustal\u0131kla yans\u0131t\u0131r.<\/p>\n<p>Tim Layzell, \u0130ngiliz otomobil sanat\u00e7\u0131s\u0131d\u0131r ve \u00f6zellikle retro tarz\u0131yla tan\u0131n\u0131r. Tablolar\u0131nda genellikle 1950&#8217;lerin ve 1960&#8217;lar\u0131n yar\u0131\u015f atmosferini canland\u0131r\u0131r. Renkli ve dinamik kompozisyonlar\u0131yla dikkat \u00e7eker ve yar\u0131\u015f arabalar\u0131n\u0131n h\u0131z\u0131n\u0131 ve heybetini ustaca yans\u0131t\u0131r. Layzell&#8217;\u0131n eserleri, otomobil tutkunlar\u0131 aras\u0131nda b\u00fcy\u00fck ilgi g\u00f6r\u00fcr.<\/p>\n<p>Dennis Simon, otomobil yar\u0131\u015flar\u0131 ve klasik ara\u00e7lar konusunda uzmanla\u015fm\u0131\u015f bir ressamd\u0131r. Eserleri genellikle detayl\u0131 bir \u015fekilde \u00e7al\u0131\u015f\u0131lm\u0131\u015ft\u0131r ve yar\u0131\u015f atmosferini canl\u0131 bir \u015fekilde yans\u0131t\u0131r. \u00d6zellikle Le Mans gibi efsanevi yar\u0131\u015flardan ilham alan ya\u011fl\u0131boya tablolar\u0131yla tan\u0131n\u0131r. Simon&#8217;\u0131n eserleri, otomobil tutkunlar\u0131 i\u00e7in ger\u00e7ek bir g\u00f6rsel \u015f\u00f6len sunar.<\/p>\n<p>Juan Carlos Ferrigno, Arjantinli bir ressamd\u0131r ve otomobil yar\u0131\u015flar\u0131na olan tutkusunu eserlerine yans\u0131t\u0131r. Ger\u00e7ek\u00e7i tarz\u0131yla tan\u0131n\u0131r ve yar\u0131\u015f arabalar\u0131n\u0131n detaylar\u0131n\u0131 ustaca i\u015fler. Ferrigno&#8217;nun tablolar\u0131, yar\u0131\u015f tutkunlar\u0131n\u0131n g\u00f6z\u00fcnde bir ara\u00e7la yar\u0131\u015f\u0131n heyecan\u0131n\u0131 ve g\u00fczelli\u011fini yakalar.<\/p>\n","protected":false},"excerpt":{"rendered":"<p>ZSK | Klaus Wagger Automotive Art Reprod\u00fcksiyon Ya\u011fl\u0131boya Tablo \u00e7al\u0131\u015fmas\u0131 | Klaus Wagger Automotive Art oil painting on canvas Ressam Zeliha Say\u0131l\u0131 K\u00fc\u00e7\u00fck imzal\u0131 ZSK |\u00a0Klaus Wagger &#8211; Automotive Art Reprod\u00fcksiyon Ya\u011fl\u0131boya Tablo \u00e7al\u0131\u015fmas\u0131 &nbsp; * Ressam Zeliha Say\u0131l\u0131 K\u00fc\u00e7\u00fck imzal\u0131 %100 el yap\u0131m\u0131 * Nakliye fiyata dahildir. * \u00c7er\u00e7eve fiyat\u0131 se\u00e7ime g\u00f6re de\u011fi\u015fmekte, fiyata [&hellip;]<\/p>\n","protected":false},"featured_media":2398,"template":"","meta":[],"product_brand":[],"product_cat":[85,64],"product_tag":[86],"class_list":{"0":"post-110","1":"product","2":"type-product","3":"status-publish","4":"has-post-thumbnail","6":"product_cat-araba-resmi-yagliboya-tablolari","7":"product_cat-tum-yagliboya-tablolar","8":"product_tag-araba-resmi-tablo","10":"first","11":"instock","12":"shipping-taxable","13":"purchasable","14":"product-type-simple"},"_links":{"self":[{"href":"https:\/\/elyapimitablo.com\/tr\/wp-json\/wp\/v2\/product\/110","targetHints":{"allow":["GET"]}}],"collection":[{"href":"https:\/\/elyapimitablo.com\/tr\/wp-json\/wp\/v2\/product"}],"about":[{"href":"https:\/\/elyapimitablo.com\/tr\/wp-json\/wp\/v2\/types\/product"}],"wp:featuredmedia":[{"embeddable":true,"href":"https:\/\/elyapimitablo.com\/tr\/wp-json\/wp\/v2\/media\/2398"}],"wp:attachment":[{"href":"https:\/\/elyapimitablo.com\/tr\/wp-json\/wp\/v2\/media?parent=110"}],"wp:term":[{"taxonomy":"product_brand","embeddable":true,"href":"https:\/\/elyapimitablo.com\/tr\/wp-json\/wp\/v2\/product_brand?post=110"},{"taxonomy":"product_cat","embeddable":true,"href":"https:\/\/elyapimitablo.com\/tr\/wp-json\/wp\/v2\/product_cat?post=110"},{"taxonomy":"product_tag","embeddable":true,"href":"https:\/\/elyapimitablo.com\/tr\/wp-json\/wp\/v2\/product_tag?post=110"}],"curies":[{"name":"wp","href":"https:\/\/api.w.org\/{rel}","templated":true}]}}