{"id":106,"date":"2024-02-27T10:55:58","date_gmt":"2024-02-27T10:55:58","guid":{"rendered":"https:\/\/elyapimitablo.com\/tr\/urun\/ozel-siparis-kara-kalem-portre-calismasi\/"},"modified":"2024-07-02T15:45:37","modified_gmt":"2024-07-02T15:45:37","slug":"ozel-siparis-kara-kalem-portre-calismasi","status":"publish","type":"product","link":"https:\/\/elyapimitablo.com\/tr\/urun\/ozel-siparis-kara-kalem-portre-calismasi\/","title":{"rendered":"\u00d6zel Sipari\u015f Kara Kalem Portre \u00c7al\u0131\u015fmas\u0131"},"content":{"rendered":"<h1>\u00d6zel Sipari\u015f Kara Kalem Portre \u00c7al\u0131\u015fmas\u0131<\/h1>\n<p><strong>Kara Kalem Portre Sipari\u015fi<\/strong><\/p>\n<p>* Nakliye fiyata dahildir.<\/p>\n<p>* Ressam Zeliha Say\u0131l\u0131 K\u00fc\u00e7\u00fck imzal\u0131 %100 el yap\u0131m\u0131<\/p>\n<p>* \u00c7er\u00e7eve fiyat\u0131 se\u00e7ime g\u00f6re de\u011fi\u015fmekte, fiyata dahil de\u011fildir.<\/p>\n<p>* Sertifikal\u0131, yat\u0131r\u0131m i\u00e7in uygundur.<\/p>\n<p>* 3 ve \u00fczeri \u00e7oklu kara kalem portre sipari\u015fleri i\u00e7in \u00f6zel fiyat alabilirsiniz.<\/p>\n<p>* \u00d6zel g\u00fcnler i\u00e7in sevdiklerinize kara kalem portre \u00e7al\u0131\u015fmalar\u0131n\u0131 hediye edebilirsiniz. Hediye paketi ve teslimat s\u00fcresi i\u00e7in bilgi al\u0131n\u0131z.<\/p>\n<div class=\"B2VR9 CJHX3e\">\n<div class=\"wyccme\">\n<div><span class=\"dg6jd\"><b>Karakalem Tablo Fiyatlar\u0131<\/b><\/span><\/div>\n<\/div>\n<div>Karakalem tablo fiyatlar\u0131 tablonun b\u00fcy\u00fckl\u00fc\u011f\u00fcne g\u00f6re de\u011fi\u015fir, ayr\u0131ca karakalem tablo i\u00e7erinde portresi yap\u0131lacak ka\u00e7 adet insan, hayvan vb. olmas\u0131 da yap\u0131lacak resmin zorluk seviyesini etkiler. Karakalem tablolar ki\u015fiye \u00f6zel olarak yap\u0131ld\u0131klar\u0131ndan birebir resmi yap\u0131lacak resim i\u00e7in fiyat alman\u0131z uygun olacakt\u0131r. Genel bir fiyat vermek gerekirse karakalem tablo fiyatlar\u0131 5000tl ile 15000tl aras\u0131nda de\u011fi\u015fkenlik g\u00f6stermektedir.<\/div>\n<div><\/div>\n<\/div>\n<p><strong>Kara Kalem Portre Nedir?<\/strong><\/p>\n<p>Kara kalem portre, bir ki\u015finin y\u00fcz hatlar\u0131n\u0131 ve ifadelerini, yaln\u0131zca siyah beyaz tonlar kullanarak betimleyen bir sanat eseridir. Bu portreler, genellikle kur\u015fun kalem, k\u00f6m\u00fcr veya grafit kalem kullan\u0131larak yap\u0131l\u0131r. Kara kalem portreler, sanatseverler ve koleksiyoncular aras\u0131nda olduk\u00e7a pop\u00fclerdir, \u00e7\u00fcnk\u00fc bu teknik, detayl\u0131 ve duygusal portreler yaratma imkan\u0131 sunar.<\/p>\n<p><strong>Kara Kalem Portre Nas\u0131l Yap\u0131l\u0131r?<\/strong><\/p>\n<p>Kara kalem portre yapmak, dikkat ve sab\u0131r gerektiren bir s\u00fcre\u00e7tir. \u0130\u015fte ad\u0131m ad\u0131m kara kalem portre yapma s\u00fcreci:<\/p>\n<p>1. **Malzemelerin Haz\u0131rlanmas\u0131**: Kara kalem portre i\u00e7in gerekli malzemeler; kaliteli bir \u00e7izim ka\u011f\u0131d\u0131, \u00e7e\u015fitli sertliklerde kur\u015fun kalemler, silgi ve k\u00f6m\u00fcr kalemlerdir. Farkl\u0131 kalemler, farkl\u0131 tonlar ve dokular elde etmek i\u00e7in kullan\u0131l\u0131r.<\/p>\n<p>2. **Modelin Se\u00e7imi**: Portresi \u00e7izilecek ki\u015finin bir foto\u011fraf\u0131 ya da canl\u0131 model olmas\u0131 gerekir. Foto\u011fraf kullan\u0131m\u0131, \u00f6zellikle yeni ba\u015flayanlar i\u00e7in daha kolay olabilir.<\/p>\n<p>3. **\u0130skelet \u00c7izimi**: \u0130lk olarak, y\u00fcz hatlar\u0131n\u0131n ve ana \u015fekillerin hafif\u00e7e \u00e7izilmesi gerekir. Bu a\u015famada, portreyi olu\u015fturan temel hatlar belirlenir.<\/p>\n<p>4. **Detayland\u0131rma**: Ana hatlar belirlendikten sonra, detaylar eklenmeye ba\u015flan\u0131r. G\u00f6zler, burun, a\u011f\u0131z ve di\u011fer y\u00fcz detaylar\u0131 yava\u015f\u00e7a i\u015flenir. Her detay, dikkatlice g\u00f6zlemlenerek \u00e7izilir.<\/p>\n<p>5. **G\u00f6lgelendirme**: Portreye derinlik kazand\u0131rmak i\u00e7in g\u00f6lgelendirme yap\u0131l\u0131r. Farkl\u0131 tonlar ve dokular kullan\u0131larak, y\u00fcz\u00fcn \u00fc\u00e7 boyutlu g\u00f6r\u00fcn\u00fcm\u00fc sa\u011flan\u0131r. G\u00f6lgelendirme, kara kalem portrenin en \u00f6nemli a\u015famalar\u0131ndan biridir.<\/p>\n<p>6. **Son R\u00f6tu\u015flar**: G\u00f6lgelendirme tamamland\u0131ktan sonra, portre son kez g\u00f6zden ge\u00e7irilir ve gerekli r\u00f6tu\u015flar yap\u0131l\u0131r. Bu a\u015famada, t\u00fcm detaylar netle\u015ftirilir ve portre son halini al\u0131r.<\/p>\n<p><strong>Kara Kalem Portre Sanat\u0131n\u0131n \u00d6nemi<\/strong><\/p>\n<p>Kara kalem portre, sadece bir sanat eseri de\u011fil, ayn\u0131 zamanda duygusal bir ifade bi\u00e7imidir. Bu portreler, ki\u015fisel ve benzersiz hediyeler olarak da b\u00fcy\u00fck bir de\u011fere sahiptir. Sanat\u00e7\u0131lar i\u00e7in, kara kalem portreler, g\u00f6zlem yeteneklerini ve teknik becerilerini geli\u015ftirmek i\u00e7in harika bir y\u00f6ntemdir.<\/p>\n<p>Kara kalem portreler, sade ama etkileyici g\u00f6r\u00fcn\u00fcmleriyle her zaman ilgi \u00e7ekici olmu\u015ftur. Bu sanat formu, hem klasik hem de modern sanat d\u00fcnyas\u0131nda \u00f6nemli bir yer tutar.<\/p>\n<p>&nbsp;<\/p>\n<p>Ev ve ofis dekorasyonunda kullanabilece\u011finiz reprod\u00fcksiyon \u00f6zel tasar\u0131m tablolar i\u00e7in di\u011fer tablolar\u0131m\u0131z\u0131 inceleyin. \u00c7ok b\u00fcy\u00fck ebat tablo sipari\u015fleriniz adresinizde teslim ve adresinizde montaj hizmeti ile teslim edilir, \u00f6zel boyutlu resimler i\u00e7in bilgi al\u0131n\u0131z.<\/p>\n<p>Ki\u015fiye \u00f6zel bir hediye deneyimi i\u00e7in <a href=\"https:\/\/elyapimihediye.com.tr\">elyapimihediye.com.tr<\/a> sitemizi incelemeyi unutmay\u0131n.<\/p>\n","protected":false},"excerpt":{"rendered":"<p>\u00d6zel Sipari\u015f Kara Kalem Portre \u00c7al\u0131\u015fmas\u0131 Kara Kalem Portre Sipari\u015fi * Nakliye fiyata dahildir. * Ressam Zeliha Say\u0131l\u0131 K\u00fc\u00e7\u00fck imzal\u0131 %100 el yap\u0131m\u0131 * \u00c7er\u00e7eve fiyat\u0131 se\u00e7ime g\u00f6re de\u011fi\u015fmekte, fiyata dahil de\u011fildir. * Sertifikal\u0131, yat\u0131r\u0131m i\u00e7in uygundur. * 3 ve \u00fczeri \u00e7oklu kara kalem portre sipari\u015fleri i\u00e7in \u00f6zel fiyat alabilirsiniz. * \u00d6zel g\u00fcnler i\u00e7in sevdiklerinize [&hellip;]<\/p>\n","protected":false},"featured_media":2405,"template":"","meta":[],"product_brand":[],"product_cat":[90],"product_tag":[],"class_list":{"0":"post-106","1":"product","2":"type-product","3":"status-publish","4":"has-post-thumbnail","6":"product_cat-kara-kalem-calisma","8":"first","9":"instock","10":"shipping-taxable","11":"purchasable","12":"product-type-simple"},"_links":{"self":[{"href":"https:\/\/elyapimitablo.com\/tr\/wp-json\/wp\/v2\/product\/106","targetHints":{"allow":["GET"]}}],"collection":[{"href":"https:\/\/elyapimitablo.com\/tr\/wp-json\/wp\/v2\/product"}],"about":[{"href":"https:\/\/elyapimitablo.com\/tr\/wp-json\/wp\/v2\/types\/product"}],"wp:featuredmedia":[{"embeddable":true,"href":"https:\/\/elyapimitablo.com\/tr\/wp-json\/wp\/v2\/media\/2405"}],"wp:attachment":[{"href":"https:\/\/elyapimitablo.com\/tr\/wp-json\/wp\/v2\/media?parent=106"}],"wp:term":[{"taxonomy":"product_brand","embeddable":true,"href":"https:\/\/elyapimitablo.com\/tr\/wp-json\/wp\/v2\/product_brand?post=106"},{"taxonomy":"product_cat","embeddable":true,"href":"https:\/\/elyapimitablo.com\/tr\/wp-json\/wp\/v2\/product_cat?post=106"},{"taxonomy":"product_tag","embeddable":true,"href":"https:\/\/elyapimitablo.com\/tr\/wp-json\/wp\/v2\/product_tag?post=106"}],"curies":[{"name":"wp","href":"https:\/\/api.w.org\/{rel}","templated":true}]}}