{"id":105,"date":"2024-02-27T10:55:57","date_gmt":"2024-02-27T10:55:57","guid":{"rendered":"https:\/\/elyapimitablo.com\/tr\/urun\/zsk-pablo-picasso-reproduksiyon-yagliboya-tablo-pablo-picasso-reproduction-oil-painting-on-canvas\/"},"modified":"2025-07-08T06:26:03","modified_gmt":"2025-07-08T06:26:03","slug":"zsk-pablo-picasso-reproduksiyon-yagliboya-tablo-pablo-picasso-reproduction-oil-painting-on-canvas","status":"publish","type":"product","link":"https:\/\/elyapimitablo.com\/tr\/urun\/zsk-pablo-picasso-reproduksiyon-yagliboya-tablo-pablo-picasso-reproduction-oil-painting-on-canvas\/","title":{"rendered":"ZSK | Pablo Picasso Reprod\u00fcksiyon Ya\u011fl\u0131boya Tablo | &#8220;Two Figures&#8221; (\u0130ki Fig\u00fcr)"},"content":{"rendered":"<h1>ZSK | Pablo Picasso Reprod\u00fcksiyon Ya\u011fl\u0131boya Tablo | &#8220;Two Figures&#8221; (\u0130ki Fig\u00fcr)<\/h1>\n<p>Picasso Reprod\u00fcksiyon Ya\u011fl\u0131boya Tablo, Ressam Zeliha Say\u0131l\u0131 K\u00fc\u00e7\u00fck imzal\u0131<\/p>\n<p><strong>Boyut :\u00a0 85 x 67 cm , \u00d6zel boyut talepleriniz i\u00e7in bilgi al\u0131n\u0131z.<\/strong><\/p>\n<p>1934 y\u0131l\u0131, Picasso&#8217;nun sanat\u0131nda \u00f6nemli bir d\u00f6nem olan surrealizmin etkisi alt\u0131nda yo\u011fun olarak \u00e7al\u0131\u015ft\u0131\u011f\u0131 bir y\u0131ld\u0131. Surrealizm, 1920&#8217;lerin ba\u015f\u0131nda Andr\u00e9 Breton ve di\u011fer sanat\u00e7\u0131lar taraf\u0131ndan ortaya \u00e7\u0131kar\u0131lan bir sanat ak\u0131m\u0131d\u0131r. Bu ak\u0131m, rasyonellik ve mant\u0131k yerine bilin\u00e7alt\u0131n\u0131n \u00f6zg\u00fcr ak\u0131\u015f\u0131n\u0131 ve r\u00fcya d\u00fcnyas\u0131n\u0131 \u00f6n plana \u00e7\u0131karmay\u0131 ama\u00e7lar. Picasso gibi bir\u00e7ok sanat\u00e7\u0131, bu ak\u0131ma b\u00fcy\u00fck ilgi g\u00f6stermi\u015f ve eserlerinde surrealizmin etkilerini g\u00f6stermi\u015ftir.<\/p>\n<p>Bu d\u00f6nemde resimlerinde r\u00fcya gibi unsurlar, abs\u00fcrd bi\u00e7imler, distorsiyonlar ve sembolizm \u00f6n plana \u00e7\u0131km\u0131\u015ft\u0131r. Picasso&#8217;nun bu d\u00f6nemde yaratt\u0131\u011f\u0131 eserlerde, mitolojik fig\u00fcrler, minotaur, kad\u0131n fig\u00fcrleri ve soyut formlar s\u0131k\u00e7a g\u00f6r\u00fcl\u00fcr.<\/p>\n<p>\u00d6zellikle &#8220;Minotauromachy&#8221; (Minotaur Sava\u015f\u0131) serisi, Picasso&#8217;nun 1934 y\u0131l\u0131nda surrealizm etkisi alt\u0131nda yaratt\u0131\u011f\u0131 \u00f6nemli eserlerden biridir. Bu seride, mitolojik fig\u00fcrlerle insan fig\u00fcrleri aras\u0131nda belirsiz bir s\u0131n\u0131rda gezinen, derin anlamlar i\u00e7eren eserler bulunur. Bu d\u00f6nemde Picasso&#8217;nun resimlerinde s\u0131kl\u0131kla yer alan minotaur fig\u00fcr\u00fc, onun ki\u015fisel bir sembol\u00fc haline gelmi\u015f ve bir t\u00fcr arketipsel fig\u00fcr olarak yorumlanm\u0131\u015ft\u0131r.<\/p>\n<p>Picasso&#8217;nun 1934 y\u0131l\u0131nda surrealizm etkisi alt\u0131nda yaratt\u0131\u011f\u0131 eserler, \u00e7a\u011fda\u015f sanat\u0131n ve d\u00fcnyan\u0131n karma\u015f\u0131kl\u0131\u011f\u0131na, belirsizliklerine ve \u00e7at\u0131\u015fmalar\u0131na dair bir yans\u0131ma olarak de\u011ferlendirilir. Surrealist ak\u0131m\u0131n \u00f6zg\u00fcrle\u015ftirici ve sorgulay\u0131c\u0131 ruhu, Picasso&#8217;nun sanat\u0131nda bu d\u00f6nemde belirgin bir \u015fekilde g\u00f6r\u00fcl\u00fcr.<\/p>\n<p>Pablo Picasso (1881-1973), 20. y\u00fczy\u0131l\u0131n en tan\u0131nm\u0131\u015f ve etkili sanat\u00e7\u0131lar\u0131ndan biridir. \u0130spanyol do\u011fumlu olan Picasso, modern sanat\u0131n \u00f6nemli fig\u00fcrlerinden biridir ve kariyeri boyunca \u00e7e\u015fitli d\u00f6nemlerden ge\u00e7mi\u015f, farkl\u0131 tarzlar denemi\u015f ve \u00e7e\u015fitli teknikler kullanm\u0131\u015ft\u0131r. Resimlerinin \u00e7e\u015fitlili\u011fi, soyutlama ve deneysel yakla\u015f\u0131mlar, sanat d\u00fcnyas\u0131nda devrim yaratm\u0131\u015ft\u0131r.<\/p>\n<p>Picasso&#8217;nun eserleri aras\u0131nda en \u00fcnl\u00fc olanlar aras\u0131nda &#8220;Les Demoiselles d&#8217;Avignon&#8221; (Avignonlu Gen\u00e7 K\u0131zlar), &#8220;Guernica&#8221; ve &#8220;Les Meninas&#8221; yer al\u0131r. &#8220;Les Demoiselles d&#8217;Avignon&#8221; (1907), k\u00fcbizmin \u00f6nc\u00fc eserlerinden biri olarak kabul edilir ve genellikle modern sanat\u0131n ba\u015flang\u0131c\u0131 olarak g\u00f6r\u00fcl\u00fcr. &#8220;Guernica&#8221; (1937), \u0130spanya \u0130\u00e7 Sava\u015f\u0131 s\u0131ras\u0131nda Nazi Almanyas\u0131 ve Fa\u015fist \u0130talya&#8217;n\u0131n bombalad\u0131\u011f\u0131 bir Bask kasabas\u0131 olan Guernica&#8217;n\u0131n bombalanmas\u0131n\u0131 tasvir eden \u00fcnl\u00fc bir tablodur. &#8220;Les Meninas&#8221; (1957), Diego Vel\u00e1zquez&#8217;in \u00fcnl\u00fc tablosu &#8220;Las Meninas&#8221; \u0131n (1656) modern bir yorumudur.<\/p>\n<p>Picasso&#8217;nun tarz\u0131 ve teknikleri, kubizm, s\u00fcrrealizm, d\u0131\u015favurumculuk ve farkl\u0131 formlarla resim yapma gibi bir\u00e7ok sanat ak\u0131m\u0131na ilham vermi\u015ftir. O, ayr\u0131ca heykel, seramik, bask\u0131 ve kolaj gibi di\u011fer sanat formlar\u0131nda da \u00f6nemli \u00e7al\u0131\u015fmalar yapm\u0131\u015ft\u0131r. Sanat kariyeri boyunca binlerce eser \u00fcretmi\u015f ve sanat d\u00fcnyas\u0131nda devrim yaratm\u0131\u015f bir sanat\u00e7\u0131 olarak kabul edilir.<\/p>\n<p>* Ressam Zeliha Say\u0131l\u0131 K\u00fc\u00e7\u00fck imzal\u0131 %100 el yap\u0131m\u0131<\/p>\n<p>* Nakliye fiyata dahildir.<\/p>\n<p>* \u00c7er\u00e7eve fiyat\u0131 se\u00e7ime g\u00f6re de\u011fi\u015fmekte, fiyata dahil de\u011fildir. <strong>( 85 x 67 cm i\u00e7in \u00e7er\u00e7eve fiyata dahildir. Teyit ediniz.)<\/strong><\/p>\n<p>* Uzun \u00f6m\u00fcrl\u00fcd\u00fcr renkler solmaz 5+ y\u0131l.<\/p>\n<p>* PVC \u00fczerine seri \u00fcretim makine bask\u0131s\u0131 tablo sat\u0131\u015f\u0131m\u0131z yoktur. T\u00fcm resimlerimiz %100 el yap\u0131m\u0131 tuval bezi \u00fczerine 1. kalite ya\u011fl\u0131boyad\u0131r.<\/p>\n<p>* Tablonun tamam\u0131 el yap\u0131m\u0131; tuval bezi \u00fczerine spatula ve f\u0131r\u00e7a ile boyama tekni\u011fi ile yap\u0131lm\u0131\u015ft\u0131r, piyasada k\u0131s\u0131tl\u0131 bir par\u00e7as\u0131 ressam taraf\u0131ndan boyanan k\u0131sm\u0131 makine taraf\u0131ndan bas\u0131lan tablolar ile k\u0131yaslamay\u0131n\u0131z.<\/p>\n<p>* Sertifikal\u0131, yat\u0131r\u0131m i\u00e7in uygundur.<\/p>\n<p>* 3 ve \u00fczeri \u00e7oklu al\u0131mlar i\u00e7in \u00f6zel fiyat alabilirsiniz.<\/p>\n<p>Ev ve ofis dekorasyonunda kullanabilece\u011finiz reprod\u00fcksiyon \u00f6zel tasar\u0131m tablolar i\u00e7in di\u011fer tablolar\u0131m\u0131z\u0131 inceleyin. \u00c7ok b\u00fcy\u00fck ebat tablo sipari\u015fleriniz adresinizde teslim ve adresinizde montaj hizmeti ile teslim edilir, \u00f6zel boyutlu resimler i\u00e7in bilgi al\u0131n\u0131z.<\/p>\n<p>\u00d6zel portre ve \u00f6zel ya\u011fl\u0131boya tablo talepleriniz i\u00e7in ileti\u015fim b\u00f6l\u00fcm\u00fcnden bilgi alabilirsiniz.<\/p>\n<p>\u00dcnl\u00fc ressamlar\u0131n reprod\u00fcksiyon resimleri i\u00e7in fiyat al\u0131n\u0131z<\/p>\n<p><a href=\"https:\/\/404.net.tr\/bestpainters\/\">Painters Archive \/ Ressam Ar\u015fivi<\/a> adresinden eski ressamlar\u0131n tablolar\u0131n\u0131 inceleyebilirsiniz.<\/p>\n<p>Ki\u015fiye \u00f6zel bir hediye deneyimi i\u00e7in <a href=\"https:\/\/www.elyapimihediye.com.tr\">elyapimihediye.com.tr<\/a> sitemizi incelemeyi unutmay\u0131n.<\/p>\n<p>&nbsp;<\/p>\n<p>&nbsp;<\/p>\n","protected":false},"excerpt":{"rendered":"<p>ZSK | Pablo Picasso Reprod\u00fcksiyon Ya\u011fl\u0131boya Tablo | &#8220;Two Figures&#8221; (\u0130ki Fig\u00fcr) Picasso Reprod\u00fcksiyon Ya\u011fl\u0131boya Tablo, Ressam Zeliha Say\u0131l\u0131 K\u00fc\u00e7\u00fck imzal\u0131 Boyut :\u00a0 85 x 67 cm , \u00d6zel boyut talepleriniz i\u00e7in bilgi al\u0131n\u0131z. 1934 y\u0131l\u0131, Picasso&#8217;nun sanat\u0131nda \u00f6nemli bir d\u00f6nem olan surrealizmin etkisi alt\u0131nda yo\u011fun olarak \u00e7al\u0131\u015ft\u0131\u011f\u0131 bir y\u0131ld\u0131. Surrealizm, 1920&#8217;lerin ba\u015f\u0131nda Andr\u00e9 Breton [&hellip;]<\/p>\n","protected":false},"featured_media":2407,"template":"","meta":[],"product_brand":[],"product_cat":[213,78,64],"product_tag":[206,91],"class_list":{"0":"post-105","1":"product","2":"type-product","3":"status-publish","4":"has-post-thumbnail","6":"product_cat-picasso-tablo","7":"product_cat-reproduksiyon-yagliboya-tablo","8":"product_cat-tum-yagliboya-tablolar","9":"product_tag-picasso-resimleri","10":"product_tag-picasso-tablo","12":"first","13":"instock","14":"sale","15":"purchasable","16":"product-type-simple"},"_links":{"self":[{"href":"https:\/\/elyapimitablo.com\/tr\/wp-json\/wp\/v2\/product\/105","targetHints":{"allow":["GET"]}}],"collection":[{"href":"https:\/\/elyapimitablo.com\/tr\/wp-json\/wp\/v2\/product"}],"about":[{"href":"https:\/\/elyapimitablo.com\/tr\/wp-json\/wp\/v2\/types\/product"}],"wp:featuredmedia":[{"embeddable":true,"href":"https:\/\/elyapimitablo.com\/tr\/wp-json\/wp\/v2\/media\/2407"}],"wp:attachment":[{"href":"https:\/\/elyapimitablo.com\/tr\/wp-json\/wp\/v2\/media?parent=105"}],"wp:term":[{"taxonomy":"product_brand","embeddable":true,"href":"https:\/\/elyapimitablo.com\/tr\/wp-json\/wp\/v2\/product_brand?post=105"},{"taxonomy":"product_cat","embeddable":true,"href":"https:\/\/elyapimitablo.com\/tr\/wp-json\/wp\/v2\/product_cat?post=105"},{"taxonomy":"product_tag","embeddable":true,"href":"https:\/\/elyapimitablo.com\/tr\/wp-json\/wp\/v2\/product_tag?post=105"}],"curies":[{"name":"wp","href":"https:\/\/api.w.org\/{rel}","templated":true}]}}