{"id":100,"date":"2024-02-27T10:55:53","date_gmt":"2024-02-27T10:55:53","guid":{"rendered":"https:\/\/elyapimitablo.com\/tr\/urun\/zsk-meryem-ve-cocuk-isa-virjin-mary-and-child-jesus-reproduksiyon-tuval-uzerine-yagliboya-tablo\/"},"modified":"2024-08-19T17:53:03","modified_gmt":"2024-08-19T17:53:03","slug":"zsk-meryem-ve-cocuk-isa-virjin-mary-and-child-jesus-reproduksiyon-tuval-uzerine-yagliboya-tablo","status":"publish","type":"product","link":"https:\/\/elyapimitablo.com\/tr\/urun\/zsk-meryem-ve-cocuk-isa-virjin-mary-and-child-jesus-reproduksiyon-tuval-uzerine-yagliboya-tablo\/","title":{"rendered":"ZSK | Meryem ve \u00c7ocuk \u0130sa (Virjin Mary and Child Jesus) Reprod\u00fcksiyon, tuval \u00fczerine ya\u011fl\u0131boya tablo"},"content":{"rendered":"<h1>ZSK | Meryem&amp;\u00c7ocuk \u0130sa Reprod\u00fcksiyon (Virjin Mary and Child Jesus) Reprod\u00fcksiyon, tuval \u00fczerine ya\u011fl\u0131boya tablo<\/h1>\n<p>&#8220;Meryem ve \u00c7ocuk \u0130sa&#8221; tablosu, Hristiyanl\u0131k dinine ait \u00f6nemli bir konuyu temsil eden sanat eserlerinden biridir. Bu tablo, \u0130sa&#8217;n\u0131n annesi Meryem&#8217;in ve \u00e7ocuk \u0130sa&#8217;n\u0131n birlikte betimlendi\u011fi bir\u00e7ok farkl\u0131 sanat eserinde bulunabilir.<\/p>\n<p>Bu t\u00fcr tablolar, genellikle \u0130sa&#8217;n\u0131n hayat\u0131n\u0131n \u00f6nemli anlar\u0131n\u0131, Meryem&#8217;in annelik rol\u00fcn\u00fc ve \u0130sa&#8217;n\u0131n tanr\u0131sal do\u011fas\u0131n\u0131 vurgular. Meryem ve \u0130sa aras\u0131ndaki ili\u015fki, sevgi ve ba\u011fl\u0131l\u0131k genellikle tablonun odak noktas\u0131d\u0131r.<\/p>\n<p>Bu tablonun en \u00fcnl\u00fc \u00f6rneklerinden biri, \u0130talyan R\u00f6nesans d\u00f6neminin \u00fcnl\u00fc ressam\u0131 Leonardo da Vinci&#8217;nin &#8220;Mona Lisa&#8221; tablosuyla ayn\u0131 d\u00f6neme denk gelen &#8220;Madonna Litta&#8221; tablosudur. &#8220;Madonna Litta&#8221;, Meryem&#8217;in \u0130sa&#8217;y\u0131 emzirirken tasvir edilmesiyle dikkat \u00e7eker.<\/p>\n<p>&#8220;Meryem ve \u00c7ocuk \u0130sa&#8221; tablolar\u0131, Hristiyan sanat\u0131n\u0131n \u00f6nemli bir par\u00e7as\u0131 olmu\u015ftur ve farkl\u0131 d\u00f6nemlerde farkl\u0131 sanat\u00e7\u0131lar taraf\u0131ndan \u00e7e\u015fitli tarzlarda yorumlanm\u0131\u015ft\u0131r. Bu tablolar, Hristiyanl\u0131k dininin merkezi fig\u00fcrlerini ve inan\u00e7lar\u0131n\u0131 vurgulamak i\u00e7in sanat\u0131n g\u00fc\u00e7l\u00fc bir arac\u0131 olarak kullan\u0131lm\u0131\u015ft\u0131r.<\/p>\n<p>Meryem ve \u0130sa (Mary and Jesus) temal\u0131 tablolar, Hristiyanl\u0131k sanat\u0131n\u0131n \u00f6nemli bir par\u00e7as\u0131d\u0131r. Bu tablolar genellikle Meryem&#8217;in \u0130sa&#8217;y\u0131 sevgiyle kucaklad\u0131\u011f\u0131 veya \u0130sa&#8217;n\u0131n annesiyle birlikte oldu\u011fu sahneleri tasvir eder. Bu t\u00fcr tablolar, farkl\u0131 d\u00f6nemlerde ve farkl\u0131 sanat\u00e7\u0131lar taraf\u0131ndan \u00e7e\u015fitli tarzlarda \u00fcretilmi\u015ftir. \u0130\u015fte bu temaya sahip baz\u0131 \u00fcnl\u00fc tablolar:<\/p>\n<ol>\n<li><strong>Leonardo da Vinci &#8211; &#8220;Madonna on the Rocks&#8221; (Kayal\u0131klar \u00dczerinde Meryem)<\/strong>: Leonardo da Vinci&#8217;nin bu tablosu, Meryem&#8217;in \u0130sa&#8217;y\u0131 kuca\u011f\u0131nda tuttu\u011fu ve \u0130sa&#8217;n\u0131n \u00f6n\u00fcnde duran \u0130sa&#8217;n\u0131n annesiyle birlikte bir grup fig\u00fcr\u00fc i\u00e7erir. \u0130ki versiyonu bulunmaktad\u0131r, biri Londra&#8217;daki National Gallery&#8217;de bulunurken di\u011feri Paris&#8217;teki Louvre M\u00fczesi&#8217;ndedir.<\/li>\n<li><strong>Sandro Botticelli &#8211; &#8220;Madonna of the Magnificat&#8221; (B\u00fcy\u00fck Duaya Dalm\u0131\u015f Meryem)<\/strong>: Botticelli&#8217;nin bu tablosu, Meryem&#8217;in \u0130sa&#8217;y\u0131 kuca\u011f\u0131nda tuttu\u011fu ve elinde bir kitapla dua etti\u011fi bir sahneyi tasvir eder. Genellikle Meryem ve \u0130sa&#8217;n\u0131n etraf\u0131nda melekler ve kutsal fig\u00fcrler bulunur.<\/li>\n<li><strong>Caravaggio &#8211; &#8220;Madonna di Loreto&#8221; (Loreto Meryem)<\/strong>: Caravaggio&#8217;nun bu tablosu, Meryem&#8217;in \u0130sa&#8217;y\u0131 sevgiyle kucaklad\u0131\u011f\u0131 bir sahneyi tasvir eder. Meryem, \u0130sa&#8217;y\u0131 \u00e7\u0131plak ayaklar\u0131yla sar\u0131lm\u0131\u015f halde g\u00f6sterilirken, arka planda karanl\u0131k bir zemin \u00fczerinde ayd\u0131nl\u0131k bir \u0131\u015f\u0131kla vurgulanm\u0131\u015ft\u0131r.<\/li>\n<li><strong>Raphael &#8211; &#8220;Sistine Madonna&#8221; (Sixtina Meryemi)<\/strong>: Raphael&#8217;in bu \u00fcnl\u00fc tablosu, Meryem&#8217;in \u0130sa&#8217;y\u0131 kuca\u011f\u0131nda tuttu\u011fu bir sahneyi tasvir eder. Meryem ve \u0130sa, iki melek taraf\u0131ndan tahtlarda desteklenirken, altlar\u0131nda kucaklar\u0131na al\u0131nacak gibi bekleyen Papa Sixtus ve Aziz Barbara bulunmaktad\u0131r.<\/li>\n<\/ol>\n<p>* Ressam Zeliha Say\u0131l\u0131 K\u00fc\u00e7\u00fck imzal\u0131 %100 el yap\u0131m\u0131<\/p>\n<p>* Nakliye fiyata dahildir.<\/p>\n<p>* \u00c7er\u00e7eve fiyat\u0131 se\u00e7ime g\u00f6re de\u011fi\u015fmekte, fiyata dahil de\u011fildir.<\/p>\n<p>* Uzun \u00f6m\u00fcrl\u00fcd\u00fcr renkler solmaz 5+ y\u0131l.<\/p>\n<p>* PVC \u00fczerine seri \u00fcretim makine bask\u0131s\u0131 tablo sat\u0131\u015f\u0131m\u0131z yoktur. T\u00fcm resimlerimiz %100 el yap\u0131m\u0131 tuval bezi \u00fczerine 1. kalite ya\u011fl\u0131boyad\u0131r.<\/p>\n<p>* Tablonun tamam\u0131 el yap\u0131m\u0131; tuval bezi \u00fczerine spatula ve f\u0131r\u00e7a ile boyama tekni\u011fi ile yap\u0131lm\u0131\u015ft\u0131r, piyasada k\u0131s\u0131tl\u0131 bir par\u00e7as\u0131 ressam taraf\u0131ndan boyanan k\u0131sm\u0131 makine taraf\u0131ndan bas\u0131lan tablolar ile k\u0131yaslamay\u0131n\u0131z.<\/p>\n<p>* Sertifikal\u0131, yat\u0131r\u0131m i\u00e7in uygundur.<\/p>\n<p>* 3 ve \u00fczeri \u00e7oklu al\u0131mlar i\u00e7in \u00f6zel fiyat alabilirsiniz.<\/p>\n<p>Ev ve ofis dekorasyonunda kullanabilece\u011finiz reprod\u00fcksiyon \u00f6zel tasar\u0131m tablolar i\u00e7in di\u011fer tablolar\u0131m\u0131z\u0131 inceleyin. \u00c7ok b\u00fcy\u00fck ebat tablo sipari\u015fleriniz adresinizde teslim ve adresinizde montaj hizmeti ile teslim edilir, \u00f6zel boyutlu resimler i\u00e7in bilgi al\u0131n\u0131z.<\/p>\n<p>\u00d6zel portre ve \u00f6zel ya\u011fl\u0131boya tablo talepleriniz i\u00e7in ileti\u015fim b\u00f6l\u00fcm\u00fcnden bilgi alabilirsiniz.<\/p>\n<p>\u00dcnl\u00fc ressamlar\u0131n reprod\u00fcksiyon resimleri i\u00e7in fiyat al\u0131n\u0131z<\/p>\n<p>https:\/\/404.net.tr\/bestpainters\/ adresinden eski ressamlar\u0131n tablolar\u0131n\u0131 inceleyebilirsiniz.<\/p>\n<p>Ki\u015fiye \u00f6zel bir hediye deneyimi i\u00e7in https:\/\/www.elyapimihediye.com.tr sitemizi incelemeyi unutmay\u0131n.<\/p>\n<p>&nbsp;<\/p>\n","protected":false},"excerpt":{"rendered":"<p>ZSK | Meryem&amp;\u00c7ocuk \u0130sa Reprod\u00fcksiyon (Virjin Mary and Child Jesus) Reprod\u00fcksiyon, tuval \u00fczerine ya\u011fl\u0131boya tablo &#8220;Meryem ve \u00c7ocuk \u0130sa&#8221; tablosu, Hristiyanl\u0131k dinine ait \u00f6nemli bir konuyu temsil eden sanat eserlerinden biridir. Bu tablo, \u0130sa&#8217;n\u0131n annesi Meryem&#8217;in ve \u00e7ocuk \u0130sa&#8217;n\u0131n birlikte betimlendi\u011fi bir\u00e7ok farkl\u0131 sanat eserinde bulunabilir. Bu t\u00fcr tablolar, genellikle \u0130sa&#8217;n\u0131n hayat\u0131n\u0131n \u00f6nemli anlar\u0131n\u0131, Meryem&#8217;in [&hellip;]<\/p>\n","protected":false},"featured_media":2424,"template":"","meta":[],"product_brand":[],"product_cat":[94,81,64],"product_tag":[96,95],"class_list":{"0":"post-100","1":"product","2":"type-product","3":"status-publish","4":"has-post-thumbnail","6":"product_cat-dini-temali-tablolar","7":"product_cat-portre-tablo","8":"product_cat-tum-yagliboya-tablolar","9":"product_tag-virjin-mary-and-child-jesus","10":"product_tag-meryemcocuk-isa-tablo","12":"first","13":"instock","14":"purchasable","15":"product-type-simple"},"_links":{"self":[{"href":"https:\/\/elyapimitablo.com\/tr\/wp-json\/wp\/v2\/product\/100","targetHints":{"allow":["GET"]}}],"collection":[{"href":"https:\/\/elyapimitablo.com\/tr\/wp-json\/wp\/v2\/product"}],"about":[{"href":"https:\/\/elyapimitablo.com\/tr\/wp-json\/wp\/v2\/types\/product"}],"wp:featuredmedia":[{"embeddable":true,"href":"https:\/\/elyapimitablo.com\/tr\/wp-json\/wp\/v2\/media\/2424"}],"wp:attachment":[{"href":"https:\/\/elyapimitablo.com\/tr\/wp-json\/wp\/v2\/media?parent=100"}],"wp:term":[{"taxonomy":"product_brand","embeddable":true,"href":"https:\/\/elyapimitablo.com\/tr\/wp-json\/wp\/v2\/product_brand?post=100"},{"taxonomy":"product_cat","embeddable":true,"href":"https:\/\/elyapimitablo.com\/tr\/wp-json\/wp\/v2\/product_cat?post=100"},{"taxonomy":"product_tag","embeddable":true,"href":"https:\/\/elyapimitablo.com\/tr\/wp-json\/wp\/v2\/product_tag?post=100"}],"curies":[{"name":"wp","href":"https:\/\/api.w.org\/{rel}","templated":true}]}}