{"id":9,"date":"2024-02-27T10:33:30","date_gmt":"2024-02-27T10:33:30","guid":{"rendered":"https:\/\/elyapimitablo.com\/tr\/sepet\/"},"modified":"2024-02-27T10:33:30","modified_gmt":"2024-02-27T10:33:30","slug":"sepet","status":"publish","type":"page","link":"https:\/\/elyapimitablo.com\/tr\/sepet\/","title":{"rendered":"Sepet"},"content":{"rendered":"\n<div data-block-name=\"woocommerce\/cart\" class=\"wp-block-woocommerce-cart alignwide is-loading\">\n<div data-block-name=\"woocommerce\/filled-cart-block\" class=\"wp-block-woocommerce-filled-cart-block\">\n<div data-block-name=\"woocommerce\/cart-items-block\" class=\"wp-block-woocommerce-cart-items-block\">\n<div data-block-name=\"woocommerce\/cart-line-items-block\" class=\"wp-block-woocommerce-cart-line-items-block\"><\/div>\n\n\n\n<div data-block-name=\"woocommerce\/cart-cross-sells-block\" class=\"wp-block-woocommerce-cart-cross-sells-block\">\n<h2 class=\"wp-block-heading has-large-font-size\">\u0130lginizi \u00e7ekebilir\u2026<\/h2>\n\n\n\n<div data-block-name=\"woocommerce\/cart-cross-sells-products-block\" class=\"wp-block-woocommerce-cart-cross-sells-products-block\"><\/div>\n<\/div>\n<\/div>\n\n\n\n<div data-block-name=\"woocommerce\/cart-totals-block\" class=\"wp-block-woocommerce-cart-totals-block\">\n<div data-block-name=\"woocommerce\/cart-order-summary-block\" class=\"wp-block-woocommerce-cart-order-summary-block\">\n<div data-block-name=\"woocommerce\/cart-order-summary-heading-block\" class=\"wp-block-woocommerce-cart-order-summary-heading-block\"><\/div><div data-block-name=\"woocommerce\/cart-order-summary-coupon-form-block\" class=\"wp-block-woocommerce-cart-order-summary-coupon-form-block\"><\/div><div data-block-name=\"woocommerce\/cart-order-summary-totals-block\" class=\"wp-block-woocommerce-cart-order-summary-totals-block\">\n<div data-block-name=\"woocommerce\/cart-order-summary-subtotal-block\" class=\"wp-block-woocommerce-cart-order-summary-subtotal-block\"><\/div>\n<div data-block-name=\"woocommerce\/cart-order-summary-discount-block\" class=\"wp-block-woocommerce-cart-order-summary-discount-block\"><\/div>\n<div data-block-name=\"woocommerce\/cart-order-summary-fee-block\" class=\"wp-block-woocommerce-cart-order-summary-fee-block\"><\/div>\n<div data-block-name=\"woocommerce\/cart-order-summary-shipping-block\" class=\"wp-block-woocommerce-cart-order-summary-shipping-block\"><\/div>\n<div data-block-name=\"woocommerce\/cart-order-summary-taxes-block\" class=\"wp-block-woocommerce-cart-order-summary-taxes-block\"><\/div><\/div>\n<\/div>\n\n\n\n<div data-block-name=\"woocommerce\/cart-express-payment-block\" class=\"wp-block-woocommerce-cart-express-payment-block\"><\/div>\n\n\n\n<div data-block-name=\"woocommerce\/proceed-to-checkout-block\" class=\"wp-block-woocommerce-proceed-to-checkout-block\"><\/div>\n\n\n\n<div data-block-name=\"woocommerce\/cart-accepted-payment-methods-block\" class=\"wp-block-woocommerce-cart-accepted-payment-methods-block\"><\/div>\n<\/div>\n<\/div>\n\n\n\n<div data-block-name=\"woocommerce\/empty-cart-block\" class=\"wp-block-woocommerce-empty-cart-block\">\n<h2 class=\"wp-block-heading has-text-align-center with-empty-cart-icon wc-block-cart__empty-cart__title\">Sepetiniz \u015fu anda bo\u015f!<\/h2>\n\n\n\n<hr class=\"wp-block-separator has-alpha-channel-opacity is-style-dots\"\/>\n\n\n\n<h2 class=\"wp-block-heading has-text-align-center\">Ma\u011fazada yeni<\/h2>\n\n\n<div data-block-name=\"woocommerce\/product-new\" data-columns=\"4\" data-rows=\"1\" class=\"wc-block-grid wp-block-product-new wp-block-woocommerce-product-new wc-block-product-new has-4-columns\"><ul class=\"wc-block-grid__products\"><li class=\"wc-block-grid__product\">\n\t\t\t\t<a href=\"https:\/\/elyapimitablo.com\/tr\/urun\/zsk-at-resmi-el-yapimi-yagliboya-tablo\/\" class=\"wc-block-grid__product-link\">\n\t\t\t\t\t\n\t\t\t\t\t<div class=\"wc-block-grid__product-image\"><img loading=\"lazy\" decoding=\"async\" width=\"324\" height=\"324\" src=\"https:\/\/elyapimitablo.com\/tr\/wp-content\/uploads\/at-resmi-tablo-v3-324x324.jpeg\" class=\"attachment-woocommerce_thumbnail size-woocommerce_thumbnail\" alt=\"at-resmi-tablo-v3\" srcset=\"https:\/\/elyapimitablo.com\/tr\/wp-content\/uploads\/at-resmi-tablo-v3-324x324.jpeg 324w, https:\/\/elyapimitablo.com\/tr\/wp-content\/uploads\/at-resmi-tablo-v3-100x100.jpeg 100w\" sizes=\"auto, (max-width: 324px) 100vw, 324px\" \/><\/div>\n\t\t\t\t\t<div class=\"wc-block-grid__product-title\">ZSK \/ At resmi el yap\u0131m\u0131 ya\u011fl\u0131boya tablo<\/div>\n\t\t\t\t<\/a>\n\t\t\t\t<div class=\"wc-block-grid__product-price price\"><span class=\"woocommerce-Price-amount amount\"><span class=\"woocommerce-Price-currencySymbol\">&#8378;<\/span>14.000,00<\/span><\/div>\n\t\t\t\t\n\t\t\t\t<div class=\"wp-block-button wc-block-grid__product-add-to-cart\"><a href=\"\/tr\/wp-json\/wp\/v2\/pages\/9?add-to-cart=2796\" aria-label=\"Sepete ekle: \u201cZSK \/ At resmi el yap\u0131m\u0131 ya\u011fl\u0131boya tablo\u201d\" data-quantity=\"1\" data-product_id=\"2796\" data-product_sku=\"86800000056\" data-price=\"14000\" rel=\"nofollow\" class=\"wp-block-button__link  add_to_cart_button ajax_add_to_cart\">Sepete Ekle<\/a><\/div>\n\t\t\t<\/li><li class=\"wc-block-grid__product\">\n\t\t\t\t<a href=\"https:\/\/elyapimitablo.com\/tr\/urun\/zsk-kaplumbaga-terbiyecisi-2-in-1-cerceve-nakliye-dahil\/\" class=\"wc-block-grid__product-link\">\n\t\t\t\t\t\n\t\t\t\t\t<div class=\"wc-block-grid__product-image\"><img loading=\"lazy\" decoding=\"async\" width=\"324\" height=\"324\" src=\"https:\/\/elyapimitablo.com\/tr\/wp-content\/uploads\/kaplumbaga-terbiyecisi-2in1-2026-324x324.jpg\" class=\"attachment-woocommerce_thumbnail size-woocommerce_thumbnail\" alt=\"Kaplumbaga-terbiyecisi-2in1-2026\" srcset=\"https:\/\/elyapimitablo.com\/tr\/wp-content\/uploads\/kaplumbaga-terbiyecisi-2in1-2026-324x324.jpg 324w, https:\/\/elyapimitablo.com\/tr\/wp-content\/uploads\/kaplumbaga-terbiyecisi-2in1-2026-100x100.jpg 100w\" sizes=\"auto, (max-width: 324px) 100vw, 324px\" \/><\/div>\n\t\t\t\t\t<div class=\"wc-block-grid__product-title\">ZSK | Kaplumba\u011fa Terbiyecisi |  2 in 1 |<\/div>\n\t\t\t\t<\/a>\n\t\t\t\t<div class=\"wc-block-grid__product-price price\"><\/div>\n\t\t\t\t\n\t\t\t\t<div class=\"wp-block-button wc-block-grid__product-add-to-cart\"><a href=\"https:\/\/elyapimitablo.com\/tr\/urun\/zsk-kaplumbaga-terbiyecisi-2-in-1-cerceve-nakliye-dahil\/\" aria-label=\"&ldquo;ZSK | Kaplumba\u011fa Terbiyecisi |  2 in 1 |&rdquo; i\u00e7in se\u00e7enekleri se\u00e7in\" data-quantity=\"1\" data-product_id=\"2790\" data-product_sku=\"86800000057\" data-price=\"19400\" rel=\"nofollow\" class=\"wp-block-button__link  add_to_cart_button\">Se\u00e7enekler<\/a><\/div>\n\t\t\t<\/li><li class=\"wc-block-grid__product\">\n\t\t\t\t<a href=\"https:\/\/elyapimitablo.com\/tr\/urun\/zsk-bob-ross-kamp-atesi-reproduksiyon-buyuk-yagliboya-tablo-90-x-75-cm\/\" class=\"wc-block-grid__product-link\">\n\t\t\t\t\t\n\t\t\t\t\t<div class=\"wc-block-grid__product-image\"><img loading=\"lazy\" decoding=\"async\" width=\"324\" height=\"324\" src=\"https:\/\/elyapimitablo.com\/tr\/wp-content\/uploads\/bob-ross-campfire-reproduction-324x324.jpg\" class=\"attachment-woocommerce_thumbnail size-woocommerce_thumbnail\" alt=\"bob-ross-campfire-reproduction-ZSK\" srcset=\"https:\/\/elyapimitablo.com\/tr\/wp-content\/uploads\/bob-ross-campfire-reproduction-324x324.jpg 324w, https:\/\/elyapimitablo.com\/tr\/wp-content\/uploads\/bob-ross-campfire-reproduction-100x100.jpg 100w\" sizes=\"auto, (max-width: 324px) 100vw, 324px\" \/><\/div>\n\t\t\t\t\t<div class=\"wc-block-grid__product-title\">ZSK | Bob Ross Kamp Ate\u015fi Reprod\u00fcksiyon B\u00fcy\u00fck Ya\u011fl\u0131boya Tablo | 90 x 75 cm<\/div>\n\t\t\t\t<\/a>\n\t\t\t\t<div class=\"wc-block-grid__product-price price\"><span class=\"woocommerce-Price-amount amount\"><span class=\"woocommerce-Price-currencySymbol\">&#8378;<\/span>14.000,00<\/span><\/div>\n\t\t\t\t\n\t\t\t\t<div class=\"wp-block-button wc-block-grid__product-add-to-cart\"><a href=\"\/tr\/wp-json\/wp\/v2\/pages\/9?add-to-cart=2761\" aria-label=\"Sepete ekle: \u201cZSK | Bob Ross Kamp Ate\u015fi Reprod\u00fcksiyon B\u00fcy\u00fck Ya\u011fl\u0131boya Tablo | 90 x 75 cm\u201d\" data-quantity=\"1\" data-product_id=\"2761\" data-product_sku=\"86800000054\" data-price=\"14000\" rel=\"nofollow\" class=\"wp-block-button__link  add_to_cart_button ajax_add_to_cart\">Sepete Ekle<\/a><\/div>\n\t\t\t<\/li><li class=\"wc-block-grid__product\">\n\t\t\t\t<a href=\"https:\/\/elyapimitablo.com\/tr\/urun\/zsk-el-yapimi-yagliboya-tablo-henri-matisse-cat-reproduksiyon\/\" class=\"wc-block-grid__product-link\">\n\t\t\t\t\t\n\t\t\t\t\t<div class=\"wc-block-grid__product-image\"><img loading=\"lazy\" decoding=\"async\" width=\"324\" height=\"324\" src=\"https:\/\/elyapimitablo.com\/tr\/wp-content\/uploads\/ZSK-El-Yapimi-Yagliboya-Tablo-Henri-Matisse-Cat-Reproduksiyon.jpeg-b-e1741529345466-324x324.jpg\" class=\"attachment-woocommerce_thumbnail size-woocommerce_thumbnail\" alt=\"ZSK-El-Yap\u0131m\u0131 Ya\u011fl\u0131boya-Tablo Henri-Matisse- Cat-Reprod\u00fcksiyon\" srcset=\"https:\/\/elyapimitablo.com\/tr\/wp-content\/uploads\/ZSK-El-Yapimi-Yagliboya-Tablo-Henri-Matisse-Cat-Reproduksiyon.jpeg-b-e1741529345466-324x324.jpg 324w, https:\/\/elyapimitablo.com\/tr\/wp-content\/uploads\/ZSK-El-Yapimi-Yagliboya-Tablo-Henri-Matisse-Cat-Reproduksiyon.jpeg-b-e1741529345466-100x100.jpg 100w\" sizes=\"auto, (max-width: 324px) 100vw, 324px\" \/><\/div>\n\t\t\t\t\t<div class=\"wc-block-grid__product-title\">ZSK | El Yap\u0131m\u0131 Ya\u011fl\u0131boya Tablo | Henri Matisse &#8211; Cat Reprod\u00fcksiyon<\/div>\n\t\t\t\t<\/a>\n\t\t\t\t<div class=\"wc-block-grid__product-price price\"><span class=\"woocommerce-Price-amount amount\"><span class=\"woocommerce-Price-currencySymbol\">&#8378;<\/span>15.000,00<\/span><\/div>\n\t\t\t\t\n\t\t\t\t<div class=\"wp-block-button wc-block-grid__product-add-to-cart\"><a href=\"\/tr\/wp-json\/wp\/v2\/pages\/9?add-to-cart=2752\" aria-label=\"Sepete ekle: \u201cZSK | El Yap\u0131m\u0131 Ya\u011fl\u0131boya Tablo | Henri Matisse - Cat Reprod\u00fcksiyon\u201d\" data-quantity=\"1\" data-product_id=\"2752\" data-product_sku=\"86800000053\" data-price=\"15000\" rel=\"nofollow\" class=\"wp-block-button__link  add_to_cart_button ajax_add_to_cart\">Sepete Ekle<\/a><\/div>\n\t\t\t<\/li><\/ul><\/div><\/div>\n<\/div>\n","protected":false},"excerpt":{"rendered":"","protected":false},"author":1,"featured_media":0,"parent":0,"menu_order":0,"comment_status":"closed","ping_status":"closed","template":"","meta":{"footnotes":""},"class_list":["post-9","page","type-page","status-publish","hentry"],"_links":{"self":[{"href":"https:\/\/elyapimitablo.com\/tr\/wp-json\/wp\/v2\/pages\/9","targetHints":{"allow":["GET"]}}],"collection":[{"href":"https:\/\/elyapimitablo.com\/tr\/wp-json\/wp\/v2\/pages"}],"about":[{"href":"https:\/\/elyapimitablo.com\/tr\/wp-json\/wp\/v2\/types\/page"}],"author":[{"embeddable":true,"href":"https:\/\/elyapimitablo.com\/tr\/wp-json\/wp\/v2\/users\/1"}],"replies":[{"embeddable":true,"href":"https:\/\/elyapimitablo.com\/tr\/wp-json\/wp\/v2\/comments?post=9"}],"version-history":[{"count":0,"href":"https:\/\/elyapimitablo.com\/tr\/wp-json\/wp\/v2\/pages\/9\/revisions"}],"wp:attachment":[{"href":"https:\/\/elyapimitablo.com\/tr\/wp-json\/wp\/v2\/media?parent=9"}],"curies":[{"name":"wp","href":"https:\/\/api.w.org\/{rel}","templated":true}]}}