{"id":2835,"date":"2025-11-23T05:54:04","date_gmt":"2025-11-23T05:54:04","guid":{"rendered":"https:\/\/elyapimitablo.com\/tr\/?page_id=2835"},"modified":"2025-11-23T05:54:04","modified_gmt":"2025-11-23T05:54:04","slug":"cevreye-saygili-sanatta-saygin","status":"publish","type":"page","link":"https:\/\/elyapimitablo.com\/tr\/cevreye-saygili-sanatta-saygin\/","title":{"rendered":"\u00c7evreye Sayg\u0131l\u0131 Sanatta Sayg\u0131n"},"content":{"rendered":"\n<p>At\u00f6lyemizde sizlere en g\u00fczel el yap\u0131m\u0131 tablolar\u0131 ula\u015ft\u0131rmak i\u00e7in yo\u011fun bir tempoyla \u00e7al\u0131\u015f\u0131yoruz.<br>Do\u011faya sayg\u0131l\u0131 ilkemiz gere\u011fi, \u00fcretim s\u00fcrecimizde \u00e7evre dostu teknolojileri tercih ediyoruz. \u0130\u00e7inde ya\u015fad\u0131\u011f\u0131m\u0131z d\u00fcnyan\u0131n kaynaklar\u0131n\u0131n giderek t\u00fckendi\u011finin fark\u0131nda olarak;<\/p>\n\n\n\n<p>G\u00fcne\u015f enerjisiyle \u00e7al\u0131\u015fan enerji sistemimiz sayesinde, Beko Yetkili Sat\u0131c\u0131s\u0131ndan temin etti\u011fimiz <a href=\"https:\/\/bekoyetkilisatici.com\/beko-inverter-klima-modelleri\">y\u00fcksek verimli inverter klima<\/a> ve beyaz e\u015fyalar ile enerji tasarrufu sa\u011flayarak \u00e7evreci bir \u00e7al\u0131\u015fma ortam\u0131 olu\u015fturuyoruz.<br>Her bir tablomuzu, do\u011faya ve sanata duydu\u011fumuz sayg\u0131yla sizlerin be\u011fenisine sunuyoruz.<\/p>\n\n\n\n<p>Bu sistemleri at\u00f6lyemizde kullan\u0131ma al\u0131rken Beko Yetkili Sat\u0131c\u0131 sorumlusu Veysel Bey&#8217;in teknik bilgi ve destekleri ile bizi y\u00f6nlendirmesi do\u011faya sayg\u0131l\u0131, \u00e7evreci, enerji verimli beyaz e\u015fyalar\u0131 se\u00e7memizde \u00f6nemli bir destek oldu.<\/p>\n\n\n\n<p>Beko Yetkili Sat\u0131c\u0131 &#8216;da <a href=\"https:\/\/bekoyetkilisatici.com\/beko-ceyiz-paketi\">\u00c7eyiz Paketleri<\/a> ve Enerji verimli <a href=\"https:\/\/bekoyetkilisatici.com\/beko-inverter-klima-modelleri\">inventer klimalar\u0131<\/a> incelemek isterseniz bekoyetkilisatici.com adresinde y\u00fczlerce enerji verimli ak\u0131ll\u0131 cihaz sizleri bekliyor.<\/p>\n\n\n\n<p><\/p>\n","protected":false},"excerpt":{"rendered":"<p>At\u00f6lyemizde sizlere en g\u00fczel el yap\u0131m\u0131 tablolar\u0131 ula\u015ft\u0131rmak i\u00e7in yo\u011fun bir tempoyla \u00e7al\u0131\u015f\u0131yoruz.Do\u011faya sayg\u0131l\u0131 ilkemiz gere\u011fi, \u00fcretim s\u00fcrecimizde \u00e7evre dostu teknolojileri tercih ediyoruz. \u0130\u00e7inde ya\u015fad\u0131\u011f\u0131m\u0131z d\u00fcnyan\u0131n kaynaklar\u0131n\u0131n giderek t\u00fckendi\u011finin fark\u0131nda olarak; G\u00fcne\u015f enerjisiyle \u00e7al\u0131\u015fan enerji sistemimiz sayesinde, Beko Yetkili Sat\u0131c\u0131s\u0131ndan temin etti\u011fimiz y\u00fcksek verimli inverter klima ve beyaz e\u015fyalar ile enerji tasarrufu sa\u011flayarak \u00e7evreci bir [&hellip;]<\/p>\n","protected":false},"author":1,"featured_media":0,"parent":0,"menu_order":0,"comment_status":"closed","ping_status":"closed","template":"","meta":{"footnotes":""},"class_list":["post-2835","page","type-page","status-publish","hentry"],"_links":{"self":[{"href":"https:\/\/elyapimitablo.com\/tr\/wp-json\/wp\/v2\/pages\/2835","targetHints":{"allow":["GET"]}}],"collection":[{"href":"https:\/\/elyapimitablo.com\/tr\/wp-json\/wp\/v2\/pages"}],"about":[{"href":"https:\/\/elyapimitablo.com\/tr\/wp-json\/wp\/v2\/types\/page"}],"author":[{"embeddable":true,"href":"https:\/\/elyapimitablo.com\/tr\/wp-json\/wp\/v2\/users\/1"}],"replies":[{"embeddable":true,"href":"https:\/\/elyapimitablo.com\/tr\/wp-json\/wp\/v2\/comments?post=2835"}],"version-history":[{"count":1,"href":"https:\/\/elyapimitablo.com\/tr\/wp-json\/wp\/v2\/pages\/2835\/revisions"}],"predecessor-version":[{"id":2836,"href":"https:\/\/elyapimitablo.com\/tr\/wp-json\/wp\/v2\/pages\/2835\/revisions\/2836"}],"wp:attachment":[{"href":"https:\/\/elyapimitablo.com\/tr\/wp-json\/wp\/v2\/media?parent=2835"}],"curies":[{"name":"wp","href":"https:\/\/api.w.org\/{rel}","templated":true}]}}