{"id":2447,"date":"2024-03-03T03:00:04","date_gmt":"2024-03-03T03:00:04","guid":{"rendered":"https:\/\/elyapimitablo.com\/tr\/?page_id=2447"},"modified":"2025-10-06T08:59:47","modified_gmt":"2025-10-06T08:59:47","slug":"hakkinda","status":"publish","type":"page","link":"https:\/\/elyapimitablo.com\/tr\/hakkinda\/","title":{"rendered":"Hakk\u0131nda"},"content":{"rendered":"\n<p><strong>Zeliha Say\u0131l\u0131 K\u00fc\u00e7\u00fck kimdir? <\/strong><\/p>\n\n\n\n<p><\/p>\n\n\n\n<p><strong>E\u011fitim <\/strong><\/p>\n\n\n\n<p>Lisans E\u011fitimi : G\u00f6rsel Sanatlar B\u00f6l\u00fcm\u00fc Lisans E\u011fitimi<br>Y\u00fcksek Lisans : Karab\u00fck \u00dcniversitesi \/ Sosyal Bilimler Enstit\u00fcs\u00fc \/ Sanat Tarihi Ana Bilim Dal\u0131<\/p>\n\n\n\n<p><a href=\"https:\/\/tez.yok.gov.tr\/UlusalTezMerkezi\/tezDetay.jsp?id=MQi4G_xV2w15b_ARJD_kRw&amp;no=7ygUhiVGFmTTc26QhF5_pA\">19. y\u00fczy\u0131l Osmanl\u0131 dini yap\u0131lar\u0131nda duvar resimleri: \u0130konografik bir yakla\u015f\u0131m \/ Wall painting in the 19th century Ottoman religious structures: An iconographic approach<\/a><br>Yazar: ZEL\u0130HA SAYILI K\u00dc\u00c7\u00dcK<br>Dan\u0131\u015fman: DR. \u00d6\u011eR. \u00dcYES\u0130 TOLGA UZUN<br>Yer Bilgisi: Karab\u00fck \u00dcniversitesi \/ Sosyal Bilimler Enstit\u00fcs\u00fc \/ Sanat Tarihi Ana Bilim Dal\u0131<br>Konu: Sanat Tarihi \/ Art History<br>Dizin: 19. y\u00fczy\u0131l \/ 19. century ; Dini eserler \/ Religious objects ; Dini yap\u0131lar \/ Religious buildings ; Duvar resimleri \/ Wall paintings ; Osmanl\u0131 D\u00f6nemi \/ Ottoman Period ; Osmanl\u0131 mimarisi \/ Ottoman architecture ; Osmanl\u0131 sanat\u0131 = Ottoman art ; \u0130konografi \/ Iconograpy<\/p>\n\n\n\n<p><strong>\u0130\u015f Tecr\u00fcbesi<\/strong><\/p>\n\n\n\n<p>G\u00f6rsel Sanatlar \u00d6\u011fretmeni<br>Ressam<\/p>\n\n\n\n<p>K\u0131saca Ece&#8217;nin annesi, resim \u00f6\u011fretmeni, resim yapmay\u0131 \u00e7ok sever&#8230;.<\/p>\n\n\n\n<p><\/p>\n\n\n\n<figure class=\"wp-block-image size-large\"><img loading=\"lazy\" decoding=\"async\" width=\"1024\" height=\"576\" src=\"https:\/\/elyapimitablo.com\/tr\/wp-content\/uploads\/Egdas-ZSK-Kanvas-tablo-tesla-1024x576.jpg\" alt=\"\" class=\"wp-image-2450\" srcset=\"https:\/\/elyapimitablo.com\/tr\/wp-content\/uploads\/Egdas-ZSK-Kanvas-tablo-tesla-1024x576.jpg 1024w, https:\/\/elyapimitablo.com\/tr\/wp-content\/uploads\/Egdas-ZSK-Kanvas-tablo-tesla-300x169.jpg 300w, https:\/\/elyapimitablo.com\/tr\/wp-content\/uploads\/Egdas-ZSK-Kanvas-tablo-tesla-150x84.jpg 150w, https:\/\/elyapimitablo.com\/tr\/wp-content\/uploads\/Egdas-ZSK-Kanvas-tablo-tesla-768x432.jpg 768w, https:\/\/elyapimitablo.com\/tr\/wp-content\/uploads\/Egdas-ZSK-Kanvas-tablo-tesla-416x234.jpg 416w, https:\/\/elyapimitablo.com\/tr\/wp-content\/uploads\/Egdas-ZSK-Kanvas-tablo-tesla.jpg 1328w\" sizes=\"auto, (max-width: 1024px) 100vw, 1024px\" \/><\/figure>\n\n\n\n<figure class=\"wp-block-gallery has-nested-images columns-default is-cropped wp-block-gallery-1 is-layout-flex wp-block-gallery-is-layout-flex\">\n<figure class=\"wp-block-image size-large\"><img loading=\"lazy\" decoding=\"async\" width=\"1024\" height=\"576\" data-id=\"2542\" src=\"https:\/\/elyapimitablo.com\/tr\/wp-content\/uploads\/Egdas-ZSK-Kanvas-tablo-tesla-1-1024x576.jpg\" alt=\"Egdas-ZSK-Kanvas-tablo-tesla\" class=\"wp-image-2542\" srcset=\"https:\/\/elyapimitablo.com\/tr\/wp-content\/uploads\/Egdas-ZSK-Kanvas-tablo-tesla-1-1024x576.jpg 1024w, https:\/\/elyapimitablo.com\/tr\/wp-content\/uploads\/Egdas-ZSK-Kanvas-tablo-tesla-1-300x169.jpg 300w, https:\/\/elyapimitablo.com\/tr\/wp-content\/uploads\/Egdas-ZSK-Kanvas-tablo-tesla-1-150x84.jpg 150w, https:\/\/elyapimitablo.com\/tr\/wp-content\/uploads\/Egdas-ZSK-Kanvas-tablo-tesla-1-768x432.jpg 768w, https:\/\/elyapimitablo.com\/tr\/wp-content\/uploads\/Egdas-ZSK-Kanvas-tablo-tesla-1-416x234.jpg 416w, https:\/\/elyapimitablo.com\/tr\/wp-content\/uploads\/Egdas-ZSK-Kanvas-tablo-tesla-1.jpg 1328w\" sizes=\"auto, (max-width: 1024px) 100vw, 1024px\" \/><figcaption class=\"wp-element-caption\">Tesla Ya\u011fl\u0131boya Tablo<\/figcaption><\/figure>\n\n\n\n<figure class=\"wp-block-image size-large\"><img loading=\"lazy\" decoding=\"async\" width=\"1024\" height=\"576\" data-id=\"2538\" src=\"https:\/\/elyapimitablo.com\/tr\/wp-content\/uploads\/Egdas-ZSK-Kanvas-tablo-faraday-1024x576.jpg\" alt=\"Egdas-ZSK-Kanvas-tablo-faraday\" class=\"wp-image-2538\" srcset=\"https:\/\/elyapimitablo.com\/tr\/wp-content\/uploads\/Egdas-ZSK-Kanvas-tablo-faraday-1024x576.jpg 1024w, https:\/\/elyapimitablo.com\/tr\/wp-content\/uploads\/Egdas-ZSK-Kanvas-tablo-faraday-300x169.jpg 300w, https:\/\/elyapimitablo.com\/tr\/wp-content\/uploads\/Egdas-ZSK-Kanvas-tablo-faraday-150x84.jpg 150w, https:\/\/elyapimitablo.com\/tr\/wp-content\/uploads\/Egdas-ZSK-Kanvas-tablo-faraday-768x432.jpg 768w, https:\/\/elyapimitablo.com\/tr\/wp-content\/uploads\/Egdas-ZSK-Kanvas-tablo-faraday-416x234.jpg 416w, https:\/\/elyapimitablo.com\/tr\/wp-content\/uploads\/Egdas-ZSK-Kanvas-tablo-faraday.jpg 1328w\" sizes=\"auto, (max-width: 1024px) 100vw, 1024px\" \/><figcaption class=\"wp-element-caption\">Faraday Kafesi Ya\u011fl\u0131boya Tablo<\/figcaption><\/figure>\n\n\n\n<figure class=\"wp-block-image size-large\"><img loading=\"lazy\" decoding=\"async\" width=\"1024\" height=\"576\" data-id=\"2715\" src=\"https:\/\/elyapimitablo.com\/tr\/wp-content\/uploads\/IMG-20190126-WA0023-1024x576.jpg\" alt=\"sanatsal-ofis-dekorasyon\" class=\"wp-image-2715\" srcset=\"https:\/\/elyapimitablo.com\/tr\/wp-content\/uploads\/IMG-20190126-WA0023-1024x576.jpg 1024w, https:\/\/elyapimitablo.com\/tr\/wp-content\/uploads\/IMG-20190126-WA0023-300x169.jpg 300w, https:\/\/elyapimitablo.com\/tr\/wp-content\/uploads\/IMG-20190126-WA0023-150x84.jpg 150w, https:\/\/elyapimitablo.com\/tr\/wp-content\/uploads\/IMG-20190126-WA0023-768x432.jpg 768w, https:\/\/elyapimitablo.com\/tr\/wp-content\/uploads\/IMG-20190126-WA0023-416x234.jpg 416w, https:\/\/elyapimitablo.com\/tr\/wp-content\/uploads\/IMG-20190126-WA0023.jpg 1328w\" sizes=\"auto, (max-width: 1024px) 100vw, 1024px\" \/><figcaption class=\"wp-element-caption\">Sanatsal Ofis Dekorasyon<\/figcaption><\/figure>\n\n\n\n<figure class=\"wp-block-image size-large\"><img loading=\"lazy\" decoding=\"async\" width=\"1024\" height=\"576\" data-id=\"2539\" src=\"https:\/\/elyapimitablo.com\/tr\/wp-content\/uploads\/Egdas-kanvas-tablo-reproduksiyon-1024x576.jpg\" alt=\"Egdas-kanvas-tablo-reproduksiyon\" class=\"wp-image-2539\" srcset=\"https:\/\/elyapimitablo.com\/tr\/wp-content\/uploads\/Egdas-kanvas-tablo-reproduksiyon-1024x576.jpg 1024w, https:\/\/elyapimitablo.com\/tr\/wp-content\/uploads\/Egdas-kanvas-tablo-reproduksiyon-300x169.jpg 300w, https:\/\/elyapimitablo.com\/tr\/wp-content\/uploads\/Egdas-kanvas-tablo-reproduksiyon-150x84.jpg 150w, https:\/\/elyapimitablo.com\/tr\/wp-content\/uploads\/Egdas-kanvas-tablo-reproduksiyon-768x432.jpg 768w, https:\/\/elyapimitablo.com\/tr\/wp-content\/uploads\/Egdas-kanvas-tablo-reproduksiyon-416x234.jpg 416w, https:\/\/elyapimitablo.com\/tr\/wp-content\/uploads\/Egdas-kanvas-tablo-reproduksiyon.jpg 1328w\" sizes=\"auto, (max-width: 1024px) 100vw, 1024px\" \/><figcaption class=\"wp-element-caption\">Sanatsal Ofis Dekorasyon<\/figcaption><\/figure>\n<\/figure>\n","protected":false},"excerpt":{"rendered":"<p>Zeliha Say\u0131l\u0131 K\u00fc\u00e7\u00fck kimdir? E\u011fitim Lisans E\u011fitimi : G\u00f6rsel Sanatlar B\u00f6l\u00fcm\u00fc Lisans E\u011fitimiY\u00fcksek Lisans : Karab\u00fck \u00dcniversitesi \/ Sosyal Bilimler Enstit\u00fcs\u00fc \/ Sanat Tarihi Ana Bilim Dal\u0131 19. y\u00fczy\u0131l Osmanl\u0131 dini yap\u0131lar\u0131nda duvar resimleri: \u0130konografik bir yakla\u015f\u0131m \/ Wall painting in the 19th century Ottoman religious structures: An iconographic approachYazar: ZEL\u0130HA SAYILI K\u00dc\u00c7\u00dcKDan\u0131\u015fman: DR. \u00d6\u011eR. [&hellip;]<\/p>\n","protected":false},"author":1,"featured_media":0,"parent":0,"menu_order":0,"comment_status":"closed","ping_status":"closed","template":"","meta":{"footnotes":""},"class_list":["post-2447","page","type-page","status-publish","hentry"],"_links":{"self":[{"href":"https:\/\/elyapimitablo.com\/tr\/wp-json\/wp\/v2\/pages\/2447","targetHints":{"allow":["GET"]}}],"collection":[{"href":"https:\/\/elyapimitablo.com\/tr\/wp-json\/wp\/v2\/pages"}],"about":[{"href":"https:\/\/elyapimitablo.com\/tr\/wp-json\/wp\/v2\/types\/page"}],"author":[{"embeddable":true,"href":"https:\/\/elyapimitablo.com\/tr\/wp-json\/wp\/v2\/users\/1"}],"replies":[{"embeddable":true,"href":"https:\/\/elyapimitablo.com\/tr\/wp-json\/wp\/v2\/comments?post=2447"}],"version-history":[{"count":15,"href":"https:\/\/elyapimitablo.com\/tr\/wp-json\/wp\/v2\/pages\/2447\/revisions"}],"predecessor-version":[{"id":2832,"href":"https:\/\/elyapimitablo.com\/tr\/wp-json\/wp\/v2\/pages\/2447\/revisions\/2832"}],"wp:attachment":[{"href":"https:\/\/elyapimitablo.com\/tr\/wp-json\/wp\/v2\/media?parent=2447"}],"curies":[{"name":"wp","href":"https:\/\/api.w.org\/{rel}","templated":true}]}}