{"id":2443,"date":"2024-03-03T02:46:38","date_gmt":"2024-03-03T02:46:38","guid":{"rendered":"https:\/\/elyapimitablo.com\/tr\/?page_id=2443"},"modified":"2026-01-03T09:48:43","modified_gmt":"2026-01-03T09:48:43","slug":"cevre-politikamiz","status":"publish","type":"page","link":"https:\/\/elyapimitablo.com\/tr\/cevre-politikamiz\/","title":{"rendered":"\u00c7evre Politikam\u0131z"},"content":{"rendered":"\n<p>De\u011ferli m\u00fc\u015fterilemiz,<\/p>\n\n\n\n<p>Tablolar\u0131n\u0131z\u0131 size ula\u015ft\u0131r\u0131rken birden fazla ambalaj katman\u0131 ile tablolar\u0131n\u0131z\u0131 hasars\u0131z olarak \u00fcst seviye kalitede size ula\u015ft\u0131rmak i\u00e7in \u00f6zen g\u00f6steriyoruz.<\/p>\n\n\n\n<p>Tablonuz paketlenirken d\u0131\u015f ortamdan etkilenmeyecek \u015fekilde stre\u00e7 film, karton ambalaj ve darbe koruyucu malzemeler ile size ula\u015ft\u0131r\u0131l\u0131yor.<\/p>\n\n\n\n<p>Bu s\u00fcre\u00e7te tablonuzu darbelerden ve pisliklerden koruyan en d\u0131\u015f katmanda kullan\u0131lm\u0131\u015f ambalaj kartonlar\u0131 kullanarak&nbsp; \u00e7evreye verdi\u011fimiz zarar\u0131 en az seviyede tutmaya \u00e7al\u0131\u015f\u0131yoruz.&nbsp;<\/p>\n\n\n\n<p>Bize destek vererek \u00e7evreye katk\u0131da bulundu\u011funuz i\u00e7in \u00e7ok te\u015fekk\u00fcr ediyoruz. Siz de\u011ferli m\u00fc\u015fterilerimiz ad\u0131na her y\u0131l a\u011fa\u00e7 dikerek \u00e7evreye verdi\u011finiz deste\u011fi ya\u015fatmak istiyoruz.<\/p>\n\n\n\n<hr class=\"wp-block-separator has-alpha-channel-opacity\"\/>\n\n\n\n<p>At\u00f6lyemizde sizlere en iyi resimleri haz\u0131rlarken \u00e7evreye en az zarar\u0131 vermek i\u00e7in 0 emisyon hedefimizle  t\u00fcm elektrik ihtiyac\u0131m\u0131z\u0131 yenilenebilir enerji kaynaklar\u0131 ile sa\u011fl\u0131yoruz. Gelece\u011fe yat\u0131r\u0131m yap\u0131yoruz&#8230;<\/p>\n\n\n\n<figure class=\"wp-block-image size-large\"><img decoding=\"async\" src=\"data:image\/png;base64,iVBORw0KGgoAAAANSUhEUgAAABUAAAAYCAMAAAAiV0Z6AAAAPFBMVEVLoEN0wU6CzFKCzFKCzFKCzFKCzFJSo0MSczNDmkCCzFJPoUMTczNdr0gmgziCzFITczMTczMTczMTczPh00jOAAAAFHRSTlPF\/+bIsms8Ad\/\/\/hX+\/\/5\/tXw7aMEAx10AAACaSURBVHgBbc4HDoRQCATQ33tbvf9dF9QxaCT9UQaltLHOh\/golXKhMs5Xqa0xU1lyoa2fXFyQOsDG38qsLy4TaV+sFislovyhPzLJJrBu6eQOtpW0LjbJkzTuTDLRVNKa3uxJI+VdiRqXSeu6GW+Qxi29eLIi8H7EsYrT42BD+mQtNO5JMjRuC4lSY8V4hsLX0egGijvUSEP9AbylEsOkeCgWAAAAAElFTkSuQmCC\" alt=\"\"\/><\/figure>\n\n\n\n<p><\/p>\n","protected":false},"excerpt":{"rendered":"<p>De\u011ferli m\u00fc\u015fterilemiz, Tablolar\u0131n\u0131z\u0131 size ula\u015ft\u0131r\u0131rken birden fazla ambalaj katman\u0131 ile tablolar\u0131n\u0131z\u0131 hasars\u0131z olarak \u00fcst seviye kalitede size ula\u015ft\u0131rmak i\u00e7in \u00f6zen g\u00f6steriyoruz. Tablonuz paketlenirken d\u0131\u015f ortamdan etkilenmeyecek \u015fekilde stre\u00e7 film, karton ambalaj ve darbe koruyucu malzemeler ile size ula\u015ft\u0131r\u0131l\u0131yor. Bu s\u00fcre\u00e7te tablonuzu darbelerden ve pisliklerden koruyan en d\u0131\u015f katmanda kullan\u0131lm\u0131\u015f ambalaj kartonlar\u0131 kullanarak&nbsp; \u00e7evreye verdi\u011fimiz zarar\u0131 [&hellip;]<\/p>\n","protected":false},"author":1,"featured_media":0,"parent":0,"menu_order":0,"comment_status":"closed","ping_status":"closed","template":"","meta":{"footnotes":""},"class_list":["post-2443","page","type-page","status-publish","hentry"],"_links":{"self":[{"href":"https:\/\/elyapimitablo.com\/tr\/wp-json\/wp\/v2\/pages\/2443","targetHints":{"allow":["GET"]}}],"collection":[{"href":"https:\/\/elyapimitablo.com\/tr\/wp-json\/wp\/v2\/pages"}],"about":[{"href":"https:\/\/elyapimitablo.com\/tr\/wp-json\/wp\/v2\/types\/page"}],"author":[{"embeddable":true,"href":"https:\/\/elyapimitablo.com\/tr\/wp-json\/wp\/v2\/users\/1"}],"replies":[{"embeddable":true,"href":"https:\/\/elyapimitablo.com\/tr\/wp-json\/wp\/v2\/comments?post=2443"}],"version-history":[{"count":5,"href":"https:\/\/elyapimitablo.com\/tr\/wp-json\/wp\/v2\/pages\/2443\/revisions"}],"predecessor-version":[{"id":2857,"href":"https:\/\/elyapimitablo.com\/tr\/wp-json\/wp\/v2\/pages\/2443\/revisions\/2857"}],"wp:attachment":[{"href":"https:\/\/elyapimitablo.com\/tr\/wp-json\/wp\/v2\/media?parent=2443"}],"curies":[{"name":"wp","href":"https:\/\/api.w.org\/{rel}","templated":true}]}}