{"id":12,"date":"2024-03-03T02:56:56","date_gmt":"2024-03-03T02:56:56","guid":{"rendered":"https:\/\/elyapimitablo.com\/tr\/?page_id=12"},"modified":"2025-05-17T04:05:26","modified_gmt":"2025-05-17T04:05:26","slug":"refund_returns","status":"publish","type":"page","link":"https:\/\/elyapimitablo.com\/tr\/refund_returns\/","title":{"rendered":"Geri \u00d6deme ve \u0130ade Politikas\u0131"},"content":{"rendered":"\n<p>S\u0130TEM\u0130ZDE YER ALAN \u00dcR\u00dcNLER ALICI TALEB\u0130 \u0130LE \u00d6ZEL BOYUT VE \u00d6ZELL\u0130KTE OLARAK EL \u0130LE YAPILDI\u011eINDAN \u0130PTAL VE \u0130ADES\u0130 M\u00dcMK\u00dcN DE\u011e\u0130LD\u0130R ANCAK M\u00dc\u015eTER\u0130 MEMNUM\u0130UET\u0130 KAPSAMINDA 14 G\u00dcN \u0130\u00c7\u0130NDE G\u00d6NDER\u0130M VE \u0130ADE NAKL\u0130YE \u00dcCRET\u0130 M\u00dc\u015eTER\u0130 TARAFINDAN KAR\u015eILANDI\u011eI DURUMLARDA YEN\u0130DEN SATI\u015eI M\u00dcMK\u00dcN OLAN \u00dcR\u00dcNLER\u0130N \u0130ADES\u0130 \u0130\u00c7\u0130N M\u00dc\u015eTER\u0130M\u0130Z\u0130N \u0130LET\u0130\u015e\u0130ME GE\u00c7MES\u0130 DURUMUNDA YARDIMCI OLUNACAKTIR.<\/p>\n\n\n\n<p>GENEL H\u00dcK\u00dcM: CAYMA HAKKI KULLANILAMAYACAK \u00dcR\u00dcNLER:<\/p>\n\n\n\n<p>ALICI\u2019n\u0131n iste\u011fi veya a\u00e7\u0131k\u00e7a ki\u015fisel ihtiya\u00e7lar\u0131 do\u011frultusunda haz\u0131rlanan ve geri g\u00f6nderilmeye m\u00fcsait olmayan, i\u00e7 giyim alt par\u00e7alar\u0131, mayo ve bikini altlar\u0131, makyaj malzemeleri, tek kullan\u0131ml\u0131k \u00fcr\u00fcnler, \u00e7abuk bozulma tehlikesi olan veya son kullanma tarihi ge\u00e7me ihtimali olan mallar, ALICI\u2019ya teslim edilmesinin ard\u0131ndan ALICI taraf\u0131ndan ambalaj\u0131 a\u00e7\u0131ld\u0131\u011f\u0131 takdirde iade edilmesi sa\u011fl\u0131k ve hijyen a\u00e7\u0131s\u0131ndan uygun olmayan \u00fcr\u00fcnler, teslim edildikten sonra ba\u015fka \u00fcr\u00fcnlerle kar\u0131\u015fan ve do\u011fas\u0131 gere\u011fi ayr\u0131\u015ft\u0131r\u0131lmas\u0131 m\u00fcmk\u00fcn olmayan \u00fcr\u00fcnler, Abonelik s\u00f6zle\u015fmesi kapsam\u0131nda sa\u011flananlar d\u0131\u015f\u0131nda, gazete ve dergi gibi s\u00fcreli yay\u0131nlara ili\u015fkin mallar, Elektronik ortamda an\u0131nda ifa edilen hizmetler veya t\u00fcketiciye an\u0131nda teslim edilen gayrimaddi mallar, ile ses veya g\u00f6r\u00fcnt\u00fc kay\u0131tlar\u0131n\u0131n, kitap, dijital i\u00e7erik, yaz\u0131l\u0131m programlar\u0131n\u0131n, veri kaydedebilme ve veri depolama cihazlar\u0131n\u0131n, bilgisayar sarf malzemelerinin, ambalaj\u0131n\u0131n ALICI taraf\u0131ndan a\u00e7\u0131lm\u0131\u015f olmas\u0131 halinde iadesi Y\u00f6netmelik gere\u011fi m\u00fcmk\u00fcn de\u011fildir. Ayr\u0131ca Cayma hakk\u0131 s\u00fcresi sona ermeden \u00f6nce, t\u00fcketicinin onay\u0131 ile ifas\u0131na ba\u015flanan hizmetlere ili\u015fkin cayma hakk\u0131n\u0131n kullan\u0131lmas\u0131 da Y\u00f6netmelik gere\u011fi m\u00fcmk\u00fcn de\u011fildir.<\/p>\n\n\n\n<p>Kozmetik ve ki\u015fisel bak\u0131m \u00fcr\u00fcnleri, i\u00e7 giyim \u00fcr\u00fcnleri, mayo, bikini, kitap, kopyalanabilir yaz\u0131l\u0131m ve programlar, DVD, VCD, CD ve kasetler ile k\u0131rtasiye sarf malzemeleri (toner, kartu\u015f, \u015ferit vb.) iade edilebilmesi i\u00e7in ambalajlar\u0131n\u0131n a\u00e7\u0131lmam\u0131\u015f, denenmemi\u015f, bozulmam\u0131\u015f ve kullan\u0131lmam\u0131\u015f olmalar\u0131 gerekir.<\/p>\n\n\n\n<p><\/p>\n","protected":false},"excerpt":{"rendered":"<p>S\u0130TEM\u0130ZDE YER ALAN \u00dcR\u00dcNLER ALICI TALEB\u0130 \u0130LE \u00d6ZEL BOYUT VE \u00d6ZELL\u0130KTE OLARAK EL \u0130LE YAPILDI\u011eINDAN \u0130PTAL VE \u0130ADES\u0130 M\u00dcMK\u00dcN DE\u011e\u0130LD\u0130R ANCAK M\u00dc\u015eTER\u0130 MEMNUM\u0130UET\u0130 KAPSAMINDA 14 G\u00dcN \u0130\u00c7\u0130NDE G\u00d6NDER\u0130M VE \u0130ADE NAKL\u0130YE \u00dcCRET\u0130 M\u00dc\u015eTER\u0130 TARAFINDAN KAR\u015eILANDI\u011eI DURUMLARDA YEN\u0130DEN SATI\u015eI M\u00dcMK\u00dcN OLAN \u00dcR\u00dcNLER\u0130N \u0130ADES\u0130 \u0130\u00c7\u0130N M\u00dc\u015eTER\u0130M\u0130Z\u0130N \u0130LET\u0130\u015e\u0130ME GE\u00c7MES\u0130 DURUMUNDA YARDIMCI OLUNACAKTIR. GENEL H\u00dcK\u00dcM: CAYMA HAKKI KULLANILAMAYACAK \u00dcR\u00dcNLER: [&hellip;]<\/p>\n","protected":false},"author":1,"featured_media":0,"parent":0,"menu_order":0,"comment_status":"closed","ping_status":"closed","template":"","meta":{"footnotes":""},"class_list":["post-12","page","type-page","status-publish","hentry"],"_links":{"self":[{"href":"https:\/\/elyapimitablo.com\/tr\/wp-json\/wp\/v2\/pages\/12","targetHints":{"allow":["GET"]}}],"collection":[{"href":"https:\/\/elyapimitablo.com\/tr\/wp-json\/wp\/v2\/pages"}],"about":[{"href":"https:\/\/elyapimitablo.com\/tr\/wp-json\/wp\/v2\/types\/page"}],"author":[{"embeddable":true,"href":"https:\/\/elyapimitablo.com\/tr\/wp-json\/wp\/v2\/users\/1"}],"replies":[{"embeddable":true,"href":"https:\/\/elyapimitablo.com\/tr\/wp-json\/wp\/v2\/comments?post=12"}],"version-history":[{"count":2,"href":"https:\/\/elyapimitablo.com\/tr\/wp-json\/wp\/v2\/pages\/12\/revisions"}],"predecessor-version":[{"id":2774,"href":"https:\/\/elyapimitablo.com\/tr\/wp-json\/wp\/v2\/pages\/12\/revisions\/2774"}],"wp:attachment":[{"href":"https:\/\/elyapimitablo.com\/tr\/wp-json\/wp\/v2\/media?parent=12"}],"curies":[{"name":"wp","href":"https:\/\/api.w.org\/{rel}","templated":true}]}}