{"id":785,"date":"2021-11-06T20:18:20","date_gmt":"2021-11-06T20:18:20","guid":{"rendered":"https:\/\/elyapimitablo.com\/en\/?post_type=product&#038;p=785"},"modified":"2025-08-10T17:31:41","modified_gmt":"2025-08-10T14:31:41","slug":"daniel-ridgway-knight-maria-and-madeleine-paintings","status":"publish","type":"product","link":"https:\/\/elyapimitablo.com\/en\/product\/daniel-ridgway-knight-maria-and-madeleine-paintings\/","title":{"rendered":"ZSK | Reprod\u00fcksiyon Resim Daniel Ridgway Knight | Maria and Madeleine on the Terrace Kanvas Tablo | Maria and Madeleine on the Terrace oil painting on canvas"},"content":{"rendered":"<h1>ZSK | Reprod\u00fcksiyon Resim Daniel Ridgway Knight | Maria and Madeleine on the Terrace Kanvas Tablo | Maria and Madeleine on the Terrace oil painting on canvas<\/h1>\n<p>Ressam\u0131n di\u011fer resimleri i\u00e7in ;<\/p>\n<p><a href=\"http:\/\/yagliboyatablo.org\/index.php\/daniel-ridgway-knight-1839-1924\">http:\/\/yagliboyatablo.org\/index.php\/daniel-ridgway-knight-1839-1924<\/a><\/p>\n<p>Sevdiklerinize hediye edebilece\u011finiz kanvas tablolar ve fiyatlari i\u00e7in ileti\u015fim b\u00f6l\u00fcm\u00fcnden bilgi al\u0131n\u0131z.<\/p>\n<p>2000 tl ve \u00fczeri sipari\u015flerinizde \u00fccretsiz nakliye ve hediye paketi se\u00e7ene\u011fi. Dekoratif hediyelik kanvas tablo. Sevdiklerinize hediye edebilece\u011finiz orjinal kanvas tablolar ve fiyatlar i\u00e7in ileti\u015fim b\u00f6l\u00fcm\u00fcnden bilgi al\u0131n\u0131z.<\/p>\n<p>Ev ve ofis dekorasyonunda kullanabilece\u011finiz reprod\u00fcksiyon \u00f6zel tasar\u0131m tablolar i\u00e7in di\u011fer \u00fcr\u00fcnlerimizi inceleyin. Ressam Zeliha Say\u0131l\u0131 K\u00fc\u00e7\u00fck imzal\u0131<\/p>\n<p>\u00dcnl\u00fc ressamlar\u0131n reprod\u00fcksiyon resimleri i\u00e7in fiyat al\u0131n\u0131z,\u00a0<a href=\"http:\/\/www.yagliboyatablo.org\/\">yagliboyatablo.org<\/a>\u00a0sitemizden eski d\u00f6nem ressamlar\u0131n resimlerine ula\u015fabilirsiniz. \u00c7ok b\u00fcy\u00fck ebat tablo sipari\u015fleriniz adresinizde teslim ve adresinizde montaj hizmeti ile teslim edilir, \u00f6zel boyutlu resimler i\u00e7in bilgi al\u0131n\u0131z.<\/p>\n<p>Ki\u015fiye \u00f6zel bir hediye deneyimi i\u00e7in\u00a0<a href=\"http:\/\/www.elyapimihediyeler.com\/\">http:\/\/www.elyapimihediyeler.com<\/a>\u00a0sitemizi incelemeyi unutmay\u0131n.<\/p>\n<p>Not: Sitemizde kanvas \u00fczerine pvc bask\u0131 ile yap\u0131lan tablolar bulunmamaktad\u0131r, sitemizdeki t\u00fcm resimler el yap\u0131m\u0131 tuval bezi \u00fczerine ya\u011fl\u0131boya veya akrilik boya ile \u00e7al\u0131\u015f\u0131lmaktad\u0131r. Ayr\u0131ca iste\u011fe ba\u011fl\u0131 olarak resim \u00fczerine cila vb.\u00a0 uygulamalar yap\u0131lmaktad\u0131r. \u00c7er\u00e7eve hari\u00e7 fiyatland\u0131rma yap\u0131lm\u0131\u015ft\u0131r, \u00c7er\u00e7eve se\u00e7enekleri i\u00e7in bilgi al\u0131n\u0131z.<\/p>\n","protected":false},"excerpt":{"rendered":"<p>ZSK | Reprod\u00fcksiyon Resim Daniel Ridgway Knight | Maria and Madeleine on the Terrace Kanvas Tablo | Maria and Madeleine on the Terrace oil painting on canvas Ressam\u0131n di\u011fer resimleri i\u00e7in ; http:\/\/yagliboyatablo.org\/index.php\/daniel-ridgway-knight-1839-1924 Sevdiklerinize hediye edebilece\u011finiz kanvas tablolar ve fiyatlari i\u00e7in ileti\u015fim b\u00f6l\u00fcm\u00fcnden bilgi al\u0131n\u0131z. 2000 tl ve \u00fczeri sipari\u015flerinizde \u00fccretsiz nakliye ve hediye paketi [&hellip;]<\/p>\n","protected":false},"featured_media":786,"template":"","meta":[],"product_brand":[],"product_cat":[20,22,26,18,23,42,41],"product_tag":[46],"class_list":{"0":"post-785","1":"product","2":"type-product","3":"status-publish","4":"has-post-thumbnail","6":"product_cat-all-oil-paintings","7":"product_cat-gift-ideas","8":"product_cat-landscape-oil-paintings","9":"product_cat-large-oil-paintings","10":"product_cat-oil-paintings","11":"product_cat-reproduction-oil-paintings","12":"product_cat-special-order-oil-paintings","13":"product_tag-reproduction-oil-paintings","15":"first","16":"instock","17":"shipping-taxable","18":"purchasable","19":"product-type-simple"},"_links":{"self":[{"href":"https:\/\/elyapimitablo.com\/en\/wp-json\/wp\/v2\/product\/785","targetHints":{"allow":["GET"]}}],"collection":[{"href":"https:\/\/elyapimitablo.com\/en\/wp-json\/wp\/v2\/product"}],"about":[{"href":"https:\/\/elyapimitablo.com\/en\/wp-json\/wp\/v2\/types\/product"}],"wp:featuredmedia":[{"embeddable":true,"href":"https:\/\/elyapimitablo.com\/en\/wp-json\/wp\/v2\/media\/786"}],"wp:attachment":[{"href":"https:\/\/elyapimitablo.com\/en\/wp-json\/wp\/v2\/media?parent=785"}],"wp:term":[{"taxonomy":"product_brand","embeddable":true,"href":"https:\/\/elyapimitablo.com\/en\/wp-json\/wp\/v2\/product_brand?post=785"},{"taxonomy":"product_cat","embeddable":true,"href":"https:\/\/elyapimitablo.com\/en\/wp-json\/wp\/v2\/product_cat?post=785"},{"taxonomy":"product_tag","embeddable":true,"href":"https:\/\/elyapimitablo.com\/en\/wp-json\/wp\/v2\/product_tag?post=785"}],"curies":[{"name":"wp","href":"https:\/\/api.w.org\/{rel}","templated":true}]}}