{"id":780,"date":"2021-11-06T20:18:19","date_gmt":"2021-11-06T20:18:19","guid":{"rendered":"https:\/\/elyapimitablo.com\/en\/?post_type=product&#038;p=780"},"modified":"2026-02-07T17:06:39","modified_gmt":"2026-02-07T14:06:39","slug":"four-season-oil-painting-on-canvas","status":"publish","type":"product","link":"https:\/\/elyapimitablo.com\/en\/product\/four-season-oil-painting-on-canvas\/","title":{"rendered":"ZSK | Four season oil painting on canvas \/ Handmade"},"content":{"rendered":"<h1>ZSK | Four season oil painting on canvas<\/h1>\n<p>&#8220;Four Seasons&#8221;, oil on canvas, 2019-December. (Reproduction).<\/p>\n<p>This painting, made by Richard Alexandrovich Bergholz, was gifted to Atat\u00fcrk by the then Moscow Ambassador Zekai Apayd\u0131n and is known as Atat\u00fcrk&#8217;s favorite painting. Today, it is still located in Dolmabah\u00e7e Palace, room number 71, where Atat\u00fcrk passed away.<\/p>\n<figure id=\"attachment_978\" aria-describedby=\"caption-attachment-978\" style=\"width: 277px\" class=\"wp-caption alignnone\"><img loading=\"lazy\" decoding=\"async\" class=\"size-medium wp-image-978\" src=\"https:\/\/elyapimitablo.com\/en\/wp-content\/uploads\/handmade-painting-certificate-en-small-277x300.jpg\" alt=\"Handmade painting certificate\" width=\"277\" height=\"300\" srcset=\"https:\/\/elyapimitablo.com\/en\/wp-content\/uploads\/handmade-painting-certificate-en-small-277x300.jpg 277w, https:\/\/elyapimitablo.com\/en\/wp-content\/uploads\/handmade-painting-certificate-en-small-416x450.jpg 416w, https:\/\/elyapimitablo.com\/en\/wp-content\/uploads\/handmade-painting-certificate-en-small.jpg 512w\" sizes=\"auto, (max-width: 277px) 100vw, 277px\" \/><figcaption id=\"caption-attachment-978\" class=\"wp-caption-text\">Handmade painting certificate<\/figcaption><\/figure>\n<p>Reproduction oil painting.<\/p>\n<p>Get information about the canvas paintings and prices that you can gift to your loved ones from the contact section.<\/p>\n<p>Free shipping and gift packaging option for your orders of 2000 TL and above. Decorative gift canvas painting. Get information from the contact section for original canvas paintings and prices that you can gift to your loved ones.<\/p>\n<p>Get prices for reproduction paintings of famous painters, you can access paintings of old period painters on our website yagliboyatablo.org. Your very large size painting orders will be delivered to your address and delivered with assembly service at your address. Please get information about special sized paintings.<\/p>\n<p>Don&#8217;t forget to check out our website elyapimihediye.com.tr for a personalized gift experience.<\/p>\n<p>Note: There are no paintings made with PVC print on canvas on our site, all paintings on our site are handmade with oil or acrylic paint on canvas. Additionally, optionally, polish etc. can be applied to the painting. applications are made.<\/p>\n<p>Pricing is excluding frame, please get information about frame options.<br \/>\nShipping is included in the price.<\/p>\n","protected":false},"excerpt":{"rendered":"<h1><span id=\"hikashop_product_name_main\" class=\"hikashop_product_name_main\">ZSK | Four season oil painting on canvas<\/span><\/h1>\n<p>&#8220;Four Seasons&#8221;, oil on canvas, 2019-December. (Reproduction). (This painting, painted by Richard Alexandrovich Bergholz, was gifted to Atat\u00fcrk by Zekai Apayd\u0131n, the Moscow Ambassador of the time, and is known as Atat\u00fcrk&#8217;s favorite painting. Today, it is still located in Dolmabah\u00e7e Palace, room number 71, where Atat\u00fcrk passed away.)<\/p>\n<p>Painter Zeliha Say\u0131l\u0131 K\u00fc\u00e7\u00fck signed. Certified.<br \/>\nLarge and larger sizes acceptable, please ask. ZSK Oil paintings are good at premium home and office decoration. Seamless,<br \/>\nKey Features<br \/>\nZeliha Say\u0131l\u0131 K\u00fc\u00e7\u00fck signed, who is painter artist in Turkey.<br \/>\nHand made.<br \/>\n1st class oil; VanGogh, Daler Rowney\u2026<br \/>\nUltra durable min 5 years usage life and fine color guarantee.<br \/>\nShipping<br \/>\nAsk for gift notes and special texts on picture.<br \/>\nFree shipping with roll, %100 safe. After delivery contact your local frame maker for assembly. (Because of carry conditions can cause damage we only send rolled box if size is larger than 50 x 70 cm.)<br \/>\nPayment<br \/>\nCredit Card<br \/>\nBitcoin \/ Litecoin (Ask for details)<br \/>\nBank EFT (After EFT arrives, we start workin on paintings)<br \/>\nAre you need custom \/ reproduction oil paintings, please contact for information. Whatsapp: +90 533 457 9956<\/p>\n","protected":false},"featured_media":781,"template":"","meta":[],"product_brand":[],"product_cat":[20,74,83,26,23,42,41],"product_tag":[84,87,46],"class_list":{"0":"post-780","1":"product","2":"type-product","3":"status-publish","4":"has-post-thumbnail","6":"product_cat-all-oil-paintings","7":"product_cat-ataturk-oil-paintings","8":"product_cat-lake-oil-paintings","9":"product_cat-landscape-oil-paintings","10":"product_cat-oil-paintings","11":"product_cat-reproduction-oil-paintings","12":"product_cat-special-order-oil-paintings","13":"product_tag-ataturk-related-oil-paintings","14":"product_tag-lake-and-nature-oil-paintings","15":"product_tag-reproduction-oil-paintings","17":"first","18":"instock","19":"shipping-taxable","20":"purchasable","21":"product-type-simple"},"_links":{"self":[{"href":"https:\/\/elyapimitablo.com\/en\/wp-json\/wp\/v2\/product\/780","targetHints":{"allow":["GET"]}}],"collection":[{"href":"https:\/\/elyapimitablo.com\/en\/wp-json\/wp\/v2\/product"}],"about":[{"href":"https:\/\/elyapimitablo.com\/en\/wp-json\/wp\/v2\/types\/product"}],"wp:featuredmedia":[{"embeddable":true,"href":"https:\/\/elyapimitablo.com\/en\/wp-json\/wp\/v2\/media\/781"}],"wp:attachment":[{"href":"https:\/\/elyapimitablo.com\/en\/wp-json\/wp\/v2\/media?parent=780"}],"wp:term":[{"taxonomy":"product_brand","embeddable":true,"href":"https:\/\/elyapimitablo.com\/en\/wp-json\/wp\/v2\/product_brand?post=780"},{"taxonomy":"product_cat","embeddable":true,"href":"https:\/\/elyapimitablo.com\/en\/wp-json\/wp\/v2\/product_cat?post=780"},{"taxonomy":"product_tag","embeddable":true,"href":"https:\/\/elyapimitablo.com\/en\/wp-json\/wp\/v2\/product_tag?post=780"}],"curies":[{"name":"wp","href":"https:\/\/api.w.org\/{rel}","templated":true}]}}