{"id":774,"date":"2021-11-06T20:18:18","date_gmt":"2021-11-06T20:18:18","guid":{"rendered":"https:\/\/elyapimitablo.com\/en\/?post_type=product&#038;p=774"},"modified":"2024-02-26T08:10:52","modified_gmt":"2024-02-26T08:10:52","slug":"zsk-ottoman-sign-oil-painting-on-canvas","status":"publish","type":"product","link":"https:\/\/elyapimitablo.com\/en\/product\/zsk-ottoman-sign-oil-painting-on-canvas\/","title":{"rendered":"ZSK | Ottoman Sign Oil painting on canvas"},"content":{"rendered":"<p>Painter Zeliha Say\u0131l\u0131 K\u00fc\u00e7\u00fck signed. Certified.<br \/>\nLarge and larger sizes acceptable, please ask. ZSK Oil paintings are good at premium home and office decoration. Seamless,<\/p>\n<p>Key Features<br \/>\n* Zeliha Say\u0131l\u0131 K\u00fc\u00e7\u00fck signed, who is painter artist in Turkey.<br \/>\n* Hand made.<br \/>\n* 1st class oil; VanGogh, Daler Rowney&#8230;<br \/>\n* Ultra durable min 5 years usage life and fine color guarantee.<\/p>\n<p>Shipping<br \/>\n* Ask for gift notes and special texts on picture.<br \/>\n* Free shipping with roll, %100 safe. After delivery contact your local frame maker for assembly. (Because of carry conditions can cause damage we only send rolled box if size is larger than 50 x 70 cm.)<\/p>\n<p>Payment<br \/>\n* Credit Card<br \/>\n* Bitcoin \/ Litecoin (Ask for details)<br \/>\n* Bank EFT (After EFT arrives, we start workin on paintings)<\/p>\n<p>Are you need custom \/ reproduction oil paintings, please contact for information. Whatsapp: +90 533 457 9956<\/p>\n","protected":false},"excerpt":{"rendered":"<p>Painter Zeliha Say\u0131l\u0131 K\u00fc\u00e7\u00fck signed. Certified. Large and larger sizes acceptable, please ask. ZSK Oil paintings are good at premium home and office decoration. Seamless, Key Features * Zeliha Say\u0131l\u0131 K\u00fc\u00e7\u00fck signed, who is painter artist in Turkey. * Hand made. * 1st class oil; VanGogh, Daler Rowney&#8230; * Ultra durable min 5 years usage [&hellip;]<\/p>\n","protected":false},"featured_media":775,"template":"","meta":[],"product_brand":[],"product_cat":[29],"product_tag":[30,31],"class_list":{"0":"post-774","1":"product","2":"type-product","3":"status-publish","4":"has-post-thumbnail","6":"product_cat-ottoman-modern-oil-paintings","7":"product_tag-ottoman-paintings","8":"product_tag-tugra","10":"first","11":"instock","12":"purchasable","13":"product-type-simple"},"_links":{"self":[{"href":"https:\/\/elyapimitablo.com\/en\/wp-json\/wp\/v2\/product\/774","targetHints":{"allow":["GET"]}}],"collection":[{"href":"https:\/\/elyapimitablo.com\/en\/wp-json\/wp\/v2\/product"}],"about":[{"href":"https:\/\/elyapimitablo.com\/en\/wp-json\/wp\/v2\/types\/product"}],"wp:featuredmedia":[{"embeddable":true,"href":"https:\/\/elyapimitablo.com\/en\/wp-json\/wp\/v2\/media\/775"}],"wp:attachment":[{"href":"https:\/\/elyapimitablo.com\/en\/wp-json\/wp\/v2\/media?parent=774"}],"wp:term":[{"taxonomy":"product_brand","embeddable":true,"href":"https:\/\/elyapimitablo.com\/en\/wp-json\/wp\/v2\/product_brand?post=774"},{"taxonomy":"product_cat","embeddable":true,"href":"https:\/\/elyapimitablo.com\/en\/wp-json\/wp\/v2\/product_cat?post=774"},{"taxonomy":"product_tag","embeddable":true,"href":"https:\/\/elyapimitablo.com\/en\/wp-json\/wp\/v2\/product_tag?post=774"}],"curies":[{"name":"wp","href":"https:\/\/api.w.org\/{rel}","templated":true}]}}