{"id":756,"date":"2023-12-26T22:23:52","date_gmt":"2023-12-26T22:23:52","guid":{"rendered":"https:\/\/elyapimitablo.com\/en\/?post_type=product&#038;p=756"},"modified":"2026-02-07T16:22:33","modified_gmt":"2026-02-07T13:22:33","slug":"ai-horse-picture-oil-painting-on-canvas","status":"publish","type":"product","link":"https:\/\/elyapimitablo.com\/en\/product\/ai-horse-picture-oil-painting-on-canvas\/","title":{"rendered":"ZSK | AI Horse Oil painting on canvas \/ Handmade"},"content":{"rendered":"<h1>ZSK | AI Horse Oil painting<\/h1>\n<p>Painter Zeliha Say\u0131l\u0131 K\u00fc\u00e7\u00fck signed. Certified.<br \/>\nLarge and larger sizes acceptable, please ask. ZSK Oil paintings are good at premium home and office decoration. Seamless,<\/p>\n<p>Key Features<br \/>\n* Zeliha Say\u0131l\u0131 K\u00fc\u00e7\u00fck signed, who is painter artist in Turkey.<br \/>\n* Hand made.<br \/>\n* 1st class oil; VanGogh, Daler Rowney&#8230;<br \/>\n* Ultra durable min 5 years usage life and fine color guarantee.<\/p>\n<p>Shipping<br \/>\n* Ask for gift notes and special texts on picture.<br \/>\n* Free shipping with roll, %100 safe. After delivery contact your local frame maker for assembly. (Because of carry conditions can cause damage we only send rolled box if size is larger than 50 x 70 cm.)<\/p>\n<p>Payment<br \/>\n* Credit Card<br \/>\n* Bitcoin \/ Litecoin (Ask for details)<br \/>\n* Bank EFT (After EFT arrives, we start workin on paintings)<\/p>\n<p>Are you need custom \/ reproduction oil paintings, please contact for information. Whatsapp: +90 533 457 9956<\/p>\n","protected":false},"excerpt":{"rendered":"<p>ZSK | AI Horse Oil painting Painter Zeliha Say\u0131l\u0131 K\u00fc\u00e7\u00fck signed. Certified. Large and larger sizes acceptable, please ask. ZSK Oil paintings are good at premium home and office decoration. Seamless, Key Features * Zeliha Say\u0131l\u0131 K\u00fc\u00e7\u00fck signed, who is painter artist in Turkey. * Hand made. * 1st class oil; VanGogh, Daler Rowney&#8230; * [&hellip;]<\/p>\n","protected":false},"featured_media":757,"template":"","meta":[],"product_brand":[],"product_cat":[20,17,23,41],"product_tag":[21],"class_list":{"0":"post-756","1":"product","2":"type-product","3":"status-publish","4":"has-post-thumbnail","6":"product_cat-all-oil-paintings","7":"product_cat-horse-oil-paintings","8":"product_cat-oil-paintings","9":"product_cat-special-order-oil-paintings","10":"product_tag-horse-oil-painting-on-canvas","12":"first","13":"instock","14":"shipping-taxable","15":"purchasable","16":"product-type-simple"},"_links":{"self":[{"href":"https:\/\/elyapimitablo.com\/en\/wp-json\/wp\/v2\/product\/756","targetHints":{"allow":["GET"]}}],"collection":[{"href":"https:\/\/elyapimitablo.com\/en\/wp-json\/wp\/v2\/product"}],"about":[{"href":"https:\/\/elyapimitablo.com\/en\/wp-json\/wp\/v2\/types\/product"}],"wp:featuredmedia":[{"embeddable":true,"href":"https:\/\/elyapimitablo.com\/en\/wp-json\/wp\/v2\/media\/757"}],"wp:attachment":[{"href":"https:\/\/elyapimitablo.com\/en\/wp-json\/wp\/v2\/media?parent=756"}],"wp:term":[{"taxonomy":"product_brand","embeddable":true,"href":"https:\/\/elyapimitablo.com\/en\/wp-json\/wp\/v2\/product_brand?post=756"},{"taxonomy":"product_cat","embeddable":true,"href":"https:\/\/elyapimitablo.com\/en\/wp-json\/wp\/v2\/product_cat?post=756"},{"taxonomy":"product_tag","embeddable":true,"href":"https:\/\/elyapimitablo.com\/en\/wp-json\/wp\/v2\/product_tag?post=756"}],"curies":[{"name":"wp","href":"https:\/\/api.w.org\/{rel}","templated":true}]}}