{"id":715,"date":"2023-08-29T22:06:38","date_gmt":"2023-08-29T22:06:38","guid":{"rendered":"https:\/\/elyapimitablo.com\/en\/?post_type=product&#038;p=715"},"modified":"2026-02-07T16:26:08","modified_gmt":"2026-02-07T13:26:08","slug":"vincent-van-gogh-night-cafe-oil-painting-on-canvas","status":"publish","type":"product","link":"https:\/\/elyapimitablo.com\/en\/product\/vincent-van-gogh-night-cafe-oil-painting-on-canvas\/","title":{"rendered":"ZSK | Vincent Van Gogh Night Cafe Reproduction Oil painting \/ Handmade"},"content":{"rendered":"<p>ZSK | Vincent Van Gogh Gece Kahvesi \/ Night Cafe Reproduction Oil painting<br \/>Vincent van Gogh&#8217;s famous painting &#8220;Night Coffee&#8221;: This painting was painted by Van Gogh in 1888 in Arles, Netherlands. This painting, also known as &#8220;Caf\u00e9 Terrace at Night&#8221;, is a work known for Van Gogh&#8217;s characteristic color palette and brush strokes. The painting includes a depiction of people and surroundings on an open-air terrace at a cafe at night. A starry night sky, cafe tables illuminated with bright yellow lights and street lamps are the prominent elements of the painting. Van Gogh described this painting in a letter to his friend \u00c9mile Bernard as follows: &#8220;I tried to paint the real night, that is, using the blue colors found in the atmosphere.&#8221; &#8220;Night Coffee&#8221; is one of the important works that reflect Van Gogh&#8217;s artistic style and emotional expression. The painting is considered one of the important examples of modern art and is now exhibited in many art galleries around the world.<\/p>\n<p>Painter Zeliha Say\u0131l\u0131 K\u00fc\u00e7\u00fck signed. Certified.<br \/>Large and larger sizes acceptable, please ask. ZSK Oil paintings are good at premium home and office decoration. Seamless,<br \/>Key Features<br \/>Zeliha Say\u0131l\u0131 K\u00fc\u00e7\u00fck signed, who is painter artist in Turkey.<br \/>Hand made.<br \/>1st class oil; VanGogh, Daler Rowney\u2026<br \/>Ultra durable min 5 years usage life and fine color guarantee.<br \/>Shipping<br \/>Ask for gift notes and special texts on picture.<br \/>Free shipping with roll, %100 safe. After delivery contact your local frame maker for assembly. (Because of carry conditions can cause damage we only send rolled box if size is larger than 50 x 70 cm.)<br \/>Payment<br \/>Credit Card<br \/>Bitcoin \/ Litecoin (Ask for details)<br \/>Bank EFT (After EFT arrives, we start workin on paintings)<br \/>Are you need custom \/ reproduction oil paintings, please contact for information. Whatsapp: +90 533 457 9956<\/p>\n","protected":false},"excerpt":{"rendered":"<p>ZSK | Vincent Van Gogh Gece Kahvesi \/ Night Cafe Reproduction Oil paintingVincent van Gogh&#8217;s famous painting &#8220;Night Coffee&#8221;: This painting was painted by Van Gogh in 1888 in Arles, Netherlands. This painting, also known as &#8220;Caf\u00e9 Terrace at Night&#8221;, is a work known for Van Gogh&#8217;s characteristic color palette and brush strokes. The painting [&hellip;]<\/p>\n","protected":false},"featured_media":716,"template":"","meta":[],"product_brand":[],"product_cat":[20,42,41,61],"product_tag":[46,62],"class_list":{"0":"post-715","1":"product","2":"type-product","3":"status-publish","4":"has-post-thumbnail","6":"product_cat-all-oil-paintings","7":"product_cat-reproduction-oil-paintings","8":"product_cat-special-order-oil-paintings","9":"product_cat-vincent-van-gogh-reproduction","10":"product_tag-reproduction-oil-paintings","11":"product_tag-vincent-van-gogh","13":"first","14":"instock","15":"shipping-taxable","16":"purchasable","17":"product-type-simple"},"_links":{"self":[{"href":"https:\/\/elyapimitablo.com\/en\/wp-json\/wp\/v2\/product\/715","targetHints":{"allow":["GET"]}}],"collection":[{"href":"https:\/\/elyapimitablo.com\/en\/wp-json\/wp\/v2\/product"}],"about":[{"href":"https:\/\/elyapimitablo.com\/en\/wp-json\/wp\/v2\/types\/product"}],"wp:featuredmedia":[{"embeddable":true,"href":"https:\/\/elyapimitablo.com\/en\/wp-json\/wp\/v2\/media\/716"}],"wp:attachment":[{"href":"https:\/\/elyapimitablo.com\/en\/wp-json\/wp\/v2\/media?parent=715"}],"wp:term":[{"taxonomy":"product_brand","embeddable":true,"href":"https:\/\/elyapimitablo.com\/en\/wp-json\/wp\/v2\/product_brand?post=715"},{"taxonomy":"product_cat","embeddable":true,"href":"https:\/\/elyapimitablo.com\/en\/wp-json\/wp\/v2\/product_cat?post=715"},{"taxonomy":"product_tag","embeddable":true,"href":"https:\/\/elyapimitablo.com\/en\/wp-json\/wp\/v2\/product_tag?post=715"}],"curies":[{"name":"wp","href":"https:\/\/api.w.org\/{rel}","templated":true}]}}