{"id":601,"date":"2023-03-19T22:08:48","date_gmt":"2023-03-19T22:08:48","guid":{"rendered":"https:\/\/elyapimitablo.com\/en\/?post_type=product&#038;p=601"},"modified":"2026-02-07T16:27:22","modified_gmt":"2026-02-07T13:27:22","slug":"zsk-osman-hamdi-bey-kaplumbaga-terbiyecisi-oil-painting-on-canvas","status":"publish","type":"product","link":"https:\/\/elyapimitablo.com\/en\/product\/zsk-osman-hamdi-bey-kaplumbaga-terbiyecisi-oil-painting-on-canvas\/","title":{"rendered":"ZSK | Osman Hamdi Bey Kaplumba\u011fa Terbiyecisi v2 Reproduction Oil Painting \/ Handmade"},"content":{"rendered":"<p>ZSK | Osman Hamdi Bey Kaplumba\u011fa Terbiyecisi v2 Reproduction Oil Painting <br \/>It is one of the important works of the Ottoman period, the original of which is exhibited in Pera Museum &#8211; Istanbul. It was worked out in two different versions in 1906 and 1907. It is known as\u00a0The Turtles and the Man.<\/p>\n<p>Painter Zeliha Say\u0131l\u0131 K\u00fc\u00e7\u00fck signed. Certified.<br \/>Large and larger sizes acceptable, please ask. ZSK Oil paintings are good at premium home and office decoration. Seamless,<br \/>Key Features<br \/>Zeliha Say\u0131l\u0131 K\u00fc\u00e7\u00fck signed, who is painter artist in Turkey.<br \/>Hand made.<br \/>1st class oil; VanGogh, Daler Rowney\u2026<br \/>Ultra durable min 5 years usage life and fine color guarantee.<br \/>Shipping<br \/>Ask for gift notes and special texts on picture.<br \/>Free shipping with roll, %100 safe. After delivery contact your local frame maker for assembly. (Because of carry conditions can cause damage we only send rolled box if size is larger than 50 x 70 cm.)<br \/>Payment<br \/>Credit Card<br \/>Bitcoin \/ Litecoin (Ask for details)<br \/>Bank EFT (After EFT arrives, we start workin on paintings)<br \/>Are you need custom \/ reproduction oil paintings, please contact for information. Whatsapp: +90 533 457 9956<\/p>\n<ul> <\/ul>\n","protected":false},"excerpt":{"rendered":"<p>ZSK | Osman Hamdi Bey Kaplumba\u011fa Terbiyecisi v2 Reproduction Oil Painting It is one of the important works of the Ottoman period, the original of which is exhibited in Pera Museum &#8211; Istanbul. It was worked out in two different versions in 1906 and 1907. It is known as\u00a0The Turtles and the Man. Painter Zeliha [&hellip;]<\/p>\n","protected":false},"featured_media":602,"template":"","meta":[],"product_brand":[],"product_cat":[20,42,41],"product_tag":[64,60],"class_list":{"0":"post-601","1":"product","2":"type-product","3":"status-publish","4":"has-post-thumbnail","6":"product_cat-all-oil-paintings","7":"product_cat-reproduction-oil-paintings","8":"product_cat-special-order-oil-paintings","9":"product_tag-kaplumbaga-terbiyecisi","10":"product_tag-osman-hamdi-bey","12":"first","13":"instock","14":"sale","15":"shipping-taxable","16":"purchasable","17":"product-type-simple"},"_links":{"self":[{"href":"https:\/\/elyapimitablo.com\/en\/wp-json\/wp\/v2\/product\/601","targetHints":{"allow":["GET"]}}],"collection":[{"href":"https:\/\/elyapimitablo.com\/en\/wp-json\/wp\/v2\/product"}],"about":[{"href":"https:\/\/elyapimitablo.com\/en\/wp-json\/wp\/v2\/types\/product"}],"wp:featuredmedia":[{"embeddable":true,"href":"https:\/\/elyapimitablo.com\/en\/wp-json\/wp\/v2\/media\/602"}],"wp:attachment":[{"href":"https:\/\/elyapimitablo.com\/en\/wp-json\/wp\/v2\/media?parent=601"}],"wp:term":[{"taxonomy":"product_brand","embeddable":true,"href":"https:\/\/elyapimitablo.com\/en\/wp-json\/wp\/v2\/product_brand?post=601"},{"taxonomy":"product_cat","embeddable":true,"href":"https:\/\/elyapimitablo.com\/en\/wp-json\/wp\/v2\/product_cat?post=601"},{"taxonomy":"product_tag","embeddable":true,"href":"https:\/\/elyapimitablo.com\/en\/wp-json\/wp\/v2\/product_tag?post=601"}],"curies":[{"name":"wp","href":"https:\/\/api.w.org\/{rel}","templated":true}]}}