{"id":566,"date":"2022-09-25T08:53:44","date_gmt":"2022-09-25T08:53:44","guid":{"rendered":"https:\/\/elyapimitablo.com\/en\/?post_type=product&#038;p=566"},"modified":"2026-02-07T16:28:12","modified_gmt":"2026-02-07T13:28:12","slug":"starry-night-reproduction","status":"publish","type":"product","link":"https:\/\/elyapimitablo.com\/en\/product\/starry-night-reproduction\/","title":{"rendered":"ZSK | Vincent van Gogh The Starry Night Reproduction Oil Painting On Canvas \/ Handmade"},"content":{"rendered":"<p>ZSK | Vincent van Gogh The Starry Night | Reproduction Oil Painting<br \/>\nYap\u0131m Tarihi: 1889 Yer: Saint-R\u00e9my-de-Provence Orjinal Boyutlar : \u00a0w921 x h737 mm<\/p>\n<p><iframe loading=\"lazy\" title=\"ZSK | Vangogh stary night #painting #art #handmade\" width=\"563\" height=\"1000\" src=\"https:\/\/www.youtube.com\/embed\/yYkb6vPXbEQ?feature=oembed\" frameborder=\"0\" allow=\"accelerometer; autoplay; clipboard-write; encrypted-media; gyroscope; picture-in-picture; web-share\" referrerpolicy=\"strict-origin-when-cross-origin\" allowfullscreen><\/iframe><\/p>\n<p>Painter Zeliha Say\u0131l\u0131 K\u00fc\u00e7\u00fck signed. Certified.<br \/>\nLarge and larger sizes acceptable, please ask. ZSK Oil paintings are good at premium home and office decoration. Seamless,<br \/>\nKey Features<br \/>\nZeliha Say\u0131l\u0131 K\u00fc\u00e7\u00fck signed, who is painter artist in Turkey.<br \/>\nHand made.<br \/>\n1st class oil; VanGogh, Daler Rowney\u2026<br \/>\nUltra durable min 5 years usage life and fine color guarantee.<br \/>\nShipping<br \/>\nAsk for gift notes and special texts on picture.<br \/>\nFree shipping with roll, %100 safe. After delivery contact your local frame maker for assembly. (Because of carry conditions can cause damage we only send rolled box if size is larger than 50 x 70 cm.)<br \/>\nPayment<br \/>\nCredit Card<br \/>\nBitcoin \/ Litecoin (Ask for details)<br \/>\nBank EFT (After EFT arrives, we start workin on paintings)<br \/>\nAre you need custom \/ reproduction oil paintings, please contact for information. Whatsapp: +90 533 457 9956<\/p>\n","protected":false},"excerpt":{"rendered":"<p>ZSK | Vincent van Gogh The Starry Night | Reproduction Oil Painting Yap\u0131m Tarihi: 1889 Yer: Saint-R\u00e9my-de-Provence Orjinal Boyutlar : \u00a0w921 x h737 mm Painter Zeliha Say\u0131l\u0131 K\u00fc\u00e7\u00fck signed. Certified. Large and larger sizes acceptable, please ask. ZSK Oil paintings are good at premium home and office decoration. Seamless, Key Features Zeliha Say\u0131l\u0131 K\u00fc\u00e7\u00fck signed, [&hellip;]<\/p>\n","protected":false},"featured_media":567,"template":"","meta":[],"product_brand":[],"product_cat":[20,23,42,41,61],"product_tag":[63,62],"class_list":{"0":"post-566","1":"product","2":"type-product","3":"status-publish","4":"has-post-thumbnail","6":"product_cat-all-oil-paintings","7":"product_cat-oil-paintings","8":"product_cat-reproduction-oil-paintings","9":"product_cat-special-order-oil-paintings","10":"product_cat-vincent-van-gogh-reproduction","11":"product_tag-stary-night-oil-painting-on-canvas","12":"product_tag-vincent-van-gogh","14":"first","15":"instock","16":"purchasable","17":"product-type-simple"},"_links":{"self":[{"href":"https:\/\/elyapimitablo.com\/en\/wp-json\/wp\/v2\/product\/566","targetHints":{"allow":["GET"]}}],"collection":[{"href":"https:\/\/elyapimitablo.com\/en\/wp-json\/wp\/v2\/product"}],"about":[{"href":"https:\/\/elyapimitablo.com\/en\/wp-json\/wp\/v2\/types\/product"}],"wp:featuredmedia":[{"embeddable":true,"href":"https:\/\/elyapimitablo.com\/en\/wp-json\/wp\/v2\/media\/567"}],"wp:attachment":[{"href":"https:\/\/elyapimitablo.com\/en\/wp-json\/wp\/v2\/media?parent=566"}],"wp:term":[{"taxonomy":"product_brand","embeddable":true,"href":"https:\/\/elyapimitablo.com\/en\/wp-json\/wp\/v2\/product_brand?post=566"},{"taxonomy":"product_cat","embeddable":true,"href":"https:\/\/elyapimitablo.com\/en\/wp-json\/wp\/v2\/product_cat?post=566"},{"taxonomy":"product_tag","embeddable":true,"href":"https:\/\/elyapimitablo.com\/en\/wp-json\/wp\/v2\/product_tag?post=566"}],"curies":[{"name":"wp","href":"https:\/\/api.w.org\/{rel}","templated":true}]}}