{"id":535,"date":"2022-05-20T07:45:12","date_gmt":"2022-05-20T07:45:12","guid":{"rendered":"https:\/\/elyapimitablo.com\/en\/?post_type=product&#038;p=535"},"modified":"2026-02-07T16:29:13","modified_gmt":"2026-02-07T13:29:13","slug":"daniel-in-the-lions-den","status":"publish","type":"product","link":"https:\/\/elyapimitablo.com\/en\/product\/daniel-in-the-lions-den\/","title":{"rendered":"ZSK | Daniel in The Lions Den Reproduction oil painting \/ Handmade"},"content":{"rendered":"<h1>ZSK | Daniel in The Lions Den Reproduction oil painting<\/h1>\n<p> <a title=\"Briton Rivi\u00e8re\" href=\"https:\/\/en.wikipedia.org\/wiki\/Briton_Rivi\u00e8re\">Briton Rivi\u00e8re<\/a>, 1890 &#8216;de yap\u0131lan orjinal resim i\u00e7in reprod\u00fcksiyon kopya isteyebilirsiniz. Detay; <a title=\"Book of Daniel\" href=\"https:\/\/en.wikipedia.org\/wiki\/Book_of_Daniel\">Book of Daniel<\/a> <\/p>\n<p>Painter Zeliha Say\u0131l\u0131 K\u00fc\u00e7\u00fck signed. Certified.<br \/>Large and larger sizes acceptable, please ask. ZSK Oil paintings are good at premium home and office decoration. Seamless,<br \/>Key Features<br \/>Zeliha Say\u0131l\u0131 K\u00fc\u00e7\u00fck signed, who is painter artist in Turkey.<br \/>Hand made.<br \/>1st class oil; VanGogh, Daler Rowney\u2026<br \/>Ultra durable min 5 years usage life and fine color guarantee.<br \/>Shipping<br \/>Ask for gift notes and special texts on picture.<br \/>Free shipping with roll, %100 safe. After delivery contact your local frame maker for assembly. (Because of carry conditions can cause damage we only send rolled box if size is larger than 50 x 70 cm.)<br \/>Payment<br \/>Credit Card<br \/>Bitcoin \/ Litecoin (Ask for details)<br \/>Bank EFT (After EFT arrives, we start workin on paintings)<br \/>Are you need custom \/ reproduction oil paintings, please contact for information. Whatsapp: +90 533 457 9956<\/p>\n<ul> <\/ul>\n<p> \u00a0<\/p>\n","protected":false},"excerpt":{"rendered":"<p>ZSK | Daniel in The Lions Den Reproduction oil painting Briton Rivi\u00e8re, 1890 &#8216;de yap\u0131lan orjinal resim i\u00e7in reprod\u00fcksiyon kopya isteyebilirsiniz. Detay; Book of Daniel Painter Zeliha Say\u0131l\u0131 K\u00fc\u00e7\u00fck signed. Certified.Large and larger sizes acceptable, please ask. ZSK Oil paintings are good at premium home and office decoration. Seamless,Key FeaturesZeliha Say\u0131l\u0131 K\u00fc\u00e7\u00fck signed, who is [&hellip;]<\/p>\n","protected":false},"featured_media":536,"template":"","meta":[],"product_brand":[],"product_cat":[20,19,51,42,41],"product_tag":[46],"class_list":{"0":"post-535","1":"product","2":"type-product","3":"status-publish","4":"has-post-thumbnail","6":"product_cat-all-oil-paintings","7":"product_cat-animals-oil-paintings","8":"product_cat-religious-oil-paintings","9":"product_cat-reproduction-oil-paintings","10":"product_cat-special-order-oil-paintings","11":"product_tag-reproduction-oil-paintings","13":"first","14":"instock","15":"shipping-taxable","16":"purchasable","17":"product-type-simple"},"_links":{"self":[{"href":"https:\/\/elyapimitablo.com\/en\/wp-json\/wp\/v2\/product\/535","targetHints":{"allow":["GET"]}}],"collection":[{"href":"https:\/\/elyapimitablo.com\/en\/wp-json\/wp\/v2\/product"}],"about":[{"href":"https:\/\/elyapimitablo.com\/en\/wp-json\/wp\/v2\/types\/product"}],"wp:featuredmedia":[{"embeddable":true,"href":"https:\/\/elyapimitablo.com\/en\/wp-json\/wp\/v2\/media\/536"}],"wp:attachment":[{"href":"https:\/\/elyapimitablo.com\/en\/wp-json\/wp\/v2\/media?parent=535"}],"wp:term":[{"taxonomy":"product_brand","embeddable":true,"href":"https:\/\/elyapimitablo.com\/en\/wp-json\/wp\/v2\/product_brand?post=535"},{"taxonomy":"product_cat","embeddable":true,"href":"https:\/\/elyapimitablo.com\/en\/wp-json\/wp\/v2\/product_cat?post=535"},{"taxonomy":"product_tag","embeddable":true,"href":"https:\/\/elyapimitablo.com\/en\/wp-json\/wp\/v2\/product_tag?post=535"}],"curies":[{"name":"wp","href":"https:\/\/api.w.org\/{rel}","templated":true}]}}