{"id":410,"date":"2021-11-06T20:18:21","date_gmt":"2021-11-06T20:18:21","guid":{"rendered":"https:\/\/elyapimitablo.com\/en\/?post_type=product&#038;p=410"},"modified":"2026-02-07T16:30:52","modified_gmt":"2026-02-07T13:30:52","slug":"virjin-mary-and-child-jesus","status":"publish","type":"product","link":"https:\/\/elyapimitablo.com\/en\/product\/virjin-mary-and-child-jesus\/","title":{"rendered":"ZSK | Virjin Mary and Child Jesus \/ Handmade"},"content":{"rendered":"<h1>ZSK | Meryem&amp;\u00c7ocuk \u0130sa Reprod\u00fcksiyon (Virjin Mary and Child Jesus) Reprod\u00fcksiyon, tuval \u00fczerine ya\u011fl\u0131boya tablo<\/h1>\n<p>\u00d6zel Sipari\u015f ya\u011fl\u0131boya tablo sipari\u015fleriniz i\u00e7in bilgi al\u0131n.<\/p>\n<p>2000tl ve \u00fczeri sipari\u015fleriniz adresinize \u00fccretsiz teslim edilir. B\u00fcy\u00fck boyutlu tablo sipari\u015fleriniz i\u00e7in bilgi ve fiyat alabilirsiniz.<\/p>\n<p>Dekoratif hediyelik kanvas tablo. Sevdiklerinize hediye edebilece\u011finiz orjinal kanvas tablolar ve fiyatlar i\u00e7in ileti\u015fim b\u00f6l\u00fcm\u00fcnden bilgi al\u0131n\u0131z.<\/p>\n<p>Ev ve ofis dekorasyonunda kullanabilece\u011finiz reprod\u00fcksiyon \u00f6zel tasar\u0131m tablolar. Ressam Zeliha Say\u0131l\u0131 K\u00fc\u00e7\u00fck imzal\u0131.<\/p>\n<p>Sayfam\u0131zda bilgisayar bask\u0131s\u0131 pvc tablolar bulunmaz tamam\u0131 elyap\u0131m\u0131 tuval bezi \u00fczerine \u00e7al\u0131\u015f\u0131lan kanvas tablolard\u0131r.<\/p>\n<p>\u00dcnl\u00fc ressamlar\u0131n reprod\u00fcksiyon resimleri i\u00e7in fiyat al\u0131n\u0131z,\u00a0<a href=\"http:\/\/www.yagliboyatablo.org\/\">yagliboyatablo.org<\/a>\u00a0sitemizden eski d\u00f6nem ressamlar\u0131n resimlerine ula\u015fabilirsiniz. \u00c7ok b\u00fcy\u00fck ebat tablo sipari\u015fleriniz adresinizde teslim ve adresinizde montaj hizmeti ile teslim edilir, \u00f6zel boyutlu resimler i\u00e7in bilgi al\u0131n\u0131z.<\/p>\n<p>Ki\u015fiye \u00f6zel bir hediye deneyimi i\u00e7in\u00a0<a href=\"http:\/\/www.elyapimihediye.com.tr\">https:\/\/www.elyapimihediye.com.tr<\/a>\u00a0sitemizi incelemeyi unutmay\u0131n.<\/p>\n<p>Not: Sitemizde kanvas \u00fczerine pvc bask\u0131 ile yap\u0131lan tablolar <strong>bulunmamaktad\u0131r<\/strong>, sitemizdeki t\u00fcm resimler el yap\u0131m\u0131 tuval bezi \u00fczerine ya\u011fl\u0131boya veya akrilik boya ile \u00e7al\u0131\u015f\u0131lmaktad\u0131r. Ayr\u0131ca iste\u011fe ba\u011fl\u0131 olarak resim \u00fczerine cila vb.\u00a0 uygulamalar yap\u0131lmaktad\u0131r.<\/p>\n<ul>\n<li>\u00c7er\u00e7eve hari\u00e7 fiyatland\u0131rma yap\u0131lm\u0131\u015ft\u0131r, \u00c7er\u00e7eve se\u00e7enekleri i\u00e7in bilgi al\u0131n\u0131z.<\/li>\n<li>Nakliye fiyata dahildir.<\/li>\n<\/ul>\n","protected":false},"excerpt":{"rendered":"<p>ZSK | Virjin Mary and Child Jesus<br \/>Painter Zeliha Say\u0131l\u0131 K\u00fc\u00e7\u00fck signed. Certified. Large and larger sizes acceptable, please ask. ZSK Oil paintings are good at premium home and office decoration. Seamless, Key Features* Zeliha Say\u0131l\u0131 K\u00fc\u00e7\u00fck signed, who is painter artist in Turkey.* Hand made.* 1st class oil; VanGogh, Daler Rowney&#8230;* Ultra durable min 5 years usage life and fine color guarantee.Shipping* Ask for gift notes and special texts on picture.* Free shipping with roll, %100 safe. After delivery contact your local frame maker for assembly.   (Because of carry conditions can cause damage we only send rolled box if size is larger than 50 x 70 cm.)Payment* Credit Card* Bitcoin \/ Litecoin (Ask for details)* Bank EFT (After EFT arrives, we start workin on paintings)Are you need custom \/ reproduction oil paintings, please contact for information. Whatsapp: +90 533 457 9956<\/p>\n","protected":false},"featured_media":411,"template":"","meta":[],"product_brand":[],"product_cat":[20,52,23,36,51,41],"product_tag":[43,53,54,46],"class_list":{"0":"post-410","1":"product","2":"type-product","3":"status-publish","4":"has-post-thumbnail","6":"product_cat-all-oil-paintings","7":"product_cat-figure-oil-painting","8":"product_cat-oil-paintings","9":"product_cat-portrait-oil-paintings","10":"product_cat-religious-oil-paintings","11":"product_cat-special-order-oil-paintings","12":"product_tag-50-x-70-oil-painting-on-canvas","13":"product_tag-jesus","14":"product_tag-meryem","15":"product_tag-reproduction-oil-paintings","17":"first","18":"instock","19":"shipping-taxable","20":"purchasable","21":"product-type-simple"},"_links":{"self":[{"href":"https:\/\/elyapimitablo.com\/en\/wp-json\/wp\/v2\/product\/410","targetHints":{"allow":["GET"]}}],"collection":[{"href":"https:\/\/elyapimitablo.com\/en\/wp-json\/wp\/v2\/product"}],"about":[{"href":"https:\/\/elyapimitablo.com\/en\/wp-json\/wp\/v2\/types\/product"}],"wp:featuredmedia":[{"embeddable":true,"href":"https:\/\/elyapimitablo.com\/en\/wp-json\/wp\/v2\/media\/411"}],"wp:attachment":[{"href":"https:\/\/elyapimitablo.com\/en\/wp-json\/wp\/v2\/media?parent=410"}],"wp:term":[{"taxonomy":"product_brand","embeddable":true,"href":"https:\/\/elyapimitablo.com\/en\/wp-json\/wp\/v2\/product_brand?post=410"},{"taxonomy":"product_cat","embeddable":true,"href":"https:\/\/elyapimitablo.com\/en\/wp-json\/wp\/v2\/product_cat?post=410"},{"taxonomy":"product_tag","embeddable":true,"href":"https:\/\/elyapimitablo.com\/en\/wp-json\/wp\/v2\/product_tag?post=410"}],"curies":[{"name":"wp","href":"https:\/\/api.w.org\/{rel}","templated":true}]}}