{"id":398,"date":"2021-11-06T20:18:20","date_gmt":"2021-11-06T20:18:20","guid":{"rendered":"https:\/\/elyapimitablo.com\/en\/?post_type=product&#038;p=398"},"modified":"2025-08-10T17:34:21","modified_gmt":"2025-08-10T14:34:21","slug":"charcoal-pencil-dra","status":"publish","type":"product","link":"https:\/\/elyapimitablo.com\/en\/product\/charcoal-pencil-dra\/","title":{"rendered":"Charcoal Pencil Hand Made"},"content":{"rendered":"<p>\u00d6zel g\u00fcnler i\u00e7in sevdiklerinize kara kalem portre \u00e7al\u0131\u015fmalar\u0131n\u0131 hediye edebilirsiniz.<\/p>\n<p>Hediye paketi ve teslimat s\u00fcresi i\u00e7in bilgi al\u0131n\u0131z.<\/p>\n<p>&nbsp;<\/p>\n<p>2000 tl ve \u00fczeri sipari\u015flerinizde \u00fccretsiz nakliye ve hediye paketi se\u00e7ene\u011fi.<\/p>\n<p>Ev ve ofis dekorasyonunda kullanabilece\u011finiz reprod\u00fcksiyon \u00f6zel tasar\u0131m tablolar i\u00e7in di\u011fer ilanlar\u0131m\u0131z\u0131 inceleyin. Ressam Zeliha Say\u0131l\u0131 K\u00fc\u00e7\u00fck imzal\u0131<\/p>\n<p>Ki\u015fiye \u00f6zel bir hediye deneyimi i\u00e7in\u00a0<a href=\"http:\/\/www.elyapimihediyeler.com\/\">http:\/\/www.elyapimihediyeler.com<\/a>\u00a0sitemizi incelemeyi unutmay\u0131n.<\/p>\n<p>&nbsp;<\/p>\n","protected":false},"excerpt":{"rendered":"<p>Painter Zeliha Say\u0131l\u0131 K\u00fc\u00e7\u00fck signed. Certified.<br \/>Large and larger sizes acceptable, please ask. ZSK Oil paintings are good at premium home and office decoration. Seamless,<br \/>Key Features<br \/>Zeliha Say\u0131l\u0131 K\u00fc\u00e7\u00fck signed, who is painter artist in Turkey.<br \/>Hand made.<\/p>\n<p>Shipping<br \/>Ask for gift notes and special texts on picture.<br \/>Free shipping with roll, %100 safe. After delivery contact your local frame maker for assembly. (Because of carry conditions can cause damage we only send rolled box if size is larger than 50 x 70 cm.)<br \/>Payment<br \/>Credit Card<br \/>Bitcoin \/ Litecoin (Ask for details)<br \/>Bank EFT (After EFT arrives, we start workin on paintings)<br \/>Are you need custom \/ reproduction oil paintings, please contact for information. Whatsapp: +90 533 457 9956<\/p>\n","protected":false},"featured_media":399,"template":"","meta":[],"product_brand":[],"product_cat":[48,22],"product_tag":[24],"class_list":{"0":"post-398","1":"product","2":"type-product","3":"status-publish","4":"has-post-thumbnail","6":"product_cat-charcoal-drawing","7":"product_cat-gift-ideas","8":"product_tag-hediye-fikirleri","10":"first","11":"instock","12":"shipping-taxable","13":"purchasable","14":"product-type-simple"},"_links":{"self":[{"href":"https:\/\/elyapimitablo.com\/en\/wp-json\/wp\/v2\/product\/398","targetHints":{"allow":["GET"]}}],"collection":[{"href":"https:\/\/elyapimitablo.com\/en\/wp-json\/wp\/v2\/product"}],"about":[{"href":"https:\/\/elyapimitablo.com\/en\/wp-json\/wp\/v2\/types\/product"}],"wp:featuredmedia":[{"embeddable":true,"href":"https:\/\/elyapimitablo.com\/en\/wp-json\/wp\/v2\/media\/399"}],"wp:attachment":[{"href":"https:\/\/elyapimitablo.com\/en\/wp-json\/wp\/v2\/media?parent=398"}],"wp:term":[{"taxonomy":"product_brand","embeddable":true,"href":"https:\/\/elyapimitablo.com\/en\/wp-json\/wp\/v2\/product_brand?post=398"},{"taxonomy":"product_cat","embeddable":true,"href":"https:\/\/elyapimitablo.com\/en\/wp-json\/wp\/v2\/product_cat?post=398"},{"taxonomy":"product_tag","embeddable":true,"href":"https:\/\/elyapimitablo.com\/en\/wp-json\/wp\/v2\/product_tag?post=398"}],"curies":[{"name":"wp","href":"https:\/\/api.w.org\/{rel}","templated":true}]}}