{"id":377,"date":"2021-11-06T20:18:17","date_gmt":"2021-11-06T20:18:17","guid":{"rendered":"https:\/\/elyapimitablo.com\/en\/?post_type=product&#038;p=377"},"modified":"2024-02-26T08:11:11","modified_gmt":"2024-02-26T08:11:11","slug":"zsk-seat-fight-oil-painting","status":"publish","type":"product","link":"https:\/\/elyapimitablo.com\/en\/product\/zsk-seat-fight-oil-painting\/","title":{"rendered":"ZSK | Seat Fight Oil painting"},"content":{"rendered":"<p>Painter Zeliha Say\u0131l\u0131 K\u00fc\u00e7\u00fck signed. Certified.<br \/>Large and larger sizes acceptable, please ask. ZSK Oil paintings are good at premium home and office decoration. Seamless,<br \/>Key Features<br \/>Zeliha Say\u0131l\u0131 K\u00fc\u00e7\u00fck signed, who is painter artist in Turkey.<br \/>Hand made.<br \/>1st class oil; VanGogh, Daler Rowney\u2026<br \/>Ultra durable min 5 years usage life and fine color guarantee.<br \/>Shipping<br \/>Ask for gift notes and special texts on picture.<br \/>Free shipping with roll, %100 safe. After delivery contact your local frame maker for assembly. (Because of carry conditions can cause damage we only send rolled box if size is larger than 50 x 70 cm.)<br \/>Payment<br \/>Credit Card<br \/>Bitcoin \/ Litecoin (Ask for details)<br \/>Bank EFT (After EFT arrives, we start workin on paintings)<br \/>Are you need custom \/ reproduction oil paintings, please contact for information. Whatsapp: +90 533 457 9956<\/p>\n","protected":false},"excerpt":{"rendered":"<p>Painter Zeliha Say\u0131l\u0131 K\u00fc\u00e7\u00fck signed. Certified.Large and larger sizes acceptable, please ask. ZSK Oil paintings are good at premium home and office decoration. Seamless,Key FeaturesZeliha Say\u0131l\u0131 K\u00fc\u00e7\u00fck signed, who is painter artist in Turkey.Hand made.1st class oil; VanGogh, Daler Rowney\u2026Ultra durable min 5 years usage life and fine color guarantee.ShippingAsk for gift notes and special [&hellip;]<\/p>\n","protected":false},"featured_media":378,"template":"","meta":[],"product_brand":[],"product_cat":[16,20,22,23],"product_tag":[24],"class_list":{"0":"post-377","1":"product","2":"type-product","3":"status-publish","4":"has-post-thumbnail","6":"product_cat-acrylic-paintings","7":"product_cat-all-oil-paintings","8":"product_cat-gift-ideas","9":"product_cat-oil-paintings","10":"product_tag-hediye-fikirleri","12":"first","13":"instock","14":"shipping-taxable","15":"purchasable","16":"product-type-simple"},"_links":{"self":[{"href":"https:\/\/elyapimitablo.com\/en\/wp-json\/wp\/v2\/product\/377","targetHints":{"allow":["GET"]}}],"collection":[{"href":"https:\/\/elyapimitablo.com\/en\/wp-json\/wp\/v2\/product"}],"about":[{"href":"https:\/\/elyapimitablo.com\/en\/wp-json\/wp\/v2\/types\/product"}],"wp:featuredmedia":[{"embeddable":true,"href":"https:\/\/elyapimitablo.com\/en\/wp-json\/wp\/v2\/media\/378"}],"wp:attachment":[{"href":"https:\/\/elyapimitablo.com\/en\/wp-json\/wp\/v2\/media?parent=377"}],"wp:term":[{"taxonomy":"product_brand","embeddable":true,"href":"https:\/\/elyapimitablo.com\/en\/wp-json\/wp\/v2\/product_brand?post=377"},{"taxonomy":"product_cat","embeddable":true,"href":"https:\/\/elyapimitablo.com\/en\/wp-json\/wp\/v2\/product_cat?post=377"},{"taxonomy":"product_tag","embeddable":true,"href":"https:\/\/elyapimitablo.com\/en\/wp-json\/wp\/v2\/product_tag?post=377"}],"curies":[{"name":"wp","href":"https:\/\/api.w.org\/{rel}","templated":true}]}}