{"id":830,"date":"2024-01-26T08:22:36","date_gmt":"2024-01-26T08:22:36","guid":{"rendered":"https:\/\/elyapimitablo.com\/en\/?page_id=830"},"modified":"2025-01-08T06:13:35","modified_gmt":"2025-01-08T03:13:35","slug":"about","status":"publish","type":"page","link":"https:\/\/elyapimitablo.com\/en\/about\/","title":{"rendered":"About"},"content":{"rendered":"\n<p>Zeliha Say\u0131l\u0131 K\u00fc\u00e7\u00fck is a teacher and mother of Ece. Also Zeliha Say\u0131l\u0131 K\u00fc\u00e7\u00fck has master graduate on Painting and Turkish Wall Arts.<\/p>\n\n\n\n<figure class=\"wp-block-image size-large\"><img loading=\"lazy\" decoding=\"async\" width=\"1024\" height=\"576\" src=\"https:\/\/elyapimitablo.com\/en\/wp-content\/uploads\/2024\/01\/slide2x-1024x576.jpeg\" alt=\"ZSK\" class=\"wp-image-800\" srcset=\"https:\/\/elyapimitablo.com\/en\/wp-content\/uploads\/2024\/01\/slide2x-1024x576.jpeg 1024w, https:\/\/elyapimitablo.com\/en\/wp-content\/uploads\/2024\/01\/slide2x-300x169.jpeg 300w, https:\/\/elyapimitablo.com\/en\/wp-content\/uploads\/2024\/01\/slide2x-768x432.jpeg 768w, https:\/\/elyapimitablo.com\/en\/wp-content\/uploads\/2024\/01\/slide2x-416x234.jpeg 416w, https:\/\/elyapimitablo.com\/en\/wp-content\/uploads\/2024\/01\/slide2x.jpeg 1328w\" sizes=\"auto, (max-width: 1024px) 100vw, 1024px\" \/><figcaption class=\"wp-element-caption\">ZSK<\/figcaption><\/figure>\n","protected":false},"excerpt":{"rendered":"<p>Zeliha Say\u0131l\u0131 K\u00fc\u00e7\u00fck is a teacher and mother of Ece. Also Zeliha Say\u0131l\u0131 K\u00fc\u00e7\u00fck has master graduate on Painting and Turkish Wall Arts.<\/p>\n","protected":false},"author":1,"featured_media":0,"parent":0,"menu_order":0,"comment_status":"closed","ping_status":"closed","template":"","meta":{"footnotes":""},"class_list":["post-830","page","type-page","status-publish","hentry"],"_links":{"self":[{"href":"https:\/\/elyapimitablo.com\/en\/wp-json\/wp\/v2\/pages\/830","targetHints":{"allow":["GET"]}}],"collection":[{"href":"https:\/\/elyapimitablo.com\/en\/wp-json\/wp\/v2\/pages"}],"about":[{"href":"https:\/\/elyapimitablo.com\/en\/wp-json\/wp\/v2\/types\/page"}],"author":[{"embeddable":true,"href":"https:\/\/elyapimitablo.com\/en\/wp-json\/wp\/v2\/users\/1"}],"replies":[{"embeddable":true,"href":"https:\/\/elyapimitablo.com\/en\/wp-json\/wp\/v2\/comments?post=830"}],"version-history":[{"count":3,"href":"https:\/\/elyapimitablo.com\/en\/wp-json\/wp\/v2\/pages\/830\/revisions"}],"predecessor-version":[{"id":918,"href":"https:\/\/elyapimitablo.com\/en\/wp-json\/wp\/v2\/pages\/830\/revisions\/918"}],"wp:attachment":[{"href":"https:\/\/elyapimitablo.com\/en\/wp-json\/wp\/v2\/media?parent=830"}],"curies":[{"name":"wp","href":"https:\/\/api.w.org\/{rel}","templated":true}]}}